{"id":504,"date":"2022-01-22T22:14:11","date_gmt":"2022-01-22T22:14:11","guid":{"rendered":"https:\/\/x-plod.ca\/?post_type=product&#038;p=504"},"modified":"2026-04-29T15:58:11","modified_gmt":"2026-04-29T15:58:11","slug":"batterie-lithium","status":"publish","type":"product","link":"https:\/\/x-plod.ca\/en\/product\/batterie-lithium\/","title":{"rendered":"Lithium battery"},"content":{"rendered":"<h3><span style=\"color: #a50021;\"><strong>Batteries<\/strong><\/span><\/h3>\n<p>La batterie lithium con\u00e7ue pour remplacer facilement la batterie au plomb dans vos voiturettes de golf. La batterie Roypow est une batterie lithium-ion avanc\u00e9e avec syst\u00e8me de batterie int\u00e9gr\u00e9, qui peut prot\u00e9ger votre flotte contre les surchauffes, les courts-circuits, les surtensions, etc., de sorte qu&rsquo;elle peut efficacement \u00e9viter les risques de s\u00e9curit\u00e9 potentiels pour prolonger sa dur\u00e9e de vie et optimiser ses performances. En les batteries lithium Roypow la dur\u00e9e de vie de la batterie de 10 ans et la garantie de 5 ans vous apportent la tranquillit\u00e9 d&rsquo;esprit. Pas de remplissage d&rsquo;eau, pas de serrage de borne et de nettoyage des d\u00e9p\u00f4ts d&rsquo;acide, et vous n&rsquo;avez plus \u00e0 payer de frais de personnel pour le remplissage d&rsquo;eau.<\/p>\n<p>&nbsp;<\/p>\n<p>Dans certains cas, l&rsquo;achat suppl\u00e9mentaire d&rsquo;un support (bracket) pour l&rsquo;installation de la batterie pourrait \u00eatre n\u00e9cessaire.<\/p>\n<blockquote class=\"wp-embedded-content\" data-secret=\"LD1wnX08af\"><p><a href=\"https:\/\/x-plod.ca\/en\/product\/support-pour-installation-de-batterie\/\">Support pour installation de batterie<\/a><\/p><\/blockquote>\n<p><iframe loading=\"lazy\" class=\"wp-embedded-content\" sandbox=\"allow-scripts\" security=\"restricted\" style=\"position: absolute; visibility: hidden;\" title=\"&laquo; Support pour installation de batterie &raquo; &#8212; X-PLOD\" src=\"https:\/\/x-plod.ca\/produit\/support-pour-installation-de-batterie\/embed\/#?secret=JUPsnay9Tm#?secret=LD1wnX08af\" data-secret=\"LD1wnX08af\" width=\"600\" height=\"338\" frameborder=\"0\" marginwidth=\"0\" marginheight=\"0\" scrolling=\"no\"><\/iframe><\/p>\n<p>Pour toute l\u2019information et les avantages des batteries lithium Roypow visiter le www.oliem.ca<\/p>","protected":false},"excerpt":{"rendered":"<p>Batteries La batterie lithium con\u00e7ue pour remplacer facilement la batterie au plomb dans vos voiturettes de golf. La batterie Roypow est une batterie lithium-ion avanc\u00e9e avec syst\u00e8me de batterie int\u00e9gr\u00e9, qui peut prot\u00e9ger votre flotte contre les surchauffes, les courts-circuits, les surtensions, etc., de sorte qu&rsquo;elle peut efficacement \u00e9viter les risques de s\u00e9curit\u00e9 potentiels pour [&hellip;]<\/p>","protected":false},"featured_media":101977,"comment_status":"open","ping_status":"closed","template":"","meta":{"_et_pb_use_builder":"","_et_pb_old_content":"","_et_gb_content_width":""},"product_brand":[83],"product_cat":[19],"product_tag":[87,88],"class_list":{"0":"post-504","1":"product","2":"type-product","3":"status-publish","4":"has-post-thumbnail","6":"product_brand-roypow","7":"product_cat-batterie-voiturette-electrique","8":"product_tag-batterie","9":"product_tag-lithium","10":"product_shipping_class-batterie","11":"tm-no-options","13":"first","14":"instock","15":"sale","16":"taxable","17":"shipping-taxable","18":"purchasable","19":"product-type-variable"},"_links":{"self":[{"href":"https:\/\/x-plod.ca\/en\/wp-json\/wp\/v2\/product\/504","targetHints":{"allow":["GET"]}}],"collection":[{"href":"https:\/\/x-plod.ca\/en\/wp-json\/wp\/v2\/product"}],"about":[{"href":"https:\/\/x-plod.ca\/en\/wp-json\/wp\/v2\/types\/product"}],"replies":[{"embeddable":true,"href":"https:\/\/x-plod.ca\/en\/wp-json\/wp\/v2\/comments?post=504"}],"wp:featuredmedia":[{"embeddable":true,"href":"https:\/\/x-plod.ca\/en\/wp-json\/wp\/v2\/media\/101977"}],"wp:attachment":[{"href":"https:\/\/x-plod.ca\/en\/wp-json\/wp\/v2\/media?parent=504"}],"wp:term":[{"taxonomy":"product_brand","embeddable":true,"href":"https:\/\/x-plod.ca\/en\/wp-json\/wp\/v2\/product_brand?post=504"},{"taxonomy":"product_cat","embeddable":true,"href":"https:\/\/x-plod.ca\/en\/wp-json\/wp\/v2\/product_cat?post=504"},{"taxonomy":"product_tag","embeddable":true,"href":"https:\/\/x-plod.ca\/en\/wp-json\/wp\/v2\/product_tag?post=504"}],"curies":[{"name":"wp","href":"https:\/\/api.w.org\/{rel}","templated":true}]}}