{"id":2693,"date":"2024-07-20T21:47:27","date_gmt":"2024-07-20T21:47:27","guid":{"rendered":"https:\/\/x-plod.ca\/?post_type=product&#038;p=2693"},"modified":"2026-04-29T15:28:06","modified_gmt":"2026-04-29T15:28:06","slug":"mavrick22","status":"publish","type":"product","link":"https:\/\/x-plod.ca\/en\/product\/mavrick22\/","title":{"rendered":"Mavrick 22 2026"},"content":{"rendered":"<h3><strong><span style=\"color: #a50021;\">Mavrick 22 2026<\/span><\/strong><\/h3>\n<p><strong>Collection EVO<\/strong> Discover the model <strong>Mavrick 22<\/strong>designed to revolutionize your off-road adventures with cutting-edge features and unmatched performance<\/p>\n<hr \/>\n<p><a class=\"button\" href=\"https:\/\/x-plod.ca\/wp-content\/uploads\/2026\/02\/Catalogue-EVO-2026.pdf\" target=\"_blank\" rel=\"noopener\">Consulter le Catalogue de la collection EVO<\/a><\/p>\n<p><span style=\"color: #a50021;\"><strong><u>Main Features<\/u><\/strong><\/span><\/p>\n<ul>\n<li><strong>Disc brakes on all four wheels<\/strong> : Ensure optimal safety with powerful and responsive brakes<\/li>\n<li><strong>9-inch multifunction touchscreen<\/strong> : Enjoy an intuitive experience with a touchscreen displaying speed, gear engaged, lighting controls, and an odometer. Dive into entertainment with radio and music, connect via Bluetooth, Apple CarPlay, or Android Auto, and make maneuvering easier with the rearview camera display.<\/li>\n<li><strong>Radial tires<\/strong> : Combine style and function with our 14-inch alloy wheels. Their flat tread preserves greens, while the fine sipes efficiently disperse water, ensuring impeccable traction, precise turns, and reliable braking. Their 4-ply construction and low profile make them not only lightweight but also more compact than typical all-terrain tires.<\/li>\n<li><strong>LED lighting<\/strong> : High-performance, durable lighting for all your outings. Our personal transport vehicles are equipped with LED headlights, high beams, low beams, daytime running lights, turn signals, and brake lights for brighter and safer driving. Our lights are more powerful while consuming less battery, offering a field of vision 2 to 3 times wider than our competitors, allowing you to enjoy your ride worry-free, even after sunset.<\/li>\n<li><strong>Standard seat belts<\/strong> : Comfort and safety with three-point seat belts for all seats.<\/li>\n<li><strong>Premium luxury seats<\/strong> : Enhance your comfort with our two-tone luxury seats, featuring foldable armrests, cup holders, storage pockets, USB charging ports, and more.<\/li>\n<li><strong>Batterie lithium 48V 105Ah<\/strong> : Sustainable power for extended range.<\/li>\n<li><strong>Electric parking brake<\/strong> : Easily secure your vehicle.<\/li>\n<li><strong>Back up Camera<\/strong> : Make maneuvering easier and avoid obstacles with a clear rear view.<\/li>\n<li><strong>14-inch wheels<\/strong> : Durable wheels for enhanced stability on all terrains.<\/li>\n<li><strong>25A built-in charger<\/strong> : Easy and convenient charging.<\/li>\n<li><strong>Rear trunk<\/strong> Rear storage compartment comes standard on all Mavrick models, with an optional golf bag holder to customize your Mavrick to your personal needs. The glove boxes and rear storage compartment use common keys for all locks.<\/li>\n<li><strong>Adjustable steering column<\/strong> : Specifically designed to make driving easier, allowing the driver to better control their driving view, the distance from the steering wheel, and the grip. It tilts up and down to provide the most comfortable driving position for the driver.<\/li>\n<li><strong>Soundbar with front and rear speakers<\/strong> : In addition to the compact soundbar that can connect wirelessly via the screen, enjoy front and rear speakers delivering exceptional sound quality for a fully immersive experience.<\/li>\n<li><strong>All-weather canopy option<\/strong> : Enhance your comfort with our optional all-weather canopy, designed to protect you from the elements, whether intense sun, rain, or strong winds. Beyond personal comfort, this protective layer extends the life of your interior equipment by shielding it from outdoor wear, thereby reducing maintenance costs.<\/li>\n<\/ul>\n<p>The <strong>Mavrick 22<\/strong> is the perfect companion for all your off-road adventures, combining cutting-edge technology, safety, and comfort. Get ready to redefine your adventures with X-Plod.<\/p>\n<hr \/>\n<p>&nbsp;<\/p>\n<p style=\"text-align: center;\"><img loading=\"lazy\" decoding=\"async\" class=\"wp-image-100312 aligncenter\" src=\"https:\/\/x-plod.ca\/wp-content\/uploads\/2025\/01\/assm-qc-fiche.jpg\" alt=\"\" width=\"148\" height=\"66\" srcset=\"https:\/\/x-plod.ca\/wp-content\/uploads\/2025\/01\/assm-qc-fiche.jpg 300w, https:\/\/x-plod.ca\/wp-content\/uploads\/2025\/01\/assm-qc-fiche-18x8.jpg 18w\" sizes=\"(max-width: 148px) 100vw, 148px\" \/> <a href=\"https:\/\/www.youtube.com\/watch?v=nURwR-pk1Zk\"><img loading=\"lazy\" decoding=\"async\" class=\"size-medium wp-image-100310 aligncenter\" src=\"https:\/\/x-plod.ca\/wp-content\/uploads\/2025\/01\/yt-xplod-fiche-300x56.png\" alt=\"\" width=\"300\" height=\"56\" srcset=\"https:\/\/x-plod.ca\/wp-content\/uploads\/2025\/01\/yt-xplod-fiche-300x56.png 300w, https:\/\/x-plod.ca\/wp-content\/uploads\/2025\/01\/yt-xplod-fiche-18x3.png 18w, https:\/\/x-plod.ca\/wp-content\/uploads\/2025\/01\/yt-xplod-fiche.png 354w\" sizes=\"(max-width: 300px) 100vw, 300px\" \/><\/a><\/p>\n<p style=\"text-align: center;\"><span style=\"color: #808080;\"><em>Prices subject to delivery and preparation fees depending on the dealer<\/em><\/span><\/p>","protected":false},"excerpt":{"rendered":"<p>Mavrick 22 2026 Collection EVO D\u00e9couvrez le mod\u00e8le Mavrick 22, con\u00e7u pour r\u00e9volutionner vos aventures tout-terrain avec des fonctionnalit\u00e9s de pointe et une performance in\u00e9gal\u00e9e. Consulter le Catalogue de la collection EVO Caract\u00e9ristiques Principales Freins \u00e0 disque sur les 4 roues : Assurez une s\u00e9curit\u00e9 optimale avec des freins puissants et r\u00e9actifs. \u00c9cran tactile multifonction [&hellip;]<\/p>","protected":false},"featured_media":101631,"comment_status":"open","ping_status":"closed","template":"","meta":{"_et_pb_use_builder":"off","_et_pb_old_content":"<h3><img class=\"alignnone wp-image-100311\" src=\"https:\/\/x-plod.ca\/wp-content\/uploads\/2025\/01\/X-Plod-logo-fiche-300x76.png\" alt=\"\" width=\"185\" height=\"47\" \/><\/h3>\r\n\u00a0\r\n<h3><strong><span style=\"color: #a50021\">Mavrick 22 2026<\/span><\/strong><\/h3>\r\n<strong>Collection EVO<\/strong><strong>\r\n<\/strong>\r\n\r\nD\u00e9couvrez le mod\u00e8le <strong>Mavrick 22<\/strong>, con\u00e7u pour r\u00e9volutionner vos aventures tout-terrain avec des fonctionnalit\u00e9s de pointe et une performance in\u00e9gal\u00e9e.\r\n\r\n<hr \/>\r\n\r\n<a class=\"button\" href=\"https:\/\/x-plod.ca\/wp-content\/uploads\/2024\/07\/catalogue_EVO_digital.pdf\" target=\"_blank\" rel=\"noopener\">Consulter le Catalogue de la collection EVO<\/a>\r\n<span style=\"color: #a50021\"><strong><u>Caract\u00e9ristiques Principales<\/u><\/strong><\/span>\r\n<ul>\r\n \t<li><strong>Freins \u00e0 disque sur les 4 roues<\/strong> : Assurez une s\u00e9curit\u00e9 optimale avec des freins puissants et r\u00e9actifs.<\/li>\r\n \t<li><strong>\u00c9cran tactile multifonction de 9\u201d<\/strong> : Profitez d\u2019une exp\u00e9rience intuitive avec un \u00e9cran tactile affichant la vitesse, la vitesse engag\u00e9e, les commandes d\u2019\u00e9clairage et un odom\u00e8tre. Plongez dans le divertissement avec la radio et la musique, connectez-vous via Bluetooth, Apple CarPlay ou Android Auto, et facilitez vos man\u0153uvres gr\u00e2ce \u00e0 l\u2019affichage de la cam\u00e9ra de recul.<\/li>\r\n \t<li><strong>Pneus radiaux<\/strong> : Alliez forme et fonction avec nos roues en alliage de 14 pouces. Leurs bandes de roulement plates pr\u00e9servent les greens, tandis que les lamelles fines dispersent efficacement l\u2019eau, assurant une traction impeccable, des virages pr\u00e9cis et un freinage fiable. Leur construction \u00e0 4 plis et leur profil bas les rendent non seulement l\u00e9gers mais aussi plus compacts que les pneus tout-terrain typiques.<\/li>\r\n \t<li><strong>\u00c9clairage LED<\/strong> : \u00c9clairage performant et durable pour toutes vos sorties. Nos v\u00e9hicules de transport personnel sont \u00e9quip\u00e9s de phares LED, feux de route, feux de croisement, feux de jour, clignotants et feux de freinage pour une conduite plus lumineuse et s\u00fbre. Nos lumi\u00e8res sont plus puissantes avec une consommation de batterie r\u00e9duite, offrant un champ de vision 2 \u00e0 3 fois plus large que celui de nos concurrents, vous permettant de profiter de votre trajet sans souci, m\u00eame apr\u00e8s le coucher du soleil.<\/li>\r\n \t<li><strong>Ceintures de s\u00e9curit\u00e9 standard<\/strong> : Confort et s\u00e9curit\u00e9 avec des ceintures de s\u00e9curit\u00e9 \u00e0 trois points pour tous les si\u00e8ges.<\/li>\r\n \t<li><strong>Si\u00e8ges de luxe haut de gamme<\/strong> : Am\u00e9liorez votre confort avec nos si\u00e8ges de luxe deux tons, avec accoudoirs repliables, porte-gobelets, poche de rangement, ports de chargement USB, etc.<\/li>\r\n \t<li><strong>Batterie lithium 48V 110Ah<\/strong> : Une \u00e9nergie durable pour une autonomie prolong\u00e9e.<\/li>\r\n \t<li><strong>Frein de parking \u00e9lectrique<\/strong> : S\u00e9curisez votre v\u00e9hicule en toute simplicit\u00e9.<\/li>\r\n \t<li><strong>Cam\u00e9ra de recul<\/strong> : Facilitez vos man\u0153uvres et \u00e9vitez les obstacles avec une vision claire de l\u2019arri\u00e8re.<\/li>\r\n \t<li><strong>Roues de 14 pouces<\/strong> : Roues robustes pour une stabilit\u00e9 accrue sur tous les terrains.<\/li>\r\n \t<li><strong>Chargeur int\u00e9gr\u00e9 de 25A<\/strong> : Recharge facile et pratique.<\/li>\r\n \t<li><strong>Coffre arri\u00e8re<\/strong> : Compartiment de rangement arri\u00e8re configur\u00e9 en standard pour tous les mod\u00e8les Mavrick, avec porte-golf en option pour convertir votre Mavrick selon vos besoins personnels. Les bo\u00eetes \u00e0 gants et le compartiment de rangement arri\u00e8re utilisent des cl\u00e9s communes pour tous les verrous.<\/li>\r\n \t<li><strong>Colonne de direction ajustable<\/strong> : Con\u00e7ue sp\u00e9cialement pour faciliter la conduite et permettre au conducteur de mieux contr\u00f4ler la vue de conduite, la distance entre le volant et le conducteur, ainsi que la prise en main du volant. Elle fonctionne en s\u2019inclinant vers le haut et vers le bas, selon ce qui rend la conduite plus facile pour le conducteur.<\/li>\r\n \t<li><strong>Barre de son et haut-parleurs avant et arri\u00e8re<\/strong> : En plus de la barre de son compacte pouvant se connecter sans fil via l\u2019\u00e9cran, profitez de haut-parleurs avant et arri\u00e8re offrant une qualit\u00e9 sonore exceptionnelle pour une immersion totale.<\/li>\r\n \t<li><strong>Option d\u2019abri tout temps<\/strong> : Am\u00e9liorez votre confort avec notre abri tout temps optionnel, con\u00e7u pour vous prot\u00e9ger des al\u00e9as de la nature, que ce soit le soleil intense, la pluie ou les vents violents. Au-del\u00e0 du confort personnel, cette couche protectrice prolonge la dur\u00e9e de vie de votre \u00e9quipement int\u00e9rieur en le prot\u00e9geant de l\u2019usure ext\u00e9rieure, r\u00e9duisant ainsi les d\u00e9penses de maintenance.<\/li>\r\n<\/ul>\r\n\u00a0\r\n\r\nLe mod\u00e8le <strong>Mavrick 22<\/strong> est l\u2019alli\u00e9 parfait pour toutes vos escapades tout-terrain, combinant technologie de pointe, s\u00e9curit\u00e9 et confort. Pr\u00e9parez-vous \u00e0 red\u00e9finir vos aventures avec X-Plod.\r\n\r\n<hr \/>\r\n\r\n\u00a0\r\n<p style=\"text-align: center\"><img class=\" wp-image-100312 aligncenter\" src=\"https:\/\/x-plod.ca\/wp-content\/uploads\/2025\/01\/assm-qc-fiche.jpg\" alt=\"\" width=\"148\" height=\"66\" \/> <a href=\"https:\/\/www.youtube.com\/watch?v=nURwR-pk1Zk\"><img class=\"size-medium wp-image-100310 aligncenter\" src=\"https:\/\/x-plod.ca\/wp-content\/uploads\/2025\/01\/yt-xplod-fiche-300x56.png\" alt=\"\" width=\"300\" height=\"56\" \/><\/a><\/p>\r\n<p style=\"text-align: center\"><span style=\"color: #808080\"><em>Prix assujettis \u00e0 des frais de livraison et de pr\u00e9paration selon le concessionnaire<\/em><\/span><\/p>","_et_gb_content_width":""},"product_brand":[82],"product_cat":[98,51,44],"product_tag":[108,118,71,105],"class_list":{"0":"post-2693","1":"product","2":"type-product","3":"status-publish","4":"has-post-thumbnail","6":"product_brand-x-plod","7":"product_cat-voiturette","8":"product_cat-collection-evo","9":"product_cat-voiturette-4-passagers","10":"product_tag-evo","11":"product_tag-mavrick","12":"product_tag-voiturette-4p","13":"product_tag-x-plod","14":"product_shipping_class-voiturette","15":"tm-has-options","17":"first","18":"instock","19":"featured","20":"taxable","21":"shipping-taxable","22":"purchasable","23":"product-type-simple"},"_links":{"self":[{"href":"https:\/\/x-plod.ca\/en\/wp-json\/wp\/v2\/product\/2693","targetHints":{"allow":["GET"]}}],"collection":[{"href":"https:\/\/x-plod.ca\/en\/wp-json\/wp\/v2\/product"}],"about":[{"href":"https:\/\/x-plod.ca\/en\/wp-json\/wp\/v2\/types\/product"}],"replies":[{"embeddable":true,"href":"https:\/\/x-plod.ca\/en\/wp-json\/wp\/v2\/comments?post=2693"}],"wp:featuredmedia":[{"embeddable":true,"href":"https:\/\/x-plod.ca\/en\/wp-json\/wp\/v2\/media\/101631"}],"wp:attachment":[{"href":"https:\/\/x-plod.ca\/en\/wp-json\/wp\/v2\/media?parent=2693"}],"wp:term":[{"taxonomy":"product_brand","embeddable":true,"href":"https:\/\/x-plod.ca\/en\/wp-json\/wp\/v2\/product_brand?post=2693"},{"taxonomy":"product_cat","embeddable":true,"href":"https:\/\/x-plod.ca\/en\/wp-json\/wp\/v2\/product_cat?post=2693"},{"taxonomy":"product_tag","embeddable":true,"href":"https:\/\/x-plod.ca\/en\/wp-json\/wp\/v2\/product_tag?post=2693"}],"curies":[{"name":"wp","href":"https:\/\/api.w.org\/{rel}","templated":true}]}}