{"id":2268,"date":"2024-02-05T15:27:36","date_gmt":"2024-02-05T19:27:36","guid":{"rendered":"https:\/\/x-plod.ca\/produit\/serie-modeles-kandy-furtif-22-2024\/"},"modified":"2026-04-29T15:28:06","modified_gmt":"2026-04-29T15:28:06","slug":"furtif22","status":"publish","type":"product","link":"https:\/\/x-plod.ca\/en\/product\/furtif22\/","title":{"rendered":"Furtif 22 2026"},"content":{"rendered":"<p>[et_pb_section fb_built=\u00a0\u00bb1&Prime; _builder_version=\u00a0\u00bb4.16&Prime; custom_padding=\u00a0\u00bb0px||||false|false\u00a0\u00bb global_colors_info=\u00a0\u00bb{}\u00a0\u00bb][et_pb_row _builder_version=\u00a0\u00bb4.16&Prime; background_size=\u00a0\u00bbinitial\u00a0\u00bb background_position=\u00a0\u00bbtop_left\u00a0\u00bb background_repeat=\u00a0\u00bbrepeat\u00a0\u00bb width=\u00a0\u00bb100%\u00a0\u00bb custom_padding=\u00a0\u00bb0px||0px||false|false\u00a0\u00bb global_colors_info=\u00a0\u00bb{}\u00a0\u00bb][et_pb_column type=\u00a0\u00bb4_4&Prime; _builder_version=\u00a0\u00bb4.16&Prime; custom_padding=\u00a0\u00bb|||\u00a0\u00bb global_colors_info=\u00a0\u00bb{}\u00a0\u00bb custom_padding__hover=\u00a0\u00bb|||\u00a0\u00bb][et_pb_wc_breadcrumb _builder_version=\u00a0\u00bb4.16&Prime; global_colors_info=\u00a0\u00bb{}\u00a0\u00bb][\/et_pb_wc_breadcrumb][et_pb_wc_cart_notice _builder_version=\u00a0\u00bb4.16&Prime; global_colors_info=\u00a0\u00bb{}\u00a0\u00bb][\/et_pb_wc_cart_notice][\/et_pb_column][\/et_pb_row][et_pb_row column_structure=\u00a0\u00bb1_2,1_2&Prime; _builder_version=\u00a0\u00bb4.16&Prime; background_size=\u00a0\u00bbinitial\u00a0\u00bb background_position=\u00a0\u00bbtop_left\u00a0\u00bb background_repeat=\u00a0\u00bbrepeat\u00a0\u00bb width=\u00a0\u00bb100%\u00a0\u00bb custom_padding=\u00a0\u00bb0px||||false|false\u00a0\u00bb global_colors_info=\u00a0\u00bb{}\u00a0\u00bb][et_pb_column type=\u00a0\u00bb1_2&Prime; _builder_version=\u00a0\u00bb4.16&Prime; custom_padding=\u00a0\u00bb|||\u00a0\u00bb global_colors_info=\u00a0\u00bb{}\u00a0\u00bb custom_padding__hover=\u00a0\u00bb|||\u00a0\u00bb][et_pb_wc_images _builder_version=\u00a0\u00bb4.16&Prime; global_colors_info=\u00a0\u00bb{}\u00a0\u00bb][\/et_pb_wc_images][\/et_pb_column][et_pb_column type=\u00a0\u00bb1_2&Prime; _builder_version=\u00a0\u00bb4.16&Prime; custom_padding=\u00a0\u00bb|||\u00a0\u00bb global_colors_info=\u00a0\u00bb{}\u00a0\u00bb custom_padding__hover=\u00a0\u00bb|||\u00a0\u00bb][et_pb_wc_title admin_label=\u00a0\u00bbWoo Product Title\u00a0\u00bb _builder_version=\u00a0\u00bb4.27.4&Prime; global_colors_info=\u00a0\u00bb{}\u00a0\u00bb][\/et_pb_wc_title][et_pb_wc_rating _builder_version=\u00a0\u00bb4.16&Prime; global_colors_info=\u00a0\u00bb{}\u00a0\u00bb][\/et_pb_wc_rating][et_pb_wc_price _builder_version=\u00a0\u00bb4.16&Prime; global_colors_info=\u00a0\u00bb{}\u00a0\u00bb][\/et_pb_wc_price][et_pb_wc_description _builder_version=\u00a0\u00bb4.16&Prime; global_colors_info=\u00a0\u00bb{}\u00a0\u00bb][\/et_pb_wc_description][et_pb_wc_add_to_cart _builder_version=\u00a0\u00bb4.16&Prime; global_colors_info=\u00a0\u00bb{}\u00a0\u00bb][\/et_pb_wc_add_to_cart][et_pb_wc_meta _builder_version=\u00a0\u00bb4.16&Prime; global_colors_info=\u00a0\u00bb{}\u00a0\u00bb][\/et_pb_wc_meta][\/et_pb_column][\/et_pb_row][et_pb_row _builder_version=\u00a0\u00bb4.16&Prime; background_size=\u00a0\u00bbinitial\u00a0\u00bb background_position=\u00a0\u00bbtop_left\u00a0\u00bb background_repeat=\u00a0\u00bbrepeat\u00a0\u00bb width=\u00a0\u00bb100%\u00a0\u00bb global_colors_info=\u00a0\u00bb{}\u00a0\u00bb][et_pb_column type=\u00a0\u00bb4_4&Prime; _builder_version=\u00a0\u00bb4.16&Prime; custom_padding=\u00a0\u00bb|||\u00a0\u00bb global_colors_info=\u00a0\u00bb{}\u00a0\u00bb custom_padding__hover=\u00a0\u00bb|||\u00a0\u00bb][et_pb_wc_tabs _builder_version=\u00a0\u00bb4.16&Prime; global_colors_info=\u00a0\u00bb{}\u00a0\u00bb]\t\t\t\t\t[\/et_pb_wc_tabs][et_pb_wc_upsells _builder_version=\u00a0\u00bb4.16&Prime; global_colors_info=\u00a0\u00bb{}\u00a0\u00bb][\/et_pb_wc_upsells][et_pb_wc_related_products _builder_version=\u00a0\u00bb4.16&Prime; global_colors_info=\u00a0\u00bb{}\u00a0\u00bb][\/et_pb_wc_related_products][\/et_pb_column][\/et_pb_row][\/et_pb_section]<\/p>","protected":false},"excerpt":{"rendered":"","protected":false},"featured_media":101691,"comment_status":"open","ping_status":"closed","template":"","meta":{"_et_pb_use_builder":"on","_et_pb_old_content":"<h3><\/h3>\r\n<h3><strong><span style=\"color: #a50021\">Furtif 22 2026<\/span><\/strong><\/h3>\r\n<strong>Collection KANDY<\/strong>\r\n\r\nNous sommes fiers de pr\u00e9senter notre mod\u00e8le <strong>Furtif 22<\/strong>, plus \u00e9quip\u00e9 que jamais pour r\u00e9pondre \u00e0 tous vos besoins en mati\u00e8re de mobilit\u00e9.\r\n\r\n<hr \/>\r\n\r\n&nbsp;\r\n\r\n<span style=\"color: #a50021\"><strong><u>Caract\u00e9ristiques Principales<\/u><\/strong><\/span>\r\n<ul>\r\n \t<li><strong>D\u00e9marrage sans cl\u00e9<\/strong> <em>(en option)<\/em> : B\u00e9n\u00e9ficiez de la commodit\u00e9 et de la s\u00e9curit\u00e9 d\u2019un syst\u00e8me de d\u00e9marrage sans cl\u00e9.<\/li>\r\n \t<li><strong>Rangement int\u00e9gr\u00e9 utilisable comme glaci\u00e8re<\/strong> : Profitez d\u2019un espace pratique pour garder vos affaires au frais. Une glaci\u00e8re lat\u00e9rale est \u00e9galement disponible <em>(en option)<\/em>.<\/li>\r\n \t<li><strong>Panier avant spacieux<\/strong> : Id\u00e9al pour transporter toutes vos affaires en toute simplicit\u00e9.<\/li>\r\n \t<li><strong>Batterie lithium de classe mondiale<\/strong> : Alimentez votre v\u00e9hicule avec une batterie lithium haut de gamme pour une autonomie exceptionnelle et une recharge rapide. Choisissez parmi les grandes marques telles que Trojan et Roypow pour des performances optimales.<\/li>\r\n \t<li><strong>Connectivit\u00e9 USB et Type-C<\/strong> : Chargez rapidement vos appareils et profitez de l\u2019entr\u00e9e audio USB + AUX pour \u00e9couter votre musique pr\u00e9f\u00e9r\u00e9e.<\/li>\r\n \t<li><strong>Rev\u00eatement de sol en alliage d\u2019aluminium<\/strong> : R\u00e9sistant \u00e0 la corrosion et aux effets du vieillissement, ce rev\u00eatement de sol de premi\u00e8re qualit\u00e9 garantit durabilit\u00e9 et esth\u00e9tisme.<\/li>\r\n \t<li><strong>\u00c9cran de 7 pouces<\/strong> : Interface conviviale pour contr\u00f4ler votre v\u00e9hicule et acc\u00e9der aux informations essentielles.<\/li>\r\n \t<li><strong>Marche-pied int\u00e9gr\u00e9<\/strong> <em>(en option)<\/em> : Facilite l\u2019acc\u00e8s et la sortie de votre v\u00e9hicule pour un confort accru.<\/li>\r\n \t<li><strong>Garantie de base de 2 ans et jusqu\u2019\u00e0 6 ans de garantie compl\u00e8te<\/strong> : Prot\u00e9gez votre investissement avec une garantie \u00e9tendue.<\/li>\r\n \t<li><strong>Apple CarPlay inclus<\/strong><\/li>\r\n \t<li><strong>Si\u00e8ges en cuir de couleurs vari\u00e9es<\/strong><\/li>\r\n \t<li><strong>R\u00e9troviseurs ext\u00e9rieurs pliables et r\u00e9glables manuellement<\/strong><\/li>\r\n \t<li><strong>Pneus routiers certifi\u00e9s DOT<\/strong><\/li>\r\n \t<li><strong>Ch\u00e2ssis en t\u00f4le d\u2019acier haute r\u00e9sistance<\/strong><\/li>\r\n \t<li><strong>Suspension avant ind\u00e9pendante \u00e0 double bras oscillant<\/strong><\/li>\r\n \t<li><strong>Syst\u00e8me de frein hydraulique \u00e0 quatre roues et frein de stationnement \u00e9lectronique<\/strong><\/li>\r\n \t<li><strong>Syst\u00e8me de direction bidirectionnel avec compensation automatique du jeu<\/strong><\/li>\r\n \t<li><strong>Chargeur intelligent 48V \/ 20AH, temps de charge &lt; 8 heures (80 % de d\u00e9charge)<\/strong><\/li>\r\n \t<li><strong>Tableau de bord en plastique moul\u00e9 avec multiples options de connexion<\/strong><\/li>\r\n<\/ul>\r\n&nbsp;\r\n\r\n<span style=\"color: #a50021\"><strong><u>Performances et Dimensions<\/u><\/strong><\/span>\r\n<ul>\r\n \t<li><strong>Moteur AC haute efficacit\u00e9 de 5 kW<\/strong><\/li>\r\n \t<li><strong>Contr\u00f4leur 6661-48C350 48V \/ 350AH avec communication CAN<\/strong><\/li>\r\n \t<li><strong>Batterie acide ou Lithium LifePO4 garantie 5 ans<\/strong><\/li>\r\n \t<li><strong>Cadre en tube carr\u00e9 poli noir avec toit long<\/strong><\/li>\r\n \t<li><strong>Pare-brise en verre pivotant certifi\u00e9 DOT<\/strong><\/li>\r\n \t<li><strong>Vitesse maximale<\/strong> : 40 km\/h<\/li>\r\n \t<li><strong>Autonomie<\/strong> : 60-125 km<\/li>\r\n \t<li><strong>Capacit\u00e9 de mont\u00e9e (charg\u00e9e)<\/strong> : 25 %<\/li>\r\n \t<li><strong>Distance de freinage<\/strong> : \u2264 3,5 m\u00e8tres<\/li>\r\n \t<li><strong>Rayon de braquage minimum<\/strong> : 3,2 m\u00e8tres<\/li>\r\n \t<li><strong>Temps de recharge<\/strong> : 2 \u00e0 8 heures<\/li>\r\n \t<li><strong>Dimensions (L\u00d7l\u00d7H)<\/strong> : 3695 \u00d7 1340 \u00d7 2130 mm (version sur\u00e9lev\u00e9e)<\/li>\r\n \t<li><strong>Voies avant\/arri\u00e8res<\/strong> : 1005 \/ 1075 mm<\/li>\r\n \t<li><strong>Empattement<\/strong> : 2436 mm<\/li>\r\n \t<li><strong>Poids \u00e0 vide<\/strong> : 600 kg<\/li>\r\n<\/ul>\r\n&nbsp;\r\n\r\nLe <strong>Furtif 22<\/strong> est con\u00e7u pour offrir une exp\u00e9rience de conduite exceptionnelle, alliant confort, performance et style.\r\n\r\n<hr \/>\r\n\r\n&nbsp;\r\n\r\n<img class=\" wp-image-100312 aligncenter\" src=\"https:\/\/x-plod.ca\/wp-content\/uploads\/2025\/01\/assm-qc-fiche.jpg\" alt=\"\" width=\"148\" height=\"66\" \/>\r\n\r\n<a href=\"https:\/\/www.youtube.com\/watch?v=_1KhUnWJJGk\"><img class=\"size-medium wp-image-100310 aligncenter\" src=\"https:\/\/x-plod.ca\/wp-content\/uploads\/2025\/01\/yt-xplod-fiche-300x56.png\" alt=\"\" width=\"300\" height=\"56\" \/><\/a>\r\n<p style=\"text-align: center\"><span style=\"color: #808080\"><em>Prix assujettis \u00e0 des frais de livraison et de pr\u00e9paration selon le concessionnaire<\/em><\/span><\/p>","_et_gb_content_width":""},"product_brand":[82],"product_cat":[46,44],"product_tag":[106,116,71,105],"class_list":{"0":"post-2268","1":"product","2":"type-product","3":"status-publish","4":"has-post-thumbnail","6":"product_brand-x-plod","7":"product_cat-collection-kandy","8":"product_cat-voiturette-4-passagers","9":"product_tag-kandy","10":"product_tag-shadow","11":"product_tag-voiturette-4p","12":"product_tag-x-plod","13":"product_shipping_class-voiturette","14":"tm-has-options","16":"first","17":"instock","18":"taxable","19":"shipping-taxable","20":"purchasable","21":"product-type-simple"},"_links":{"self":[{"href":"https:\/\/x-plod.ca\/en\/wp-json\/wp\/v2\/product\/2268","targetHints":{"allow":["GET"]}}],"collection":[{"href":"https:\/\/x-plod.ca\/en\/wp-json\/wp\/v2\/product"}],"about":[{"href":"https:\/\/x-plod.ca\/en\/wp-json\/wp\/v2\/types\/product"}],"replies":[{"embeddable":true,"href":"https:\/\/x-plod.ca\/en\/wp-json\/wp\/v2\/comments?post=2268"}],"wp:featuredmedia":[{"embeddable":true,"href":"https:\/\/x-plod.ca\/en\/wp-json\/wp\/v2\/media\/101691"}],"wp:attachment":[{"href":"https:\/\/x-plod.ca\/en\/wp-json\/wp\/v2\/media?parent=2268"}],"wp:term":[{"taxonomy":"product_brand","embeddable":true,"href":"https:\/\/x-plod.ca\/en\/wp-json\/wp\/v2\/product_brand?post=2268"},{"taxonomy":"product_cat","embeddable":true,"href":"https:\/\/x-plod.ca\/en\/wp-json\/wp\/v2\/product_cat?post=2268"},{"taxonomy":"product_tag","embeddable":true,"href":"https:\/\/x-plod.ca\/en\/wp-json\/wp\/v2\/product_tag?post=2268"}],"curies":[{"name":"wp","href":"https:\/\/api.w.org\/{rel}","templated":true}]}}