{"id":2249,"date":"2024-02-05T15:38:59","date_gmt":"2024-02-05T15:38:59","guid":{"rendered":"https:\/\/x-plod.ca\/?post_type=product&#038;p=2249"},"modified":"2026-03-25T17:16:42","modified_gmt":"2026-03-25T17:16:42","slug":"shadow22","status":"publish","type":"product","link":"https:\/\/x-plod.ca\/en\/product\/shadow22\/","title":{"rendered":"Shadow 22 2026"},"content":{"rendered":"<h3><\/h3>\n<h3><strong><span style=\"color: #a50021\">Shadow 22 2026<\/span><\/strong><\/h3>\n<p><strong>Collection KANDY<\/strong><\/p>\n<p>We are proud to present our model <strong>Shadow 22<\/strong>, better equipped than ever to meet all your mobility needs.<\/p>\n<hr \/>\n<p><a class=\"button\" href=\"https:\/\/x-plod.ca\/wp-content\/uploads\/2026\/02\/CAT_catalogue-Kandy-2026.pdf\" target=\"_blank\" rel=\"noopener\">Consulter le Catalogue de la collection Kandy<\/a><\/p>\n<p><span style=\"color: #a50021\"><strong><u>Main Features<\/u><\/strong><\/span><\/p>\n<ul>\n<li><strong>Keyless start<\/strong> <em>(option)<\/em> : Enjoy the convenience and security of a keyless start system.<\/li>\n<li><strong>Built-in storage that can be used as a cooler<\/strong> : Enjoy a convenient space to keep your belongings cool. A side cooler is also available. <em>(option)<\/em>.<\/li>\n<li><strong>Spacious front basket<\/strong> : Perfect for carrying all your belongings with ease.<\/li>\n<li><strong>World-class lithium battery<\/strong> : Power your vehicle with a premium lithium battery for exceptional range and fast charging. Choose from top brands like Trojan and Roypow for optimal performance.<\/li>\n<li><strong>USB and Type-C Connectivity<\/strong> : Quickly charge your devices and enjoy the USB + AUX audio input to listen to your favorite music.<\/li>\n<li><strong>Aluminum alloy flooring<\/strong> : Resistant to corrosion and aging, this premium flooring ensures both durability and style.<\/li>\n<li><strong>7-inch display<\/strong> : User-friendly interface to control your vehicle and access essential information.<\/li>\n<li><strong>Built-in running board<\/strong> <em>(option)<\/em> : Makes getting in and out of your vehicle easier for enhanced comfort.<\/li>\n<li><strong>Two-year basic warranty and up to 6 years full coverage warranty<\/strong> : Protect your investment with extended warranty coverage.<\/li>\n<li><strong>Apple CarPlay<\/strong><\/li>\n<li><strong>Leather seats in a variety of colors<\/strong><\/li>\n<\/ul>\n<p>&nbsp;<\/p>\n<p><span style=\"color: #a50021\"><strong><u>Performance and Dimensions<\/u><\/strong><\/span><\/p>\n<ul>\n<li><strong>5 kW high-efficiency AC motor<\/strong><\/li>\n<li><strong>6661-48C350 48V \/ 350Ah controller with CAN communication<\/strong><\/li>\n<li><strong>Lead-acid or LiFePO4 lithium battery with a 5-year warranty<\/strong><\/li>\n<li><strong>Black polished square tube frame with extended roof<\/strong><\/li>\n<li><strong>DOT-certified pivoting glass windshield<\/strong><\/li>\n<li><strong>Max speed<\/strong> : 40 km\/h<\/li>\n<li><strong>Autonomy<\/strong> : 60-125 km<\/li>\n<li><strong>Climbing capacity (loaded)<\/strong> : 25 %<\/li>\n<li><strong>Braking distance<\/strong> : \u2264 3,5 meters<\/li>\n<li><strong>Minimum turning radius<\/strong> : 3.2 meters<\/li>\n<li><strong>Charging time<\/strong> : 2 to 8 hours<\/li>\n<li><strong>Dimensions (L\u00d7W\u00d7H)<\/strong> : 3695 \u00d7 1340 \u00d7 2130 mm (lifted version)<\/li>\n<li><strong>Front\/rear track width<\/strong> : 1005 \/ 1075 mm<\/li>\n<li><strong>Wheelbase<\/strong> : 2436 mm<\/li>\n<li><strong>Curb weight<\/strong> : 600 kg<\/li>\n<\/ul>\n<p>&nbsp;<\/p>\n<p>The <strong>Shadow 22<\/strong> is designed to deliver an exceptional driving experience, combining comfort, performance, and style.<\/p>\n<hr \/>\n<p>&nbsp;<\/p>\n<p><img loading=\"lazy\" decoding=\"async\" class=\"wp-image-100312 aligncenter\" src=\"https:\/\/x-plod.ca\/wp-content\/uploads\/2025\/01\/assm-qc-fiche.jpg\" alt=\"\" width=\"148\" height=\"66\" srcset=\"https:\/\/x-plod.ca\/wp-content\/uploads\/2025\/01\/assm-qc-fiche.jpg 300w, https:\/\/x-plod.ca\/wp-content\/uploads\/2025\/01\/assm-qc-fiche-18x8.jpg 18w\" sizes=\"(max-width: 148px) 100vw, 148px\" \/><\/p>\n<p><a href=\"https:\/\/www.youtube.com\/watch?v=w1sgWZeR1GU\"><img loading=\"lazy\" decoding=\"async\" class=\"size-medium wp-image-100310 aligncenter\" src=\"https:\/\/x-plod.ca\/wp-content\/uploads\/2025\/01\/yt-xplod-fiche-300x56.png\" alt=\"\" width=\"300\" height=\"56\" srcset=\"https:\/\/x-plod.ca\/wp-content\/uploads\/2025\/01\/yt-xplod-fiche-300x56.png 300w, https:\/\/x-plod.ca\/wp-content\/uploads\/2025\/01\/yt-xplod-fiche-18x3.png 18w, https:\/\/x-plod.ca\/wp-content\/uploads\/2025\/01\/yt-xplod-fiche.png 354w\" sizes=\"(max-width: 300px) 100vw, 300px\" \/><\/a><\/p>\n<p style=\"text-align: center\"><span style=\"color: #808080\"><em>Prices subject to delivery and preparation fees depending on the dealer<\/em><\/span><\/p>","protected":false},"excerpt":{"rendered":"<p>Shadow 22 2026 Collection KANDY Nous sommes fiers de pr\u00e9senter notre mod\u00e8le Shadow 22, plus \u00e9quip\u00e9 que jamais pour r\u00e9pondre \u00e0 tous vos besoins en mati\u00e8re de mobilit\u00e9. Consulter le Catalogue de la collection Kandy Caract\u00e9ristiques Principales D\u00e9marrage sans cl\u00e9 (en option) : B\u00e9n\u00e9ficiez de la commodit\u00e9 et de la s\u00e9curit\u00e9 d\u2019un syst\u00e8me de d\u00e9marrage [&hellip;]<\/p>","protected":false},"featured_media":101680,"comment_status":"open","ping_status":"closed","template":"","meta":{"_et_pb_use_builder":"","_et_pb_old_content":"","_et_gb_content_width":""},"product_brand":[82],"product_cat":[98,46,44],"product_tag":[106,116,71,105],"class_list":{"0":"post-2249","1":"product","2":"type-product","3":"status-publish","4":"has-post-thumbnail","6":"product_brand-x-plod","7":"product_cat-voiturette","8":"product_cat-collection-kandy","9":"product_cat-voiturette-4-passagers","10":"product_tag-kandy","11":"product_tag-shadow","12":"product_tag-voiturette-4p","13":"product_tag-x-plod","14":"tm-has-options","16":"first","17":"instock","18":"taxable","19":"shipping-taxable","20":"purchasable","21":"product-type-simple"},"_links":{"self":[{"href":"https:\/\/x-plod.ca\/en\/wp-json\/wp\/v2\/product\/2249","targetHints":{"allow":["GET"]}}],"collection":[{"href":"https:\/\/x-plod.ca\/en\/wp-json\/wp\/v2\/product"}],"about":[{"href":"https:\/\/x-plod.ca\/en\/wp-json\/wp\/v2\/types\/product"}],"replies":[{"embeddable":true,"href":"https:\/\/x-plod.ca\/en\/wp-json\/wp\/v2\/comments?post=2249"}],"wp:featuredmedia":[{"embeddable":true,"href":"https:\/\/x-plod.ca\/en\/wp-json\/wp\/v2\/media\/101680"}],"wp:attachment":[{"href":"https:\/\/x-plod.ca\/en\/wp-json\/wp\/v2\/media?parent=2249"}],"wp:term":[{"taxonomy":"product_brand","embeddable":true,"href":"https:\/\/x-plod.ca\/en\/wp-json\/wp\/v2\/product_brand?post=2249"},{"taxonomy":"product_cat","embeddable":true,"href":"https:\/\/x-plod.ca\/en\/wp-json\/wp\/v2\/product_cat?post=2249"},{"taxonomy":"product_tag","embeddable":true,"href":"https:\/\/x-plod.ca\/en\/wp-json\/wp\/v2\/product_tag?post=2249"}],"curies":[{"name":"wp","href":"https:\/\/api.w.org\/{rel}","templated":true}]}}