{"id":2064,"date":"2024-07-25T12:04:46","date_gmt":"2024-07-25T12:04:46","guid":{"rendered":"https:\/\/x-plod.ca\/?post_type=product&#038;p=2064"},"modified":"2026-04-29T15:28:05","modified_gmt":"2026-04-29T15:28:05","slug":"adventure22","status":"publish","type":"product","link":"https:\/\/x-plod.ca\/en\/product\/adventure22\/","title":{"rendered":"Adventure 22 2026"},"content":{"rendered":"<h3><\/h3>\n<h3><strong><span style=\"color: #a52001\">Adventure 22 2026<\/span><\/strong><\/h3>\n<p><strong>Collection RALLY<\/strong>\u00a0 <strong><br \/>\n<\/strong><\/p>\n<p>Discover the model <strong>Adventure 22 <\/strong>of X-Plod, designed to enhance your off-road experiences with advanced features and exceptional performance.<\/p>\n<hr \/>\n<p><a class=\"button\" href=\"https:\/\/x-plod.ca\/wp-content\/uploads\/2026\/02\/CAT_catalogue-RALLY-2026.pdf\" target=\"_blank\" rel=\"noopener\">Consulter le Catalogue de la collection Rally<\/a><\/p>\n<p><span style=\"color: #a52001\"><strong><u>Main Features<\/u><\/strong><\/span><\/p>\n<ul>\n<li><strong>Aluminum alloy wheels<\/strong> : Durability and style for an optimized driving experience.<\/li>\n<li><strong>Large color TFT display<\/strong> : Displays speed, battery status, total mileage, and trip information for an enhanced driving experience.<\/li>\n<li><strong>LED lights<\/strong> : Powerful and durable lighting for maximum visibility day and night.<\/li>\n<li><strong>Foldable windshield<\/strong> : Adaptable and comfortable for all weather conditions.<\/li>\n<li><strong>Rearview mirror and side mirrors<\/strong> : Enhanced visibility for optimal safety.<\/li>\n<li><strong>Multiple USB ports<\/strong> : Easily charge your electronic devices on the go.<\/li>\n<li><strong>Two storage compartments under the rear seat<\/strong> : Extra space for your personal belongings.<\/li>\n<li><strong>Front LED light bar<\/strong> : Improved visibility in low-light conditions.<\/li>\n<li><strong>Scorecard holder on the steering wheel<\/strong> : Convenient for golfers.<\/li>\n<li><strong>Rack and pinion steering with automatic compensation<\/strong> : Precise and responsive steering for optimal comfort.<\/li>\n<li><strong>4 passengers capacity<\/strong> : Embark on an adventure with family or friends.<\/li>\n<li><strong>Batterie lithium 48V<\/strong> : batterie lithium pour une autonomie prolong\u00e9e.<\/li>\n<li><strong>Electromagnetic brake<\/strong> : Enhanced safety with powerful and reliable braking.<\/li>\n<li><strong>KDS 48V AC 5KW Motor<\/strong> : Power and efficiency for all your off-road adventures.<\/li>\n<li><strong>Large rear platform<\/strong> : Extra loading space for all your needs.<\/li>\n<li><strong>Two golf bag support accessories<\/strong> : Perfect for golf enthusiasts.<\/li>\n<li><strong>Independent front suspension with double wishbone arms<\/strong> : Smooth and comfortable ride on all terrains.<\/li>\n<li><strong>Double grab bars<\/strong> : Increased stability and safety for passengers.<\/li>\n<li><strong>Rear foldable tray<\/strong> : Versatility and convenience for carrying loads.<\/li>\n<li><strong>Four large cup holders<\/strong> : Extra comfort for all passengers.<\/li>\n<li><strong>Premium seats with cup holders for front and rear passengers<\/strong> : Comfort and convenience for everyone.<\/li>\n<li><strong>Zerk grease fittings compatible with suspension components<\/strong> : Simplified maintenance and extended component lifespan.<\/li>\n<li><strong>Large front metal bumper<\/strong> : Enhanced impact protection.<\/li>\n<li><strong>Intuitive built-in battery charger, 48V 25A output<\/strong> Fast and efficient recharging.<\/li>\n<li><strong>10-foot battery charging cable<\/strong> : Flexibility and convenience for charging<\/li>\n<\/ul>\n<p>&nbsp;<\/p>\n<p>The <strong>Adventure 22<\/strong> is your ideal companion for unforgettable off-road adventures, combining advanced technology, safety, and comfort.<\/p>\n<hr \/>\n<p>&nbsp;<\/p>\n<p><img loading=\"lazy\" decoding=\"async\" class=\"wp-image-100312 aligncenter\" src=\"https:\/\/x-plod.ca\/wp-content\/uploads\/2025\/01\/assm-qc-fiche.jpg\" alt=\"\" width=\"148\" height=\"66\" srcset=\"https:\/\/x-plod.ca\/wp-content\/uploads\/2025\/01\/assm-qc-fiche.jpg 300w, https:\/\/x-plod.ca\/wp-content\/uploads\/2025\/01\/assm-qc-fiche-18x8.jpg 18w\" sizes=\"(max-width: 148px) 100vw, 148px\" \/> <a href=\"https:\/\/www.youtube.com\/watch?v=NWExO7Hog88\"><img loading=\"lazy\" decoding=\"async\" class=\"size-medium wp-image-100310 aligncenter\" src=\"https:\/\/x-plod.ca\/wp-content\/uploads\/2025\/01\/yt-xplod-fiche-300x56.png\" alt=\"\" width=\"300\" height=\"56\" srcset=\"https:\/\/x-plod.ca\/wp-content\/uploads\/2025\/01\/yt-xplod-fiche-300x56.png 300w, https:\/\/x-plod.ca\/wp-content\/uploads\/2025\/01\/yt-xplod-fiche-18x3.png 18w, https:\/\/x-plod.ca\/wp-content\/uploads\/2025\/01\/yt-xplod-fiche.png 354w\" sizes=\"(max-width: 300px) 100vw, 300px\" \/><\/a><\/p>\n<p style=\"text-align: center\"><span style=\"color: #808080\"><em>Prices subject to delivery and preparation fees depending on the dealer<\/em><\/span><\/p>","protected":false},"excerpt":{"rendered":"<p>Adventure 22 2026 Collection RALLY\u00a0 D\u00e9couvrez le mod\u00e8le Adventure 22 de X-Plod, con\u00e7u pour am\u00e9liorer vos exp\u00e9riences tout-terrain avec des fonctionnalit\u00e9s avanc\u00e9es et une performance exceptionnelle. Consulter le Catalogue de la collection Rally Caract\u00e9ristiques Principales Jantes en alliage d&rsquo;aluminium : Robustesse et \u00e9l\u00e9gance pour une conduite optimis\u00e9e. Grand \u00e9cran TFT color\u00e9 : Affiche la vitesse, [&hellip;]<\/p>","protected":false},"featured_media":102019,"comment_status":"open","ping_status":"closed","template":"","meta":{"_et_pb_use_builder":"","_et_pb_old_content":"","_et_gb_content_width":""},"product_brand":[82],"product_cat":[98,49,44],"product_tag":[121,111,71,105],"class_list":{"0":"post-2064","1":"product","2":"type-product","3":"status-publish","4":"has-post-thumbnail","6":"product_brand-x-plod","7":"product_cat-voiturette","8":"product_cat-collection-rally","9":"product_cat-voiturette-4-passagers","10":"product_tag-adventure","11":"product_tag-rally","12":"product_tag-voiturette-4p","13":"product_tag-x-plod","14":"product_shipping_class-voiturette","15":"tm-has-options","17":"first","18":"instock","19":"taxable","20":"shipping-taxable","21":"purchasable","22":"product-type-simple"},"_links":{"self":[{"href":"https:\/\/x-plod.ca\/en\/wp-json\/wp\/v2\/product\/2064","targetHints":{"allow":["GET"]}}],"collection":[{"href":"https:\/\/x-plod.ca\/en\/wp-json\/wp\/v2\/product"}],"about":[{"href":"https:\/\/x-plod.ca\/en\/wp-json\/wp\/v2\/types\/product"}],"replies":[{"embeddable":true,"href":"https:\/\/x-plod.ca\/en\/wp-json\/wp\/v2\/comments?post=2064"}],"wp:featuredmedia":[{"embeddable":true,"href":"https:\/\/x-plod.ca\/en\/wp-json\/wp\/v2\/media\/102019"}],"wp:attachment":[{"href":"https:\/\/x-plod.ca\/en\/wp-json\/wp\/v2\/media?parent=2064"}],"wp:term":[{"taxonomy":"product_brand","embeddable":true,"href":"https:\/\/x-plod.ca\/en\/wp-json\/wp\/v2\/product_brand?post=2064"},{"taxonomy":"product_cat","embeddable":true,"href":"https:\/\/x-plod.ca\/en\/wp-json\/wp\/v2\/product_cat?post=2064"},{"taxonomy":"product_tag","embeddable":true,"href":"https:\/\/x-plod.ca\/en\/wp-json\/wp\/v2\/product_tag?post=2064"}],"curies":[{"name":"wp","href":"https:\/\/api.w.org\/{rel}","templated":true}]}}