{"id":102021,"date":"2026-03-30T11:11:20","date_gmt":"2026-03-30T11:11:20","guid":{"rendered":"https:\/\/x-plod.ca\/?post_type=product&#038;p=102021"},"modified":"2026-04-09T15:56:12","modified_gmt":"2026-04-09T15:56:12","slug":"taktik-6","status":"publish","type":"product","link":"https:\/\/x-plod.ca\/en\/product\/taktik-6\/","title":{"rendered":"Taktik 6 2026"},"content":{"rendered":"<h3><\/h3>\n<h3><span style=\"color: #a50021;\"><strong>Taktik 6 2026<\/strong><\/span><\/h3>\n<p><strong>Collection RALLY<\/strong><\/p>\n<p>D\u00e9couvrez le tout nouveau <strong>Taktik 6<\/strong>, un v\u00e9hicule \u00e9lectrique ultra-compact pens\u00e9 pour votre quotidien et offrant confort, agilit\u00e9 et style sans compromis.<\/p>\n<p>Con\u00e7u sur un ch\u00e2ssis renforc\u00e9 avec centre de gravit\u00e9 bas, le <strong>Taktik<\/strong> associe maniabilit\u00e9 et stabilit\u00e9.<\/p>\n<hr \/>\n<p><a class=\"button\" href=\"https:\/\/x-plod.ca\/wp-content\/uploads\/2026\/02\/CAT_catalogue-RALLY-2026.pdf\" target=\"_blank\" rel=\"noopener\">Consulter le Catalogue de la collection Rally<\/a><br \/>\n<span style=\"color: #a50021;\"><strong><u>Main Features<\/u><\/strong><\/span><\/p>\n<ul>\n<li><strong>Connectivit\u00e9 avanc\u00e9e avec Apple CarPlay : <\/strong>For a connected driving experience.<\/li>\n<li><strong>5 kW AC motor: <\/strong>Silent and efficient power with every mile traveled.<\/li>\n<li><strong>\u00c9quipement audio-visuel g\u00e9n\u00e9reux : <\/strong>\u00c9cran 10.1&Prime;, barre de son et 2 haut-parleurs sous la console centrale<\/li>\n<li><strong>Batterie au lithium 105Ah : <\/strong>Extended range and exceptional durability.<\/li>\n<li><strong>Four-wheel hydraulic brakes: <\/strong>Proven quality and maximum safety.<\/li>\n<li><strong>Ceintures de s\u00e9curit\u00e9 :\u00a0<\/strong>3-points pour les si\u00e8ges avant et 2-points pour les si\u00e8ges arri\u00e8res<\/li>\n<li><strong>D\u00e9marrage par bouton-poussoir : <\/strong>Mise en marche rapide et sans cl\u00e9, pour une utilisation simple et moderne<\/li>\n<li><strong>Panier de rangement et porte-goblet<\/strong> : Praticit\u00e9 au quotidien pour transporter facilement vos effets personnels et boissons<\/li>\n<\/ul>\n<p>&nbsp;<\/p>\n<p><span style=\"color: #a50021;\"><strong><u>Performance and Dimensions<\/u><\/strong><\/span><\/p>\n<ul>\n<li><strong>Max speed<\/strong> : 40 km\/h<\/li>\n<li><strong>Climbing capacity (loaded)<\/strong> : \u2264 30 %<\/li>\n<li><strong>Braking distance<\/strong> : \u2264 4 m<\/li>\n<li><strong>Minimum turning radius<\/strong> : \u2264 6.7 m<\/li>\n<li><strong>Charging time<\/strong> : Environ 6-8 heures<\/li>\n<li><strong>Dimensions (L\u00d7W\u00d7H)<\/strong> : 3820 x 1245 x 2080 mm<\/li>\n<li><strong>Wheelbase<\/strong> : 2980 mm<\/li>\n<li><strong>Charger : <\/strong>48V \/ 20A (Intelligent, built-in)<\/li>\n<li data-section-id=\"4kn905\" data-start=\"85\" data-end=\"184\"><strong data-start=\"87\" data-end=\"119\">Essieu avant et suspension : <\/strong>Suspension ind\u00e9pendante \u00e0 double triangle (double bras en A)<\/li>\n<li data-section-id=\"vwkiz9\" data-start=\"186\" data-end=\"342\"><strong data-start=\"188\" data-end=\"222\">Essieu arri\u00e8re et suspension : <\/strong>Essieu arri\u00e8re de type s\u00e9par\u00e9 + barre de liaison arri\u00e8re + amortisseur \u00e0 ressort haute r\u00e9sistance<\/li>\n<li data-section-id=\"102p1f3\" data-start=\"344\" data-end=\"427\"><strong data-start=\"346\" data-end=\"372\">Syst\u00e8me de direction : <\/strong>Direction \u00e0 cr\u00e9maill\u00e8re, course maximale de 100 mm<\/li>\n<li data-section-id=\"pzbc84\" data-start=\"629\" data-end=\"704\"><strong data-start=\"631\" data-end=\"660\">Syst\u00e8me de transmission : <\/strong>Transmission \u00e0 variation continue (CVT)<\/li>\n<\/ul>\n<p>&nbsp;<\/p>\n<p>En adoptant le <strong>Taktik<\/strong>, vous optez pour une mobilit\u00e9 propre, silencieuse et respectueuse de l\u2019environnement. Z\u00e9ro \u00e9missions directes, batterie recyclable, entretien simplifi\u00e9 : fini les vidanges, les bruits moteurs, les fum\u00e9es.<\/p>\n<hr \/>\n<p>&nbsp;<\/p>\n<p><img loading=\"lazy\" decoding=\"async\" class=\"wp-image-100312 aligncenter\" src=\"https:\/\/x-plod.ca\/wp-content\/uploads\/2025\/01\/assm-qc-fiche.jpg\" alt=\"\" width=\"148\" height=\"66\" srcset=\"https:\/\/x-plod.ca\/wp-content\/uploads\/2025\/01\/assm-qc-fiche.jpg 300w, https:\/\/x-plod.ca\/wp-content\/uploads\/2025\/01\/assm-qc-fiche-18x8.jpg 18w\" sizes=\"(max-width: 148px) 100vw, 148px\" \/><\/p>\n<p><a href=\"https:\/\/www.youtube.com\/@X-PLODCANADA\/videos\"><img loading=\"lazy\" decoding=\"async\" class=\"aligncenter wp-image-100310 size-medium\" src=\"https:\/\/x-plod.ca\/wp-content\/uploads\/2025\/01\/yt-xplod-fiche-300x56.png\" alt=\"\" width=\"300\" height=\"56\" srcset=\"https:\/\/x-plod.ca\/wp-content\/uploads\/2025\/01\/yt-xplod-fiche-300x56.png 300w, https:\/\/x-plod.ca\/wp-content\/uploads\/2025\/01\/yt-xplod-fiche-18x3.png 18w, https:\/\/x-plod.ca\/wp-content\/uploads\/2025\/01\/yt-xplod-fiche.png 354w\" sizes=\"(max-width: 300px) 100vw, 300px\" \/><\/a><\/p>\n<p><em>Prices subject to delivery and preparation fees depending on the dealer<\/em><\/p>","protected":false},"excerpt":{"rendered":"<p>Taktik 6 2026 Collection RALLY D\u00e9couvrez le tout nouveau Taktik 6, un v\u00e9hicule \u00e9lectrique ultra-compact pens\u00e9 pour votre quotidien et offrant confort, agilit\u00e9 et style sans compromis. Con\u00e7u sur un ch\u00e2ssis renforc\u00e9 avec centre de gravit\u00e9 bas, le Taktik associe maniabilit\u00e9 et stabilit\u00e9. Consulter le Catalogue de la collection Rally Caract\u00e9ristiques Principales Connectivit\u00e9 avanc\u00e9e avec [&hellip;]<\/p>","protected":false},"featured_media":102020,"comment_status":"open","ping_status":"closed","template":"","meta":{"_et_pb_use_builder":"","_et_pb_old_content":"","_et_gb_content_width":""},"product_brand":[82],"product_cat":[98,49,17],"product_tag":[147],"class_list":{"0":"post-102021","1":"product","2":"type-product","3":"status-publish","4":"has-post-thumbnail","6":"product_brand-x-plod","7":"product_cat-voiturette","8":"product_cat-collection-rally","9":"product_cat-voiturette-6-passagers","10":"product_tag-taktik","11":"tm-no-options","13":"first","14":"instock","15":"taxable","16":"shipping-taxable","17":"product-type-simple"},"_links":{"self":[{"href":"https:\/\/x-plod.ca\/en\/wp-json\/wp\/v2\/product\/102021","targetHints":{"allow":["GET"]}}],"collection":[{"href":"https:\/\/x-plod.ca\/en\/wp-json\/wp\/v2\/product"}],"about":[{"href":"https:\/\/x-plod.ca\/en\/wp-json\/wp\/v2\/types\/product"}],"replies":[{"embeddable":true,"href":"https:\/\/x-plod.ca\/en\/wp-json\/wp\/v2\/comments?post=102021"}],"wp:featuredmedia":[{"embeddable":true,"href":"https:\/\/x-plod.ca\/en\/wp-json\/wp\/v2\/media\/102020"}],"wp:attachment":[{"href":"https:\/\/x-plod.ca\/en\/wp-json\/wp\/v2\/media?parent=102021"}],"wp:term":[{"taxonomy":"product_brand","embeddable":true,"href":"https:\/\/x-plod.ca\/en\/wp-json\/wp\/v2\/product_brand?post=102021"},{"taxonomy":"product_cat","embeddable":true,"href":"https:\/\/x-plod.ca\/en\/wp-json\/wp\/v2\/product_cat?post=102021"},{"taxonomy":"product_tag","embeddable":true,"href":"https:\/\/x-plod.ca\/en\/wp-json\/wp\/v2\/product_tag?post=102021"}],"curies":[{"name":"wp","href":"https:\/\/api.w.org\/{rel}","templated":true}]}}