{"id":101770,"date":"2026-01-28T18:00:20","date_gmt":"2026-01-28T18:00:20","guid":{"rendered":"https:\/\/x-plod.ca\/?post_type=product&#038;p=101770"},"modified":"2026-04-29T15:50:46","modified_gmt":"2026-04-29T15:50:46","slug":"ensemble-rally-xplorer-14","status":"publish","type":"product","link":"https:\/\/x-plod.ca\/en\/product\/ensemble-rally-xplorer-14\/","title":{"rendered":"Ensemble RALLY XPLORER &#8211; Roues et Pneus"},"content":{"rendered":"<h3><\/h3>\n<h3><strong><span style=\"color: #a50021\">Ensemble Rally Xplorer 14&Prime;<\/span><\/strong><\/h3>\n<p><strong>Ensemble Pneus et Roues neufs haut de gamme et exclusif pour voiturette de Golf X-Plod<\/strong><\/p>\n<hr \/>\n<p><span style=\"color: #a50021\"><strong>D\u00e9tails de l&rsquo;ensemble :<\/strong><\/span><\/p>\n<ul>\n<li><strong>Roues<\/strong> : X-PLOD Rally-Xplorer <strong>14&Prime;<\/strong><\/li>\n<li><strong>Tires<\/strong> : Big foot<\/li>\n<li><strong>Dimension :<\/strong> 23\/10.00-R14<\/li>\n<li><strong>Compatibilit\u00e9 :<\/strong> Compatible avec des mod\u00e8les de voiturettes de golf tels que Club Car, E-Z-GO et Yamaha.<\/li>\n<\/ul>\n<p><strong><span style=\"color: #a50021\">Caract\u00e9ristiques :<\/span><\/strong><\/p>\n<ul>\n<li>Design unique et moderne pour une allure \u00e9l\u00e9gante.<\/li>\n<li>Pneus tout-terrain pour une meilleure adh\u00e9rence et performance sur divers types de terrains.<\/li>\n<\/ul>\n<p>&nbsp;<\/p>\n<p>Autres couleurs et mod\u00e8les disponibles<\/p>\n<hr \/>\n<p>Ne manquez pas cette opportunit\u00e9 d&rsquo;am\u00e9liorer votre voiturette de golf avec cet ensemble de haute qualit\u00e9.<\/p>\n<p>&nbsp;<\/p>\n<p>&nbsp;<\/p>","protected":false},"excerpt":{"rendered":"<pre><strong>Code de produit :<\/strong> RALLY_XPLORER_MACHINED 14\" TIRE BIGFOOT 23\/10.00-R14<\/pre>","protected":false},"featured_media":102003,"comment_status":"open","ping_status":"closed","template":"","meta":{"_et_pb_use_builder":"","_et_pb_old_content":"","_et_gb_content_width":""},"product_brand":[82],"product_cat":[52],"product_tag":[81],"class_list":{"0":"post-101770","1":"product","2":"type-product","3":"status-publish","4":"has-post-thumbnail","6":"product_brand-x-plod","7":"product_cat-roue-et-pneu","8":"product_tag-ensemble-roues-pneus","9":"product_shipping_class-combo-pneu-roues","10":"tm-no-options","12":"first","13":"instock","14":"taxable","15":"shipping-taxable","16":"purchasable","17":"product-type-simple"},"_links":{"self":[{"href":"https:\/\/x-plod.ca\/en\/wp-json\/wp\/v2\/product\/101770","targetHints":{"allow":["GET"]}}],"collection":[{"href":"https:\/\/x-plod.ca\/en\/wp-json\/wp\/v2\/product"}],"about":[{"href":"https:\/\/x-plod.ca\/en\/wp-json\/wp\/v2\/types\/product"}],"replies":[{"embeddable":true,"href":"https:\/\/x-plod.ca\/en\/wp-json\/wp\/v2\/comments?post=101770"}],"wp:featuredmedia":[{"embeddable":true,"href":"https:\/\/x-plod.ca\/en\/wp-json\/wp\/v2\/media\/102003"}],"wp:attachment":[{"href":"https:\/\/x-plod.ca\/en\/wp-json\/wp\/v2\/media?parent=101770"}],"wp:term":[{"taxonomy":"product_brand","embeddable":true,"href":"https:\/\/x-plod.ca\/en\/wp-json\/wp\/v2\/product_brand?post=101770"},{"taxonomy":"product_cat","embeddable":true,"href":"https:\/\/x-plod.ca\/en\/wp-json\/wp\/v2\/product_cat?post=101770"},{"taxonomy":"product_tag","embeddable":true,"href":"https:\/\/x-plod.ca\/en\/wp-json\/wp\/v2\/product_tag?post=101770"}],"curies":[{"name":"wp","href":"https:\/\/api.w.org\/{rel}","templated":true}]}}