{"id":101724,"date":"2026-01-19T15:11:26","date_gmt":"2026-01-19T15:11:26","guid":{"rendered":"https:\/\/x-plod.ca\/?post_type=product&#038;p=101724"},"modified":"2026-03-25T16:58:08","modified_gmt":"2026-03-25T16:58:08","slug":"vizeon-42","status":"publish","type":"product","link":"https:\/\/x-plod.ca\/en\/product\/vizeon-42\/","title":{"rendered":"Vizeon 42 2026"},"content":{"rendered":"<h3><\/h3>\n<h3><strong><span style=\"color: #a50021\">Vizeon 42 2026<\/span><\/strong><\/h3>\n<p><strong>Collection KANDY<\/strong><\/p>\n<p>Discover the <strong>X-Plod VIZEON 42<\/strong>, a vehicle designed to push the limits of comfort and performance. With its intelligent configuration and refined design, it is perfectly suited for private estates, resorts, or high-end residential projects. It delivers a unique and connected driving experience.<\/p>\n<p>&nbsp;<\/p>\n<hr \/>\n<p><a class=\"button\" href=\"https:\/\/x-plod.ca\/wp-content\/uploads\/2026\/02\/CAT_catalogue-Kandy-2026.pdf\" target=\"_blank\" rel=\"noopener\">Consulter le Catalogue de la collection Kandy<\/a><br \/>\n<span style=\"color: #a50021\"><strong><u>Main Features<\/u><\/strong><\/span><\/p>\n<ul>\n<li><strong>105\u202fAh heated lithium battery (LiFePO4)<\/strong> : Up to 120\u202fkm range, even in cold weather<\/li>\n<li><strong>Moteur AC 48V \/ 5000W<\/strong> : Quiet, powerful, high-torque<\/li>\n<li><strong>10.1\u2033 touchscreen with Apple CarPlay and Android Auto compatibility<\/strong> : Navigation and entertainment at your fingertips<\/li>\n<li><strong>Front and rear independent suspension<\/strong> : Exceptional comfort, optimal handling<\/li>\n<li><strong>4-wheel hydraulic disc brakes<\/strong> + <strong>Electromagnetic parking brake<\/strong><\/li>\n<li><strong>Reinforced steel chassis with anti-corrosion treatment<\/strong><\/li>\n<li><strong>Multi-function dashboard with USB \/ Type-C \/ AUX ports<\/strong><\/li>\n<li><strong>BOSS IP66 audio system (optional)<\/strong> : Premium, weather-resistant sound<\/li>\n<li><strong>Injection-molded hardtop roof with fold-down DOT windshield<\/strong><\/li>\n<li><strong>Running boards included<\/strong> for easy access<\/li>\n<\/ul>\n<p>&nbsp;<\/p>\n<p><span style=\"color: #a50021\"><strong><u>Performance and Dimensions<\/u><\/strong><\/span><\/p>\n<ul>\n<li><strong>Max speed<\/strong> : \u2264 40 km\/h<\/li>\n<li><strong>Tires : <\/strong>205\/50-10 road tires (DOT approved)<strong><br \/>\n<\/strong><\/li>\n<li><strong>Charger: Built-in 48V \/ 25A intelligent charger<br \/>\n<\/strong><\/li>\n<\/ul>\n<p>&nbsp;<\/p>\n<p><span style=\"color: #a50021\"><strong><u>Available Options<\/u><\/strong><\/span><\/p>\n<ul>\n<li>Speakers<\/li>\n<li>Cooler<\/li>\n<li>Mirror<\/li>\n<li>Ball washer<\/li>\n<li>Tow hook<\/li>\n<li>Variety of colors<\/li>\n<\/ul>\n<p>&nbsp;<\/p>\n<hr \/>\n<p>&nbsp;<\/p>\n<p><img loading=\"lazy\" decoding=\"async\" class=\"wp-image-100312 aligncenter\" src=\"https:\/\/x-plod.ca\/wp-content\/uploads\/2025\/01\/assm-qc-fiche.jpg\" alt=\"\" width=\"148\" height=\"66\" srcset=\"https:\/\/x-plod.ca\/wp-content\/uploads\/2025\/01\/assm-qc-fiche.jpg 300w, https:\/\/x-plod.ca\/wp-content\/uploads\/2025\/01\/assm-qc-fiche-18x8.jpg 18w\" sizes=\"(max-width: 148px) 100vw, 148px\" \/><\/p>\n<p><a href=\"https:\/\/www.youtube.com\/@X-PLODCANADA\/videos\"><img loading=\"lazy\" decoding=\"async\" class=\"aligncenter wp-image-100310 size-medium\" src=\"https:\/\/x-plod.ca\/wp-content\/uploads\/2025\/01\/yt-xplod-fiche-300x56.png\" alt=\"\" width=\"300\" height=\"56\" srcset=\"https:\/\/x-plod.ca\/wp-content\/uploads\/2025\/01\/yt-xplod-fiche-300x56.png 300w, https:\/\/x-plod.ca\/wp-content\/uploads\/2025\/01\/yt-xplod-fiche-18x3.png 18w, https:\/\/x-plod.ca\/wp-content\/uploads\/2025\/01\/yt-xplod-fiche.png 354w\" sizes=\"(max-width: 300px) 100vw, 300px\" \/><\/a><\/p>\n<p><em>Prices subject to delivery and preparation fees depending on the dealer<\/em><\/p>","protected":false},"excerpt":{"rendered":"<p>Vizeon 42 2026 Collection KANDY D\u00e9couvrez le X-Plod VIZEON 42, un v\u00e9hicule con\u00e7u pour repousser les limites du confort et de la performance. Gr\u00e2ce \u00e0 sa configuration intelligente et son design raffin\u00e9, il s\u2019adapte parfaitement aux domaines priv\u00e9s, resorts, ou projets r\u00e9sidentiels haut de gamme.Il offre une exp\u00e9rience de conduite unique et connect\u00e9e. &nbsp; Consulter [&hellip;]<\/p>","protected":false},"featured_media":101863,"comment_status":"open","ping_status":"closed","template":"","meta":{"_et_pb_use_builder":"","_et_pb_old_content":"","_et_gb_content_width":""},"product_brand":[82],"product_cat":[98,46,44],"product_tag":[106,107,71,105],"class_list":{"0":"post-101724","1":"product","2":"type-product","3":"status-publish","4":"has-post-thumbnail","6":"product_brand-x-plod","7":"product_cat-voiturette","8":"product_cat-collection-kandy","9":"product_cat-voiturette-4-passagers","10":"product_tag-kandy","11":"product_tag-vizeon","12":"product_tag-voiturette-4p","13":"product_tag-x-plod","14":"tm-has-options","16":"first","17":"instock","18":"taxable","19":"shipping-taxable","20":"purchasable","21":"product-type-simple"},"_links":{"self":[{"href":"https:\/\/x-plod.ca\/en\/wp-json\/wp\/v2\/product\/101724","targetHints":{"allow":["GET"]}}],"collection":[{"href":"https:\/\/x-plod.ca\/en\/wp-json\/wp\/v2\/product"}],"about":[{"href":"https:\/\/x-plod.ca\/en\/wp-json\/wp\/v2\/types\/product"}],"replies":[{"embeddable":true,"href":"https:\/\/x-plod.ca\/en\/wp-json\/wp\/v2\/comments?post=101724"}],"wp:featuredmedia":[{"embeddable":true,"href":"https:\/\/x-plod.ca\/en\/wp-json\/wp\/v2\/media\/101863"}],"wp:attachment":[{"href":"https:\/\/x-plod.ca\/en\/wp-json\/wp\/v2\/media?parent=101724"}],"wp:term":[{"taxonomy":"product_brand","embeddable":true,"href":"https:\/\/x-plod.ca\/en\/wp-json\/wp\/v2\/product_brand?post=101724"},{"taxonomy":"product_cat","embeddable":true,"href":"https:\/\/x-plod.ca\/en\/wp-json\/wp\/v2\/product_cat?post=101724"},{"taxonomy":"product_tag","embeddable":true,"href":"https:\/\/x-plod.ca\/en\/wp-json\/wp\/v2\/product_tag?post=101724"}],"curies":[{"name":"wp","href":"https:\/\/api.w.org\/{rel}","templated":true}]}}