{"id":101556,"date":"2025-11-11T12:10:31","date_gmt":"2025-11-11T12:10:31","guid":{"rendered":"https:\/\/x-plod.ca\/?post_type=product&#038;p=101556"},"modified":"2026-03-26T14:28:32","modified_gmt":"2026-03-26T14:28:32","slug":"batterie-au-lithium-bat5000l","status":"publish","type":"product","link":"https:\/\/x-plod.ca\/en\/product\/batterie-au-lithium-bat5000l\/","title":{"rendered":"BATTERIE AU LITHIUM BAT5000L"},"content":{"rendered":"<p><strong>Ensemble complet de batterie Lithium \u00e0 seulement <span style=\"color: #a50021\">2495 $<\/span>:<\/strong><\/p>\n<p>&#8211; Batterie RoyPow BATTLite 5000 | 48V\/100Ah<br \/>\n&#8211; Chargeur 48v\/15A<br \/>\n&#8211; Prise de branchement (R\u00e9ceptacle)<\/p>\n<p><em>La batterie, le chargeur et le r\u00e9ceptacle sont vendu en ensemble uniquement<\/em><\/p>\n<p>La batterie lithium con\u00e7ue pour remplacer facilement la batterie au plomb dans vos voiturettes de golf. La batterie Roypow est une batterie lithium-ion avanc\u00e9e avec syst\u00e8me de batterie int\u00e9gr\u00e9, qui peut prot\u00e9ger votre flotte contre les surchauffes, les courts-circuits, les surtensions, etc., de sorte qu&rsquo;elle peut efficacement \u00e9viter les risques de s\u00e9curit\u00e9 potentiels pour prolonger sa dur\u00e9e de vie et optimiser ses performances. En les batteries lithium Roypow la dur\u00e9e de vie de la batterie de 10 ans et la garantie de 5 ans vous apportent la tranquillit\u00e9 d&rsquo;esprit. Pas de remplissage d&rsquo;eau, pas de serrage de borne et de nettoyage des d\u00e9p\u00f4ts d&rsquo;acide, et vous n&rsquo;avez plus \u00e0 payer de frais de personnel pour le remplissage d&rsquo;eau.<\/p>\n<p><a href=\"https:\/\/x-plod.ca\/wp-content\/uploads\/2025\/12\/batterie-bat5000.pdf\" target=\"_blank\" rel=\"noopener\"><strong>T\u00e9l\u00e9charger la fiche Technique<\/strong><\/a><\/p>\n<p>&nbsp;<\/p>\n<p>En option :<br \/>\nSupport (Bracket) pour l&rsquo;installation pour mod\u00e8les : Club car Precendent\/Tempo<br \/>\nSupport (Bracket) pour l&rsquo;installation pour mod\u00e8les : EZGO-TXT<br \/>\nSupport (Bracket) pour l&rsquo;installation pour mod\u00e8les : EZGO-RXV<br \/>\nSupport (Bracket) pour l&rsquo;installation pour mod\u00e8les : Yamaha<\/p>\n<p>** \u00c0 noter que l&rsquo;achat d&rsquo;un support d&rsquo;installation n&rsquo;est pas requis pour la majorit\u00e9 des installations.<\/p>\n<blockquote class=\"wp-embedded-content\" data-secret=\"qrzUo5gtrA\"><p><a href=\"https:\/\/x-plod.ca\/en\/product\/support-pour-installation-de-batterie\/\">Support pour installation de batterie<\/a><\/p><\/blockquote>\n<p><iframe loading=\"lazy\" class=\"wp-embedded-content\" sandbox=\"allow-scripts\" security=\"restricted\" style=\"position: absolute; visibility: hidden;\" title=\"&laquo; Support pour installation de batterie &raquo; &#8212; X-PLOD\" src=\"https:\/\/x-plod.ca\/produit\/support-pour-installation-de-batterie\/embed\/#?secret=OPN2sGd8VU#?secret=qrzUo5gtrA\" data-secret=\"qrzUo5gtrA\" width=\"600\" height=\"338\" frameborder=\"0\" marginwidth=\"0\" marginheight=\"0\" scrolling=\"no\"><\/iframe><\/p>\n<p>&nbsp;<\/p>","protected":false},"excerpt":{"rendered":"<p>Ensemble complet de batterie Lithium \u00e0 seulement 2495 $: &#8211; Batterie RoyPow BATTLite 5000 | 48V\/100Ah &#8211; Chargeur 48v\/15A &#8211; Prise de branchement (R\u00e9ceptacle) La batterie, le chargeur et le r\u00e9ceptacle sont vendu en ensemble uniquement La batterie lithium con\u00e7ue pour remplacer facilement la batterie au plomb dans vos voiturettes de golf. La batterie Roypow [&hellip;]<\/p>","protected":false},"featured_media":101997,"comment_status":"open","ping_status":"closed","template":"","meta":{"_et_pb_use_builder":"","_et_pb_old_content":"","_et_gb_content_width":""},"product_brand":[83],"product_cat":[18,19],"product_tag":[140,87,88,141],"class_list":{"0":"post-101556","1":"product","2":"type-product","3":"status-publish","4":"has-post-thumbnail","6":"product_brand-roypow","7":"product_cat-accessoires","8":"product_cat-batterie-voiturette-electrique","9":"product_tag-bat5000","10":"product_tag-batterie","11":"product_tag-lithium","12":"product_tag-roypow","13":"tm-no-options","15":"first","16":"onbackorder","17":"taxable","18":"shipping-taxable","19":"purchasable","20":"product-type-simple"},"_links":{"self":[{"href":"https:\/\/x-plod.ca\/en\/wp-json\/wp\/v2\/product\/101556","targetHints":{"allow":["GET"]}}],"collection":[{"href":"https:\/\/x-plod.ca\/en\/wp-json\/wp\/v2\/product"}],"about":[{"href":"https:\/\/x-plod.ca\/en\/wp-json\/wp\/v2\/types\/product"}],"replies":[{"embeddable":true,"href":"https:\/\/x-plod.ca\/en\/wp-json\/wp\/v2\/comments?post=101556"}],"wp:featuredmedia":[{"embeddable":true,"href":"https:\/\/x-plod.ca\/en\/wp-json\/wp\/v2\/media\/101997"}],"wp:attachment":[{"href":"https:\/\/x-plod.ca\/en\/wp-json\/wp\/v2\/media?parent=101556"}],"wp:term":[{"taxonomy":"product_brand","embeddable":true,"href":"https:\/\/x-plod.ca\/en\/wp-json\/wp\/v2\/product_brand?post=101556"},{"taxonomy":"product_cat","embeddable":true,"href":"https:\/\/x-plod.ca\/en\/wp-json\/wp\/v2\/product_cat?post=101556"},{"taxonomy":"product_tag","embeddable":true,"href":"https:\/\/x-plod.ca\/en\/wp-json\/wp\/v2\/product_tag?post=101556"}],"curies":[{"name":"wp","href":"https:\/\/api.w.org\/{rel}","templated":true}]}}