{"id":101398,"date":"2025-10-04T13:26:43","date_gmt":"2025-10-04T13:26:43","guid":{"rendered":"https:\/\/x-plod.ca\/?post_type=product&#038;p=101398"},"modified":"2025-11-11T11:46:33","modified_gmt":"2025-11-11T11:46:33","slug":"support-pour-installation-de-batterie","status":"publish","type":"product","link":"https:\/\/x-plod.ca\/en\/product\/support-pour-installation-de-batterie\/","title":{"rendered":"Support pour installation de batterie"},"content":{"rendered":"<div class=\"et_pb_module et_pb_wc_description et_pb_wc_description_0_tb_body et_pb_bg_layout_light et_pb_text_align_left\">\n<div class=\"et_pb_module_inner\">\n<h3><img loading=\"lazy\" decoding=\"async\" class=\"alignnone wp-image-100311\" src=\"https:\/\/x-plod.ca\/wp-content\/uploads\/2025\/01\/X-Plod-logo-fiche-300x76.png\" alt=\"\" width=\"185\" height=\"47\" \/><\/h3>\n<h3><span style=\"color: #a50021;\"><strong>Batteries<\/strong><\/span><\/h3>\n<p>Support (Bracket) optionel pour l&rsquo;installation de batteries au lithium de RoyPow<\/p>\n<\/div>\n<\/div>\n<div class=\"et_pb_module et_pb_post_content et_pb_post_content_0_tb_body\">\n<p>S\u2019installe parfaitement dans votre voiturette selon votre mod\u00e8le.<\/p>\n<p>La batterie peut \u00eatre fix\u00e9e directement dans le v\u00e9hicule sans la braquette, mais peut n\u00e9cessiter quelque ajustement \u00e0 l\u2019installation.<\/p>\n<\/div>\n<div class=\"et_pb_module et_pb_wc_description et_pb_wc_description_0_tb_body et_pb_bg_layout_light et_pb_text_align_left\">\n<div class=\"et_pb_module_inner\">\n<p>&nbsp;<\/p>\n<p>Pour toute l\u2019information et les avantages des batteries lithium Roypow visiter le www.oliem.ca<\/p>\n<\/div>\n<\/div>","protected":false},"excerpt":{"rendered":"<p>Batteries Support (Bracket) optionel pour l&rsquo;installation de batteries au lithium de RoyPow S\u2019installe parfaitement dans votre voiturette selon votre mod\u00e8le. La batterie peut \u00eatre fix\u00e9e directement dans le v\u00e9hicule sans la braquette, mais peut n\u00e9cessiter quelque ajustement \u00e0 l\u2019installation. &nbsp; Pour toute l\u2019information et les avantages des batteries lithium Roypow visiter le www.oliem.ca<\/p>","protected":false},"featured_media":101413,"comment_status":"open","ping_status":"closed","template":"","meta":{"_et_pb_use_builder":"","_et_pb_old_content":"","_et_gb_content_width":""},"product_brand":[83],"product_cat":[18,19],"product_tag":[140,87,133,138,137,135,88,139,134,136],"class_list":{"0":"post-101398","1":"product","2":"type-product","3":"status-publish","4":"has-post-thumbnail","6":"product_brand-roypow","7":"product_cat-accessoires","8":"product_cat-batterie-voiturette-electrique","9":"product_tag-bat5000","10":"product_tag-batterie","11":"product_tag-bracket","12":"product_tag-club-car","13":"product_tag-ezgo","14":"product_tag-installation","15":"product_tag-lithium","16":"product_tag-precendent","17":"product_tag-support","18":"product_tag-yamaha","19":"tm-no-options","21":"first","22":"instock","23":"taxable","24":"shipping-taxable","25":"purchasable","26":"product-type-variable"},"_links":{"self":[{"href":"https:\/\/x-plod.ca\/en\/wp-json\/wp\/v2\/product\/101398","targetHints":{"allow":["GET"]}}],"collection":[{"href":"https:\/\/x-plod.ca\/en\/wp-json\/wp\/v2\/product"}],"about":[{"href":"https:\/\/x-plod.ca\/en\/wp-json\/wp\/v2\/types\/product"}],"replies":[{"embeddable":true,"href":"https:\/\/x-plod.ca\/en\/wp-json\/wp\/v2\/comments?post=101398"}],"wp:featuredmedia":[{"embeddable":true,"href":"https:\/\/x-plod.ca\/en\/wp-json\/wp\/v2\/media\/101413"}],"wp:attachment":[{"href":"https:\/\/x-plod.ca\/en\/wp-json\/wp\/v2\/media?parent=101398"}],"wp:term":[{"taxonomy":"product_brand","embeddable":true,"href":"https:\/\/x-plod.ca\/en\/wp-json\/wp\/v2\/product_brand?post=101398"},{"taxonomy":"product_cat","embeddable":true,"href":"https:\/\/x-plod.ca\/en\/wp-json\/wp\/v2\/product_cat?post=101398"},{"taxonomy":"product_tag","embeddable":true,"href":"https:\/\/x-plod.ca\/en\/wp-json\/wp\/v2\/product_tag?post=101398"}],"curies":[{"name":"wp","href":"https:\/\/api.w.org\/{rel}","templated":true}]}}