{"id":101085,"date":"2025-05-27T20:00:22","date_gmt":"2025-05-27T20:00:22","guid":{"rendered":"https:\/\/x-plod.ca\/?post_type=product&#038;p=101085"},"modified":"2026-04-29T15:28:03","modified_gmt":"2026-04-29T15:28:03","slug":"honor-22","status":"publish","type":"product","link":"https:\/\/x-plod.ca\/en\/product\/honor-22\/","title":{"rendered":"Honor 22 2026"},"content":{"rendered":"<h3><\/h3>\n<h3><strong><span style=\"color: #a50021\">HONOR 22 2026<\/span><\/strong><\/h3>\n<p><strong>Collection HONOR<\/strong><\/p>\n<p><span style=\"color: #a50021\">\u00a0We are proud to be the official distributor of Honor USA vehicles for Canada, ensuring you direct access to this brand renowned for the quality and innovation of its vehicles.<\/span><\/p>\n<p>The X-Plod <strong>Honor 22<\/strong> The 2026 model represents the pinnacle of refinement. Designed to deliver an exceptional driving experience, it combines elegant design, high-end features, and remarkable performance.<\/p>\n<hr \/>\n<p>&nbsp;<\/p>\n<p><span style=\"color: #a50021\"><strong><u>Main Features<\/u><\/strong><\/span><\/p>\n<ul>\n<li><strong>EcoBattery 105\u202fAh lithium battery <\/strong>: Optimized range and extended lifespan<\/li>\n<li><strong>4\u202fkW AC motor <\/strong>: Enhanced power and safety<\/li>\n<li><strong>10.1-inch multi-function screen with speakers <\/strong>Rearview camera integrated into the display<\/li>\n<li><strong>Built-in smart charger<\/strong> : Efficient and safe charging<\/li>\n<li><strong>Full LED lighting with integrated turn signals in the mirrors<\/strong> : Guaranteed visibility and style<\/li>\n<li><strong>100% aluminum chassis with electrophoretic coating<\/strong> : Durability and corrosion resistance<\/li>\n<li><strong>14-inch aluminum rims <\/strong><\/li>\n<\/ul>\n<p>&nbsp;<\/p>\n<p><span style=\"color: #a50021\"><strong><u>Performance and Dimensions<\/u><\/strong><\/span><\/p>\n<ul>\n<li><strong>Max speed<\/strong> : \u2264 40 km\/h<\/li>\n<li><strong>Motor controller<\/strong> : 400A, AC Controller<\/li>\n<li><strong>Tires <\/strong>: Radial 23*10.5-14<strong><br \/>\n<\/strong><\/li>\n<li><strong>Suspension<\/strong> : Independent and adjustable at the front<\/li>\n<\/ul>\n<p>&nbsp;<\/p>\n<p><span style=\"color: #a50021\"><strong><u>Available Options<\/u><\/strong><\/span><\/p>\n<ul>\n<li>Original bumpers (Included)<\/li>\n<li>Standard bumper<\/li>\n<\/ul>\n<p>&nbsp;<\/p>\n<hr \/>\n<p><strong>X-Plod Honor 22 <\/strong>\u2013 Elegance, technology and performance<\/p>\n<p><img loading=\"lazy\" decoding=\"async\" class=\"wp-image-100312 aligncenter\" src=\"https:\/\/x-plod.ca\/wp-content\/uploads\/2025\/01\/assm-qc-fiche.jpg\" alt=\"\" width=\"148\" height=\"66\" srcset=\"https:\/\/x-plod.ca\/wp-content\/uploads\/2025\/01\/assm-qc-fiche.jpg 300w, https:\/\/x-plod.ca\/wp-content\/uploads\/2025\/01\/assm-qc-fiche-18x8.jpg 18w\" sizes=\"(max-width: 148px) 100vw, 148px\" \/><\/p>\n<p><a href=\"https:\/\/www.youtube.com\/@X-PLODCANADA\/videos\"><img loading=\"lazy\" decoding=\"async\" class=\"aligncenter wp-image-100310 size-medium\" src=\"https:\/\/x-plod.ca\/wp-content\/uploads\/2025\/01\/yt-xplod-fiche-300x56.png\" alt=\"\" width=\"300\" height=\"56\" srcset=\"https:\/\/x-plod.ca\/wp-content\/uploads\/2025\/01\/yt-xplod-fiche-300x56.png 300w, https:\/\/x-plod.ca\/wp-content\/uploads\/2025\/01\/yt-xplod-fiche-18x3.png 18w, https:\/\/x-plod.ca\/wp-content\/uploads\/2025\/01\/yt-xplod-fiche.png 354w\" sizes=\"(max-width: 300px) 100vw, 300px\" \/><\/a><\/p>\n<p><em>Prices subject to delivery and preparation fees depending on the dealer<\/em><\/p>","protected":false},"excerpt":{"rendered":"<p>HONOR 22 2026 Collection HONOR \u00a0Nous sommes fiers d\u2019\u00eatre le distributeur officiel des v\u00e9hicules Honor USA pour le Canada, vous garantissant ainsi un acc\u00e8s direct \u00e0 cette marque reconnue pour la qualit\u00e9 et l\u2019innovation de ses v\u00e9hicules. Le X-Plod Honor 22 2026 incarne le summum du raffinement. Con\u00e7u pour offrir une exp\u00e9rience de conduite exceptionnelle, [&hellip;]<\/p>","protected":false},"featured_media":101692,"comment_status":"open","ping_status":"closed","template":"","meta":{"_et_pb_use_builder":"","_et_pb_old_content":"","_et_gb_content_width":""},"product_brand":[82],"product_cat":[98,102,44],"product_tag":[104,71,105],"class_list":{"0":"post-101085","1":"product","2":"type-product","3":"status-publish","4":"has-post-thumbnail","6":"product_brand-x-plod","7":"product_cat-voiturette","8":"product_cat-collection-honor","9":"product_cat-voiturette-4-passagers","10":"product_tag-honor","11":"product_tag-voiturette-4p","12":"product_tag-x-plod","13":"product_shipping_class-voiturette","14":"tm-has-options","16":"first","17":"instock","18":"taxable","19":"shipping-taxable","20":"purchasable","21":"product-type-simple"},"_links":{"self":[{"href":"https:\/\/x-plod.ca\/en\/wp-json\/wp\/v2\/product\/101085","targetHints":{"allow":["GET"]}}],"collection":[{"href":"https:\/\/x-plod.ca\/en\/wp-json\/wp\/v2\/product"}],"about":[{"href":"https:\/\/x-plod.ca\/en\/wp-json\/wp\/v2\/types\/product"}],"replies":[{"embeddable":true,"href":"https:\/\/x-plod.ca\/en\/wp-json\/wp\/v2\/comments?post=101085"}],"wp:featuredmedia":[{"embeddable":true,"href":"https:\/\/x-plod.ca\/en\/wp-json\/wp\/v2\/media\/101692"}],"wp:attachment":[{"href":"https:\/\/x-plod.ca\/en\/wp-json\/wp\/v2\/media?parent=101085"}],"wp:term":[{"taxonomy":"product_brand","embeddable":true,"href":"https:\/\/x-plod.ca\/en\/wp-json\/wp\/v2\/product_brand?post=101085"},{"taxonomy":"product_cat","embeddable":true,"href":"https:\/\/x-plod.ca\/en\/wp-json\/wp\/v2\/product_cat?post=101085"},{"taxonomy":"product_tag","embeddable":true,"href":"https:\/\/x-plod.ca\/en\/wp-json\/wp\/v2\/product_tag?post=101085"}],"curies":[{"name":"wp","href":"https:\/\/api.w.org\/{rel}","templated":true}]}}