{"id":101007,"date":"2025-05-28T14:02:31","date_gmt":"2025-05-28T14:02:31","guid":{"rendered":"https:\/\/x-plod.ca\/?post_type=product&#038;p=101007"},"modified":"2026-04-29T15:45:10","modified_gmt":"2026-04-29T15:45:10","slug":"kandy-8-places","status":"publish","type":"product","link":"https:\/\/x-plod.ca\/en\/product\/kandy-8-places\/","title":{"rendered":"KANDY 8 Seater Collection"},"content":{"rendered":"<h3><\/h3>\n<h3><span style=\"color: #a50021;\"><strong>KANDY 8-seater golf carts<\/strong><\/span><\/h3>\n<p><strong>Collection KANDY<\/strong><\/p>\n<p>We are proud to present our 8-seater models <strong>2026 <\/strong>from the collection<strong> KANDY<\/strong>, better equipped than ever to meet all your mobility needs.<\/p>\n<hr \/>\n<p><a class=\"button\" href=\"https:\/\/x-plod.ca\/wp-content\/uploads\/2026\/02\/CAT_catalogue-Kandy-2026.pdf\" target=\"_blank\" rel=\"noopener\">Consulter le Catalogue de la collection Kandy<\/a><br \/>\n<span style=\"color: #a50021;\"><strong><u>Main Features<\/u><\/strong><\/span><\/p>\n<ul>\n<li><strong>Keyless start<\/strong> <em>(option)<\/em> : Enjoy the convenience and security of a keyless start system.<\/li>\n<li><strong>Built-in storage that can be used as a cooler<\/strong> : Enjoy a convenient space to keep your belongings cool. A side cooler is also available. <em>(option)<\/em>.<\/li>\n<li><strong>Spacious front basket<\/strong> : Perfect for carrying all your belongings with ease.<\/li>\n<li><strong>World-class lithium battery<\/strong> : Power your vehicle with a premium lithium battery for exceptional range and fast charging. Choose from top brands like Trojan and Roypow for optimal performance.<\/li>\n<li><strong>USB and Type-C Connectivity<\/strong> : Quickly charge your devices and enjoy the USB + AUX audio input to listen to your favorite music.<\/li>\n<li><strong>Aluminum alloy flooring<\/strong> : Resistant to corrosion and aging, this premium flooring ensures both durability and style.<\/li>\n<li><strong>7-inch display<\/strong> : User-friendly interface to control your vehicle and access essential information.<\/li>\n<li><strong>Built-in running board<\/strong> <em>(option)<\/em> : Makes getting in and out of your vehicle easier for enhanced comfort.<\/li>\n<li><strong>Two-year basic warranty and up to 6 years full coverage warranty<\/strong> : Protect your investment with extended warranty coverage.<\/li>\n<li><strong>Apple CarPlay<\/strong><\/li>\n<li><strong>Leather seats in a variety of colors<\/strong><\/li>\n<li><strong>Manually adjustable and foldable exterior mirrors<\/strong><\/li>\n<li><strong>DOT-certified road tires<\/strong><\/li>\n<li><strong>High-strength steel sheet chassis<\/strong><\/li>\n<li><strong>Independent front suspension with double wishbone arms<\/strong><\/li>\n<li><strong>Four-wheel hydraulic brake system with electronic parking brake<\/strong><\/li>\n<li><strong>Dual-action steering system with automatic play compensation<\/strong><\/li>\n<li><strong>48V \/ 20Ah smart charger, charging time &lt; 8 hours (at 80% discharge)<\/strong><\/li>\n<li><strong>Molded plastic dashboard with multiple connectivity options<\/strong><\/li>\n<\/ul>\n<p>&nbsp;<\/p>\n<p><span style=\"color: #a50021;\"><strong><u>Performance and Dimensions<\/u><\/strong><\/span><\/p>\n<ul>\n<li><strong>5 kW high-efficiency AC motor<\/strong><\/li>\n<li><strong>6661-48C350 48V \/ 350Ah controller with CAN communication<\/strong><\/li>\n<li><strong>Lead-acid or LiFePO4 lithium battery with a 5-year warranty<\/strong><\/li>\n<li><strong>Black polished square tube frame with extended roof<\/strong><\/li>\n<li><strong>DOT-certified pivoting glass windshield<\/strong><\/li>\n<li><strong>Max speed<\/strong> : 40 km\/h<\/li>\n<li><strong>Autonomy<\/strong> : 60-125 km<\/li>\n<li><strong>Climbing capacity (loaded)<\/strong> : 25 %<\/li>\n<li><strong>Braking distance<\/strong> : \u2264 3,5 meters<\/li>\n<li><strong>Minimum turning radius<\/strong> : 3.2 meters<\/li>\n<li><strong>Charging time<\/strong> : 2 to 8 hours<\/li>\n<li><strong>Dimensions (L\u00d7W\u00d7H)<\/strong> : 3695 \u00d7 1340 \u00d7 2130 mm (lifted version)<\/li>\n<li><strong>Front\/rear track width<\/strong> : 1005 \/ 1075 mm<\/li>\n<li><strong>Wheelbase<\/strong> : 2436 mm<\/li>\n<li><strong>Curb weight<\/strong> : 600 kg<\/li>\n<\/ul>\n<p>&nbsp;<\/p>\n<p>The models <strong>2026<\/strong> from the Collection <strong>KANDY<\/strong> are designed to deliver an exceptional driving experience, combining comfort, performance and style.<\/p>\n<p>&nbsp;<\/p>\n<h3><strong><span style=\"color: #a50021;\">** <\/span>Prix sur demande <span style=\"color: #a50021;\">**<\/span><\/strong><\/h3>\n<hr \/>\n<p>&nbsp;<\/p>\n<p><img loading=\"lazy\" decoding=\"async\" class=\"wp-image-100312 aligncenter\" src=\"https:\/\/x-plod.ca\/wp-content\/uploads\/2025\/01\/assm-qc-fiche.jpg\" alt=\"\" width=\"148\" height=\"66\" srcset=\"https:\/\/x-plod.ca\/wp-content\/uploads\/2025\/01\/assm-qc-fiche.jpg 300w, https:\/\/x-plod.ca\/wp-content\/uploads\/2025\/01\/assm-qc-fiche-18x8.jpg 18w\" sizes=\"(max-width: 148px) 100vw, 148px\" \/><\/p>\n<p><a href=\"https:\/\/www.youtube.com\/watch?v=_1KhUnWJJGk\"><img loading=\"lazy\" decoding=\"async\" class=\"aligncenter wp-image-100310 size-medium\" src=\"https:\/\/x-plod.ca\/wp-content\/uploads\/2025\/01\/yt-xplod-fiche-300x56.png\" alt=\"\" width=\"300\" height=\"56\" srcset=\"https:\/\/x-plod.ca\/wp-content\/uploads\/2025\/01\/yt-xplod-fiche-300x56.png 300w, https:\/\/x-plod.ca\/wp-content\/uploads\/2025\/01\/yt-xplod-fiche-18x3.png 18w, https:\/\/x-plod.ca\/wp-content\/uploads\/2025\/01\/yt-xplod-fiche.png 354w\" sizes=\"(max-width: 300px) 100vw, 300px\" \/><\/a><\/p>\n<p><em>Prices subject to delivery and preparation fees depending on the dealer<\/em><\/p>","protected":false},"excerpt":{"rendered":"<p>Voiturettes KANDY 8 Places Collection KANDY Nous sommes fiers de pr\u00e9senter nos mod\u00e8les 8 places 2026 de la collection KANDY, plus \u00e9quip\u00e9 que jamais pour r\u00e9pondre \u00e0 tous vos besoins en mati\u00e8re de mobilit\u00e9. Consulter le Catalogue de la collection Kandy Caract\u00e9ristiques Principales D\u00e9marrage sans cl\u00e9 (en option) : B\u00e9n\u00e9ficiez de la commodit\u00e9 et de [&hellip;]<\/p>","protected":false},"featured_media":101687,"comment_status":"open","ping_status":"closed","template":"","meta":{"_et_pb_use_builder":"","_et_pb_old_content":"","_et_gb_content_width":""},"product_brand":[82],"product_cat":[46,48],"product_tag":[106,73,105],"class_list":{"0":"post-101007","1":"product","2":"type-product","3":"status-publish","4":"has-post-thumbnail","6":"product_brand-x-plod","7":"product_cat-collection-kandy","8":"product_cat-voiturette-8-passagers","9":"product_tag-kandy","10":"product_tag-voiturette-8p","11":"product_tag-x-plod","12":"product_shipping_class-voiturette","13":"tm-no-options","15":"first","16":"instock","17":"taxable","18":"shipping-taxable","19":"product-type-simple"},"_links":{"self":[{"href":"https:\/\/x-plod.ca\/en\/wp-json\/wp\/v2\/product\/101007","targetHints":{"allow":["GET"]}}],"collection":[{"href":"https:\/\/x-plod.ca\/en\/wp-json\/wp\/v2\/product"}],"about":[{"href":"https:\/\/x-plod.ca\/en\/wp-json\/wp\/v2\/types\/product"}],"replies":[{"embeddable":true,"href":"https:\/\/x-plod.ca\/en\/wp-json\/wp\/v2\/comments?post=101007"}],"wp:featuredmedia":[{"embeddable":true,"href":"https:\/\/x-plod.ca\/en\/wp-json\/wp\/v2\/media\/101687"}],"wp:attachment":[{"href":"https:\/\/x-plod.ca\/en\/wp-json\/wp\/v2\/media?parent=101007"}],"wp:term":[{"taxonomy":"product_brand","embeddable":true,"href":"https:\/\/x-plod.ca\/en\/wp-json\/wp\/v2\/product_brand?post=101007"},{"taxonomy":"product_cat","embeddable":true,"href":"https:\/\/x-plod.ca\/en\/wp-json\/wp\/v2\/product_cat?post=101007"},{"taxonomy":"product_tag","embeddable":true,"href":"https:\/\/x-plod.ca\/en\/wp-json\/wp\/v2\/product_tag?post=101007"}],"curies":[{"name":"wp","href":"https:\/\/api.w.org\/{rel}","templated":true}]}}