{"id":100982,"date":"2025-05-26T18:06:27","date_gmt":"2025-05-26T18:06:27","guid":{"rendered":"https:\/\/x-plod.ca\/?post_type=product&#038;p=100982"},"modified":"2026-04-29T15:28:04","modified_gmt":"2026-04-29T15:28:04","slug":"dmax-xt6-4x4","status":"publish","type":"product","link":"https:\/\/x-plod.ca\/en\/product\/dmax-xt6-4x4\/","title":{"rendered":"DMAX XT6 (4X4)"},"content":{"rendered":"<p>&nbsp;<\/p>\n<h3><span style=\"color: #a50021\"><strong>DMAX XT6 2026<\/strong><\/span><\/h3>\n<p><strong>Collection EVO<\/strong><\/p>\n<p><span style=\"color: #a50021\"><strong>X-Plod is proud to be the official distributor of \u00c9volution products in the United States and here in Canada.<\/strong><\/span><\/p>\n<p>The <strong>X-Plod DMAX XT6<\/strong> offers an exceptional combination of power, onboard technology, and passenger capacity. Equipped with dual-power motors, a high-capacity lithium battery, reinforced suspensions, and luxury features, it is designed to tackle any terrain with style, comfort, and stability.<\/p>\n<hr \/>\n<p><a class=\"button\" href=\"https:\/\/x-plod.ca\/wp-content\/uploads\/2026\/02\/Catalogue-EVO-2026.pdf\" target=\"_blank\" rel=\"noopener\">Consulter le Catalogue de la collection EVO<\/a><br \/>\n<span style=\"color: #a50021\"><strong><u>Main Features<\/u><\/strong><\/span><\/p>\n<ul>\n<li><strong>Dual 48V AC motor: 4\u202fkW + 6.3\u202fkW with electromagnetic brake (EM brake)<\/strong><\/li>\n<li><strong>EV48-400-C \/ EV48-450 controller with advanced torque management<\/strong><\/li>\n<li><strong>48V \/ 160Ah lithium battery with smart management system<\/strong><\/li>\n<li><strong>10.1\u2033 touchscreen with Apple CarPlay and Android Auto compatibility<\/strong><\/li>\n<li><strong>Built-in refrigerator with dual USB ports and 12V dashboard outlet<\/strong><\/li>\n<li><strong>Dual wireless charger for mobile phones<\/strong><\/li>\n<li><strong>Audio system with 21 roof-mounted speakers and subwoofer<\/strong><\/li>\n<li><strong>16\u00d78.5 aluminum wheels with 24x10R16 all-terrain tires<\/strong><\/li>\n<li><strong>4-wheel hydraulic disc brakes with EM parking brake<\/strong><\/li>\n<li><strong>Electrophoretic-coated chassis for maximum durability<\/strong><\/li>\n<li><strong>Two-tone luxury seats, 3-point DOT seat belts, running boards, and side handles<\/strong><\/li>\n<\/ul>\n<p>&nbsp;<\/p>\n<p><span style=\"color: #a50021\"><strong><u>Performance and Dimensions<\/u><\/strong><\/span><\/p>\n<ul>\n<li><strong>Max speed<\/strong> <strong>(KM\/H):<\/strong> 20\/40 Ajustable<\/li>\n<li><strong>Climbing capacity (loaded)<\/strong> : 25%<\/li>\n<li><strong>Minimum turning radius<\/strong> : 6.15 m<\/li>\n<li><strong>Dimensions (L\u00d7W\u00d7H)<\/strong> : 3695x 1425 x 2155mm<\/li>\n<li><strong>Curb weight<\/strong> : 780kg<\/li>\n<li><strong>Max load capacity<\/strong> : 1280kg<\/li>\n<li><strong>Tires <\/strong>: 24x10R16 all-terrain<\/li>\n<li><strong>Braking<\/strong> : 4 hydraulic disc brakes + EM brake<\/li>\n<li><strong>Charger<\/strong> : 48V \/ 25A (AC 110-220V)<\/li>\n<\/ul>\n<p>&nbsp;<\/p>\n<p><span style=\"color: #a50021\"><strong><u>Standard Equipment Included<\/u><\/strong><\/span><\/p>\n<ul>\n<li>Two-tone luxury seats<\/li>\n<li>Built-in refrigerator<\/li>\n<li>Sliding rear support with 74\u202fL portable cooler<\/li>\n<li>Foldable storage compartments with hidden rear basket<\/li>\n<li>Electric power steering system<\/li>\n<li>Side running boards, grab handles, and heavy-duty bumpers<\/li>\n<li>Full LED lighting with illuminated logo<\/li>\n<\/ul>\n<p>&nbsp;<\/p>\n<p><span style=\"color: #a50021\"><strong><u>Available Options<\/u><\/strong><\/span><\/p>\n<ul>\n<li>Removable golf bag holder<\/li>\n<li>Customizable colors<\/li>\n<li>Multi-function rear tray<\/li>\n<li>Fold-down windshield with side vents<\/li>\n<\/ul>\n<p>&nbsp;<\/p>\n<hr \/>\n<p><strong><span style=\"color: #a50021\">X-Plod DMAX XT6<\/span> \u2013 4 passengers | Integrated luxury, power, and technology<\/strong><\/p>\n<p><img loading=\"lazy\" decoding=\"async\" class=\"wp-image-100312 aligncenter\" src=\"https:\/\/x-plod.ca\/wp-content\/uploads\/2025\/01\/assm-qc-fiche.jpg\" alt=\"\" width=\"148\" height=\"66\" srcset=\"https:\/\/x-plod.ca\/wp-content\/uploads\/2025\/01\/assm-qc-fiche.jpg 300w, https:\/\/x-plod.ca\/wp-content\/uploads\/2025\/01\/assm-qc-fiche-18x8.jpg 18w\" sizes=\"(max-width: 148px) 100vw, 148px\" \/><\/p>\n<p><a href=\"https:\/\/www.youtube.com\/@X-PLODCANADA\/videos\"><img loading=\"lazy\" decoding=\"async\" class=\"aligncenter wp-image-100310 size-medium\" src=\"https:\/\/x-plod.ca\/wp-content\/uploads\/2025\/01\/yt-xplod-fiche-300x56.png\" alt=\"\" width=\"300\" height=\"56\" srcset=\"https:\/\/x-plod.ca\/wp-content\/uploads\/2025\/01\/yt-xplod-fiche-300x56.png 300w, https:\/\/x-plod.ca\/wp-content\/uploads\/2025\/01\/yt-xplod-fiche-18x3.png 18w, https:\/\/x-plod.ca\/wp-content\/uploads\/2025\/01\/yt-xplod-fiche.png 354w\" sizes=\"(max-width: 300px) 100vw, 300px\" \/><\/a><\/p>\n<p><em>Prices subject to delivery and preparation fees depending on the dealer<\/em><\/p>","protected":false},"excerpt":{"rendered":"<p>&nbsp; DMAX XT6 2026 Collection EVO X-Plod est fier d\u2019\u00eatre le distributeur officiel des produits \u00c9volution aux \u00c9tats-Unis ici au Canada. Le X-Plod DMAX XT6 offre une combinaison exceptionnelle de puissance, de technologie embarqu\u00e9e et de capacit\u00e9 d\u2019accueil. Dot\u00e9 de moteurs double puissance, d\u2019une batterie lithium haute capacit\u00e9, de suspensions renforc\u00e9es et d\u2019\u00e9quipements luxueux, il [&hellip;]<\/p>","protected":false},"featured_media":101628,"comment_status":"open","ping_status":"closed","template":"","meta":{"_et_pb_use_builder":"","_et_pb_old_content":"","_et_gb_content_width":""},"product_brand":[82],"product_cat":[98,51,17],"product_tag":[110,109,108,72,105],"class_list":{"0":"post-100982","1":"product","2":"type-product","3":"status-publish","4":"has-post-thumbnail","6":"product_brand-x-plod","7":"product_cat-voiturette","8":"product_cat-collection-evo","9":"product_cat-voiturette-6-passagers","10":"product_tag-4x4","11":"product_tag-dmax","12":"product_tag-evo","13":"product_tag-voiturette-6p","14":"product_tag-x-plod","15":"product_shipping_class-voiturette","16":"tm-has-options","18":"first","19":"instock","20":"taxable","21":"shipping-taxable","22":"purchasable","23":"product-type-simple"},"_links":{"self":[{"href":"https:\/\/x-plod.ca\/en\/wp-json\/wp\/v2\/product\/100982","targetHints":{"allow":["GET"]}}],"collection":[{"href":"https:\/\/x-plod.ca\/en\/wp-json\/wp\/v2\/product"}],"about":[{"href":"https:\/\/x-plod.ca\/en\/wp-json\/wp\/v2\/types\/product"}],"replies":[{"embeddable":true,"href":"https:\/\/x-plod.ca\/en\/wp-json\/wp\/v2\/comments?post=100982"}],"wp:featuredmedia":[{"embeddable":true,"href":"https:\/\/x-plod.ca\/en\/wp-json\/wp\/v2\/media\/101628"}],"wp:attachment":[{"href":"https:\/\/x-plod.ca\/en\/wp-json\/wp\/v2\/media?parent=100982"}],"wp:term":[{"taxonomy":"product_brand","embeddable":true,"href":"https:\/\/x-plod.ca\/en\/wp-json\/wp\/v2\/product_brand?post=100982"},{"taxonomy":"product_cat","embeddable":true,"href":"https:\/\/x-plod.ca\/en\/wp-json\/wp\/v2\/product_cat?post=100982"},{"taxonomy":"product_tag","embeddable":true,"href":"https:\/\/x-plod.ca\/en\/wp-json\/wp\/v2\/product_tag?post=100982"}],"curies":[{"name":"wp","href":"https:\/\/api.w.org\/{rel}","templated":true}]}}