{"id":100978,"date":"2025-05-26T17:49:54","date_gmt":"2025-05-26T17:49:54","guid":{"rendered":"https:\/\/x-plod.ca\/?post_type=product&#038;p=100978"},"modified":"2026-04-29T15:28:04","modified_gmt":"2026-04-29T15:28:04","slug":"dmax-gt6","status":"publish","type":"product","link":"https:\/\/x-plod.ca\/en\/product\/dmax-gt6\/","title":{"rendered":"DMAX GT6"},"content":{"rendered":"<h3><\/h3>\n<h3><span style=\"color: #a50021\"><strong>DMAX GT6 2026<\/strong><\/span><\/h3>\n<p><strong>Collection EVO<\/strong><\/p>\n<p><span style=\"color: #a50021\"><strong>X-Plod is proud to be the official distributor of \u00c9volution products in the United States and here in Canada.<\/strong><\/span><\/p>\n<p>The <strong>X-Plod D-MAX GT6<\/strong> redefines premium electric mobility for groups. Designed to deliver an exceptional driving experience, it combines elegant design, luxury features, and cutting-edge onboard technologies. Ideal for upscale residential, recreational, and commercial environments, this vehicle sets the standard for comfort and style.<\/p>\n<hr \/>\n<p><a class=\"button\" href=\"https:\/\/x-plod.ca\/wp-content\/uploads\/2026\/02\/Catalogue-EVO-2026.pdf\" target=\"_blank\" rel=\"noopener\">Consulter le Catalogue de la collection EVO<\/a><br \/>\n<span style=\"color: #a50021\"><strong><u>Main Features<\/u><\/strong><\/span><\/p>\n<ul>\n<li><strong>Batterie lithium 48V \/ 160 Ah<\/strong> : autonomie maximale<\/li>\n<li><strong>6.3 kW AC motor with electromagnetic brake<\/strong> : Smooth and safe performance<\/li>\n<li><strong>10.1\u2033 touchscreen display<\/strong> compatible with <strong>Apple CarPlay<\/strong><\/li>\n<li><strong>Wireless charging system for two mobile phones simultaneously<\/strong><\/li>\n<li><strong>Dashboard-integrated refrigerator + 12V outlet and dual USB port<\/strong><\/li>\n<li><strong>High-end audio system with 21 roof-mounted speakers and dual subwoofers<\/strong><\/li>\n<li><strong>Rear sliding tray with included 74-liter rolling cooler<\/strong><\/li>\n<li><strong>16-inch aluminum wheels + 225\/45R16 radial tires<\/strong><\/li>\n<li><strong>Four-wheel hydraulic disc brakes + electromagnetic handbrake<\/strong><\/li>\n<li><strong>3-point seat belts included<\/strong><\/li>\n<li><strong>Folding windshield with sliding side vents<\/strong><\/li>\n<li><strong>Rangements dissimul\u00e9s<\/strong><\/li>\n<li><strong>Foldable windshield with sliding vents<\/strong> : customizable ventilation<\/li>\n<\/ul>\n<p>&nbsp;<\/p>\n<p><span style=\"color: #a50021\"><strong><u>Performance and Dimensions<\/u><\/strong><\/span><\/p>\n<ul>\n<li><strong>Max speed<\/strong> <strong>(KM\/H):<\/strong> 40<\/li>\n<li><strong>Battery :<\/strong> 48V lithium battery with smart management<\/li>\n<li><strong>Motor<\/strong> : 6.3\u202fkW AC with electromagnetic brake<\/li>\n<li><strong>Motor controller<\/strong> : 400 A, AC Controller<\/li>\n<li><strong>Dimensions (L\u00d7W\u00d7H)<\/strong> : 3870 x 1425 x 2150 mm<\/li>\n<li><strong>Charger<\/strong> : 25A<\/li>\n<li><strong>Tires <\/strong>225\/45R16 Radial tires<\/li>\n<li><strong>Structure <\/strong>: Electrophoretically treated steel<\/li>\n<li><strong>Lighting<\/strong> : LED with illuminated logo<\/li>\n<li><strong>Technology\u00a0<\/strong>: 10.1\u2033 touchscreen, 24-speaker audio system, built-in refrigerator &amp; dual wireless chargers<\/li>\n<\/ul>\n<p>&nbsp;<\/p>\n<p><span style=\"color: #a50021\"><strong><u>Available Options<\/u><\/strong><\/span><\/p>\n<ul>\n<li><strong>Foldable rear basket with utility box<\/strong> : for additional storage space<\/li>\n<li><strong>Retractable rear tray with 74-liter portable cooler<\/strong> : ideal for extended outings<\/li>\n<li><strong>Extendable golf bag holder (up to 4 bags)<\/strong> : perfect for golf enthusiasts<\/li>\n<li><strong>Battery<\/strong> au lithium 48V \/ 160H avec chauffage int\u00e9gr\u00e9<\/li>\n<\/ul>\n<p>&nbsp;<\/p>\n<hr \/>\n<p><strong><span style=\"color: #a50021\">X-Plod DMAX GT6<\/span> \u2013 6 passengers, luxury, performance, and integrated technology<\/strong><\/p>\n<p><img loading=\"lazy\" decoding=\"async\" class=\"wp-image-100312 aligncenter\" src=\"https:\/\/x-plod.ca\/wp-content\/uploads\/2025\/01\/assm-qc-fiche.jpg\" alt=\"\" width=\"148\" height=\"66\" srcset=\"https:\/\/x-plod.ca\/wp-content\/uploads\/2025\/01\/assm-qc-fiche.jpg 300w, https:\/\/x-plod.ca\/wp-content\/uploads\/2025\/01\/assm-qc-fiche-18x8.jpg 18w\" sizes=\"(max-width: 148px) 100vw, 148px\" \/><\/p>\n<p><a href=\"https:\/\/www.youtube.com\/@X-PLODCANADA\/videos\"><img loading=\"lazy\" decoding=\"async\" class=\"aligncenter wp-image-100310 size-medium\" src=\"https:\/\/x-plod.ca\/wp-content\/uploads\/2025\/01\/yt-xplod-fiche-300x56.png\" alt=\"\" width=\"300\" height=\"56\" srcset=\"https:\/\/x-plod.ca\/wp-content\/uploads\/2025\/01\/yt-xplod-fiche-300x56.png 300w, https:\/\/x-plod.ca\/wp-content\/uploads\/2025\/01\/yt-xplod-fiche-18x3.png 18w, https:\/\/x-plod.ca\/wp-content\/uploads\/2025\/01\/yt-xplod-fiche.png 354w\" sizes=\"(max-width: 300px) 100vw, 300px\" \/><\/a><\/p>\n<p><em>Prices subject to delivery and preparation fees depending on the dealer<\/em><\/p>","protected":false},"excerpt":{"rendered":"<p>DMAX GT6 2026 Collection EVO X-Plod est fier d\u2019\u00eatre le distributeur officiel des produits \u00c9volution aux \u00c9tats-Unis ici au Canada. Le X-Plod D-MAX GT6 red\u00e9finit la mobilit\u00e9 \u00e9lectrique haut de gamme pour les groupes. Con\u00e7u pour offrir une exp\u00e9rience de conduite exceptionnelle, il allie design \u00e9l\u00e9gant, \u00e9quipements de luxe et technologies embarqu\u00e9es de pointe. Id\u00e9al [&hellip;]<\/p>","protected":false},"featured_media":101626,"comment_status":"open","ping_status":"closed","template":"","meta":{"_et_pb_use_builder":"","_et_pb_old_content":"","_et_gb_content_width":""},"product_brand":[82],"product_cat":[98,51,47],"product_tag":[109,108,72,105],"class_list":{"0":"post-100978","1":"product","2":"type-product","3":"status-publish","4":"has-post-thumbnail","6":"product_brand-x-plod","7":"product_cat-voiturette","8":"product_cat-collection-evo","9":"product_cat-voiturette-4-passagers-vers-lavant","10":"product_tag-dmax","11":"product_tag-evo","12":"product_tag-voiturette-6p","13":"product_tag-x-plod","14":"product_shipping_class-voiturette","15":"tm-has-options","17":"first","18":"instock","19":"taxable","20":"shipping-taxable","21":"purchasable","22":"product-type-simple"},"_links":{"self":[{"href":"https:\/\/x-plod.ca\/en\/wp-json\/wp\/v2\/product\/100978","targetHints":{"allow":["GET"]}}],"collection":[{"href":"https:\/\/x-plod.ca\/en\/wp-json\/wp\/v2\/product"}],"about":[{"href":"https:\/\/x-plod.ca\/en\/wp-json\/wp\/v2\/types\/product"}],"replies":[{"embeddable":true,"href":"https:\/\/x-plod.ca\/en\/wp-json\/wp\/v2\/comments?post=100978"}],"wp:featuredmedia":[{"embeddable":true,"href":"https:\/\/x-plod.ca\/en\/wp-json\/wp\/v2\/media\/101626"}],"wp:attachment":[{"href":"https:\/\/x-plod.ca\/en\/wp-json\/wp\/v2\/media?parent=100978"}],"wp:term":[{"taxonomy":"product_brand","embeddable":true,"href":"https:\/\/x-plod.ca\/en\/wp-json\/wp\/v2\/product_brand?post=100978"},{"taxonomy":"product_cat","embeddable":true,"href":"https:\/\/x-plod.ca\/en\/wp-json\/wp\/v2\/product_cat?post=100978"},{"taxonomy":"product_tag","embeddable":true,"href":"https:\/\/x-plod.ca\/en\/wp-json\/wp\/v2\/product_tag?post=100978"}],"curies":[{"name":"wp","href":"https:\/\/api.w.org\/{rel}","templated":true}]}}