{"id":100976,"date":"2025-05-26T17:37:43","date_gmt":"2025-05-26T17:37:43","guid":{"rendered":"https:\/\/x-plod.ca\/?post_type=product&#038;p=100976"},"modified":"2026-04-29T15:28:04","modified_gmt":"2026-04-29T15:28:04","slug":"dmax-gt4","status":"publish","type":"product","link":"https:\/\/x-plod.ca\/en\/product\/dmax-gt4\/","title":{"rendered":"DMAX GT4"},"content":{"rendered":"<h3><\/h3>\n<h3><strong><span style=\"color: #a50021\">DMAX GT4 2026<\/span><\/strong><\/h3>\n<p><strong>Collection EVO<\/strong><\/p>\n<p><span style=\"color: #a50021\"><strong>X-Plod is proud to be the official distributor of \u00c9volution products in the United States and here in Canada.<\/strong><\/span><\/p>\n<p>The <strong>X-Plod DMAX GT4<\/strong> Redefines premium electric driving. Designed for prestigious residential, recreational, and commercial environments, this model combines bold design, luxury features, and cutting-edge onboard technology <strong>design audacieux<\/strong>, un <strong>\u00e9quipement de luxe<\/strong> et des <strong>technologies embarqu\u00e9es de pointe<\/strong>.<\/p>\n<p>Every detail of the DMAX GT4 embodies the pinnacle of modern electric mobility, making this vehicle a true showcase of innovation and refinement. <strong>mobilit\u00e9 \u00e9lectrique moderne<\/strong>, faisant de ce v\u00e9hicule une v\u00e9ritable vitrine d\u2019innovation et de raffinement.<\/p>\n<hr \/>\n<p><a class=\"button\" href=\"https:\/\/x-plod.ca\/wp-content\/uploads\/2026\/02\/Catalogue-EVO-2026.pdf\" target=\"_blank\" rel=\"noopener\">Consulter le Catalogue de la collection EVO<\/a><br \/>\n<span style=\"color: #a50021\"><strong><u>Main Features<\/u><\/strong><\/span><\/p>\n<ul>\n<li><strong>Batterie lithium 48V \/ 160 Ah <\/strong>: autonomie maximale<\/li>\n<li><strong>6.3 kW AC motor with electromagnetic brake<\/strong> : Smooth and safe performance<\/li>\n<li><strong>10.1\u2033 touchscreen display<\/strong> compatible with <strong>Apple CarPlay<\/strong><\/li>\n<li><strong>Wireless charging system for two mobile phones simultaneously<\/strong><\/li>\n<li><strong>Dashboard-integrated refrigerator + 12V outlet and dual USB port<\/strong><\/li>\n<li><strong>High-end audio system with 16 roof-mounted speakers and dual subwoofers<\/strong><\/li>\n<li><strong>Rear sliding tray with included 74-liter rolling cooler<\/strong><\/li>\n<li><strong>16-inch aluminum wheels + 225\/45R16 radial tires<\/strong><\/li>\n<li><strong>Four-wheel hydraulic disc brakes + electromagnetic handbrake<\/strong><\/li>\n<li><strong>3-point seat belts included<\/strong><\/li>\n<li><strong>Folding windshield with sliding side vents<\/strong><\/li>\n<li><strong>Rangements dissimul\u00e9s<\/strong><\/li>\n<\/ul>\n<p>&nbsp;<\/p>\n<p><span style=\"color: #a50021\"><strong><u>Performance and Dimensions<\/u><\/strong><\/span><\/p>\n<ul>\n<li><strong>Max speed<\/strong> <strong>(KM\/H):<\/strong> 20\/40 Ajustable<\/li>\n<li><strong>Climbing capacity (loaded)<\/strong> : 25%<\/li>\n<li><strong>Braking distance<\/strong> : \u22643 m<\/li>\n<li><strong>Minimum turning radius<\/strong> : 4.6 m<\/li>\n<li><strong>Dimensions (L\u00d7W\u00d7H)<\/strong> : 3020 x 1425 x 2075 mm<\/li>\n<li><strong>Curb weight<\/strong> : 570 kg<\/li>\n<li><strong>Max load capacity<\/strong> : 920 kg<\/li>\n<li><strong>Tires <\/strong>225\/45R16 Radial tires<\/li>\n<li><strong>Structure <\/strong>: Electrophoretically treated steel<\/li>\n<li><strong>Lighting<\/strong> : LED with illuminated logo<\/li>\n<\/ul>\n<p>&nbsp;<\/p>\n<p><span style=\"color: #a50021\"><strong><u>Standard Equipment Included<\/u><\/strong><\/span><\/p>\n<ul>\n<li>Roof color-matched to the vehicle<\/li>\n<li>Two-tone luxury seats with armrests<\/li>\n<li>Nerf bars<\/li>\n<li>Dual cup holders, USB ports, 12V outlet<\/li>\n<li>Sliding mount with multifunction box<\/li>\n<li>Rear sliding tray with portable cooler<\/li>\n<li>Ergonomic steering wheel with controls<\/li>\n<li>Rearview camera integrated into the display<\/li>\n<li>DOT 3-point seat belts<\/li>\n<\/ul>\n<p>&nbsp;<\/p>\n<p><span style=\"color: #a50021\"><strong><u>Available Options<\/u><\/strong><\/span><\/p>\n<ul>\n<li>Removable golf bag holder<\/li>\n<li>Custom color options<\/li>\n<li>Mirrors &amp; transport accessories<\/li>\n<li>48V \/ 160 Ah lithium battery with integrated heating<\/li>\n<\/ul>\n<p>&nbsp;<\/p>\n<hr \/>\n<p><strong><span style=\"color: #a50021\">X-Plod DMAX GT4<\/span> \u2013 4 passengers | Integrated luxury, power, and technology<\/strong><\/p>\n<p><img loading=\"lazy\" decoding=\"async\" class=\"wp-image-100312 aligncenter\" src=\"https:\/\/x-plod.ca\/wp-content\/uploads\/2025\/01\/assm-qc-fiche.jpg\" alt=\"\" width=\"148\" height=\"66\" srcset=\"https:\/\/x-plod.ca\/wp-content\/uploads\/2025\/01\/assm-qc-fiche.jpg 300w, https:\/\/x-plod.ca\/wp-content\/uploads\/2025\/01\/assm-qc-fiche-18x8.jpg 18w\" sizes=\"(max-width: 148px) 100vw, 148px\" \/><\/p>\n<p><a href=\"https:\/\/www.youtube.com\/@X-PLODCANADA\/videos\"><img loading=\"lazy\" decoding=\"async\" class=\"aligncenter wp-image-100310 size-medium\" src=\"https:\/\/x-plod.ca\/wp-content\/uploads\/2025\/01\/yt-xplod-fiche-300x56.png\" alt=\"\" width=\"300\" height=\"56\" srcset=\"https:\/\/x-plod.ca\/wp-content\/uploads\/2025\/01\/yt-xplod-fiche-300x56.png 300w, https:\/\/x-plod.ca\/wp-content\/uploads\/2025\/01\/yt-xplod-fiche-18x3.png 18w, https:\/\/x-plod.ca\/wp-content\/uploads\/2025\/01\/yt-xplod-fiche.png 354w\" sizes=\"(max-width: 300px) 100vw, 300px\" \/><\/a><\/p>\n<p><em>Prices subject to delivery and preparation fees depending on the dealer<\/em><\/p>","protected":false},"excerpt":{"rendered":"<p>DMAX GT4 2026 Collection EVO X-Plod est fier d\u2019\u00eatre le distributeur officiel des produits \u00c9volution aux \u00c9tats-Unis ici au Canada. Le X-Plod DMAX GT4 red\u00e9finit la conduite \u00e9lectrique haut de gamme. Pens\u00e9 pour les environnements r\u00e9sidentiels, r\u00e9cr\u00e9atifs et commerciaux de prestige, ce mod\u00e8le allie un design audacieux, un \u00e9quipement de luxe et des technologies embarqu\u00e9es [&hellip;]<\/p>","protected":false},"featured_media":101625,"comment_status":"open","ping_status":"closed","template":"","meta":{"_et_pb_use_builder":"","_et_pb_old_content":"","_et_gb_content_width":""},"product_brand":[82],"product_cat":[98,51,44,47],"product_tag":[109,108,71,105],"class_list":{"0":"post-100976","1":"product","2":"type-product","3":"status-publish","4":"has-post-thumbnail","6":"product_brand-x-plod","7":"product_cat-voiturette","8":"product_cat-collection-evo","9":"product_cat-voiturette-4-passagers","10":"product_cat-voiturette-4-passagers-vers-lavant","11":"product_tag-dmax","12":"product_tag-evo","13":"product_tag-voiturette-4p","14":"product_tag-x-plod","15":"product_shipping_class-voiturette","16":"tm-has-options","18":"first","19":"instock","20":"taxable","21":"shipping-taxable","22":"purchasable","23":"product-type-simple"},"_links":{"self":[{"href":"https:\/\/x-plod.ca\/en\/wp-json\/wp\/v2\/product\/100976","targetHints":{"allow":["GET"]}}],"collection":[{"href":"https:\/\/x-plod.ca\/en\/wp-json\/wp\/v2\/product"}],"about":[{"href":"https:\/\/x-plod.ca\/en\/wp-json\/wp\/v2\/types\/product"}],"replies":[{"embeddable":true,"href":"https:\/\/x-plod.ca\/en\/wp-json\/wp\/v2\/comments?post=100976"}],"wp:featuredmedia":[{"embeddable":true,"href":"https:\/\/x-plod.ca\/en\/wp-json\/wp\/v2\/media\/101625"}],"wp:attachment":[{"href":"https:\/\/x-plod.ca\/en\/wp-json\/wp\/v2\/media?parent=100976"}],"wp:term":[{"taxonomy":"product_brand","embeddable":true,"href":"https:\/\/x-plod.ca\/en\/wp-json\/wp\/v2\/product_brand?post=100976"},{"taxonomy":"product_cat","embeddable":true,"href":"https:\/\/x-plod.ca\/en\/wp-json\/wp\/v2\/product_cat?post=100976"},{"taxonomy":"product_tag","embeddable":true,"href":"https:\/\/x-plod.ca\/en\/wp-json\/wp\/v2\/product_tag?post=100976"}],"curies":[{"name":"wp","href":"https:\/\/api.w.org\/{rel}","templated":true}]}}