{"id":100960,"date":"2025-05-26T18:19:15","date_gmt":"2025-05-26T18:19:15","guid":{"rendered":"https:\/\/x-plod.ca\/?post_type=product&#038;p=100960"},"modified":"2026-04-29T15:28:04","modified_gmt":"2026-04-29T15:28:04","slug":"vizeon-4-2025","status":"publish","type":"product","link":"https:\/\/x-plod.ca\/en\/product\/vizeon-4-2025\/","title":{"rendered":"Vizeon 4 2026"},"content":{"rendered":"<h3><\/h3>\n<h3><strong><span style=\"color: #a50021\">Vizeon 4 2026<\/span><\/strong><\/h3>\n<p><strong>Collection KANDY<\/strong><\/p>\n<p>Get ahead with the all-new <strong>X-Plod VIZEON4<\/strong>, a revolutionary model combining elegance, durability, and cutting-edge technology. The VIZEON turns your journeys into a true driving experience.<\/p>\n<p>Designed for those who demand more, it offers extended range, superior comfort, and optimized performance for private estates, resorts, or premium tourist facilities.<\/p>\n<hr \/>\n<p><a class=\"button\" href=\"https:\/\/x-plod.ca\/wp-content\/uploads\/2026\/02\/CAT_catalogue-Kandy-2026.pdf\" target=\"_blank\" rel=\"noopener\">Consulter le Catalogue de la collection Kandy<\/a><\/p>\n<p><span style=\"color: #a50021\"><strong><u>Main Features<\/u><\/strong><\/span><\/p>\n<ul>\n<li><strong>105\u202fAh heated lithium battery (LiFePO4)<\/strong> : Up to 80\u202fkm range, ideal for cold climates<\/li>\n<li><strong>Moteur AC 48V \/ 5000W<\/strong> : Powerful, quiet, and energy-efficient<\/li>\n<li><strong>10.1\u2033 touchscreen with Apple CarPlay and Android Auto compatibility<\/strong> : Advanced connectivity for smart driving<\/li>\n<li><strong>Full independent suspension<\/strong> : Comfort and stability on all terrains<\/li>\n<li><strong>4-wheel hydraulic disc brakes<\/strong> + <strong>Electronic parking brake<\/strong><\/li>\n<li><strong>Reinforced steel chassis with anti-corrosion treatment<\/strong><\/li>\n<li><strong>Multi-function digital dashboard with USB \/ Type-C ports<\/strong><\/li>\n<li><strong>Combined headlights with low\/high beams, turn signals, and horns<\/strong><\/li>\n<li><strong>High-density waterproof seats and rubber flooring<\/strong><\/li>\n<li><strong>Foldable acrylic windshield<\/strong><\/li>\n<li><strong>Running boards included<\/strong> for easy and stylish access<\/li>\n<\/ul>\n<p>&nbsp;<\/p>\n<p><span style=\"color: #a50021\"><strong><u>Performance and Dimensions<\/u><\/strong><\/span><\/p>\n<ul>\n<li><strong>Max speed<\/strong> : 40 km\/h<\/li>\n<li><strong>Climbing capacity (loaded)<\/strong> : \u2264 20 %<\/li>\n<li><strong>Braking distance<\/strong> : \u2264 4 m<\/li>\n<li><strong>Minimum turning radius<\/strong> : \u2264 4,5 m<\/li>\n<li><strong>Charging time<\/strong> : Approximately 8 hours<\/li>\n<li><strong>Dimensions (L\u00d7W\u00d7H)<\/strong> : 3120 x 1330 x 2075 mm<\/li>\n<li><strong>Wheelbase<\/strong> : 2115 mm<\/li>\n<li><strong>Curb weight<\/strong> : 570 kg (incluant la batterie)<\/li>\n<li><strong>Charger : <\/strong>48V \/ 20A (Intelligent, built-in)<\/li>\n<\/ul>\n<p>&nbsp;<\/p>\n<hr \/>\n<p>&nbsp;<\/p>\n<p><img loading=\"lazy\" decoding=\"async\" class=\"wp-image-100312 aligncenter\" src=\"https:\/\/x-plod.ca\/wp-content\/uploads\/2025\/01\/assm-qc-fiche.jpg\" alt=\"\" width=\"148\" height=\"66\" srcset=\"https:\/\/x-plod.ca\/wp-content\/uploads\/2025\/01\/assm-qc-fiche.jpg 300w, https:\/\/x-plod.ca\/wp-content\/uploads\/2025\/01\/assm-qc-fiche-18x8.jpg 18w\" sizes=\"(max-width: 148px) 100vw, 148px\" \/><\/p>\n<p><a href=\"https:\/\/www.youtube.com\/@X-PLODCANADA\/videos\"><img loading=\"lazy\" decoding=\"async\" class=\"aligncenter wp-image-100310 size-medium\" src=\"https:\/\/x-plod.ca\/wp-content\/uploads\/2025\/01\/yt-xplod-fiche-300x56.png\" alt=\"\" width=\"300\" height=\"56\" srcset=\"https:\/\/x-plod.ca\/wp-content\/uploads\/2025\/01\/yt-xplod-fiche-300x56.png 300w, https:\/\/x-plod.ca\/wp-content\/uploads\/2025\/01\/yt-xplod-fiche-18x3.png 18w, https:\/\/x-plod.ca\/wp-content\/uploads\/2025\/01\/yt-xplod-fiche.png 354w\" sizes=\"(max-width: 300px) 100vw, 300px\" \/><\/a><\/p>\n<p><em>Prices subject to delivery and preparation fees depending on the dealer<\/em><\/p>","protected":false},"excerpt":{"rendered":"<p>Vizeon 4 2026 Collection KANDY Prenez de l&rsquo;avance avec le tout nouveau X-Plod VIZEON4, un mod\u00e8le r\u00e9volutionnaire combinant \u00e9l\u00e9gance, robustesse et technologie de pointe. Le VIZEON transforme vos d\u00e9placements en v\u00e9ritable exp\u00e9rience de conduite. Con\u00e7u pour ceux qui exigent plus, il offre une autonomie \u00e9tendue, un confort sup\u00e9rieur et une performance optimis\u00e9e pour les environnements [&hellip;]<\/p>","protected":false},"featured_media":101684,"comment_status":"open","ping_status":"closed","template":"","meta":{"_et_pb_use_builder":"","_et_pb_old_content":"","_et_gb_content_width":""},"product_brand":[82],"product_cat":[98,46,47],"product_tag":[106,107,71,105],"class_list":{"0":"post-100960","1":"product","2":"type-product","3":"status-publish","4":"has-post-thumbnail","6":"product_brand-x-plod","7":"product_cat-voiturette","8":"product_cat-collection-kandy","9":"product_cat-voiturette-4-passagers-vers-lavant","10":"product_tag-kandy","11":"product_tag-vizeon","12":"product_tag-voiturette-4p","13":"product_tag-x-plod","14":"product_shipping_class-voiturette","15":"tm-has-options","17":"first","18":"instock","19":"taxable","20":"shipping-taxable","21":"purchasable","22":"product-type-simple"},"_links":{"self":[{"href":"https:\/\/x-plod.ca\/en\/wp-json\/wp\/v2\/product\/100960","targetHints":{"allow":["GET"]}}],"collection":[{"href":"https:\/\/x-plod.ca\/en\/wp-json\/wp\/v2\/product"}],"about":[{"href":"https:\/\/x-plod.ca\/en\/wp-json\/wp\/v2\/types\/product"}],"replies":[{"embeddable":true,"href":"https:\/\/x-plod.ca\/en\/wp-json\/wp\/v2\/comments?post=100960"}],"wp:featuredmedia":[{"embeddable":true,"href":"https:\/\/x-plod.ca\/en\/wp-json\/wp\/v2\/media\/101684"}],"wp:attachment":[{"href":"https:\/\/x-plod.ca\/en\/wp-json\/wp\/v2\/media?parent=100960"}],"wp:term":[{"taxonomy":"product_brand","embeddable":true,"href":"https:\/\/x-plod.ca\/en\/wp-json\/wp\/v2\/product_brand?post=100960"},{"taxonomy":"product_cat","embeddable":true,"href":"https:\/\/x-plod.ca\/en\/wp-json\/wp\/v2\/product_cat?post=100960"},{"taxonomy":"product_tag","embeddable":true,"href":"https:\/\/x-plod.ca\/en\/wp-json\/wp\/v2\/product_tag?post=100960"}],"curies":[{"name":"wp","href":"https:\/\/api.w.org\/{rel}","templated":true}]}}