{"id":100873,"date":"2025-03-26T17:51:05","date_gmt":"2025-03-26T17:51:05","guid":{"rendered":"https:\/\/x-plod.ca\/?post_type=product&#038;p=100873"},"modified":"2026-04-29T15:28:04","modified_gmt":"2026-04-29T15:28:04","slug":"xplorer6","status":"publish","type":"product","link":"https:\/\/x-plod.ca\/en\/product\/xplorer6\/","title":{"rendered":"Xplorer 6 2026"},"content":{"rendered":"<h3><\/h3>\n<h3><strong><span style=\"color: #a50021\">Xplorer 6 2026<\/span><\/strong><\/h3>\n<p><strong>Collection RALLY<\/strong><\/p>\n<p>The <strong>Xplorer 6\u00a0<\/strong>combines unmatched build quality with the sophistication of a luxury vehicle. Its cutting-edge design and off-road capabilities offer an exceptional driving experience. You also have the option to customize your Xplorer by choosing from a wide range of colors and lithium batteries.<\/p>\n<hr \/>\n<p><a class=\"button\" href=\"https:\/\/x-plod.ca\/wp-content\/uploads\/2026\/02\/CAT_catalogue-RALLY-2026.pdf\" target=\"_blank\" rel=\"noopener\">Consulter le Catalogue de la collection Rally<\/a><\/p>\n<p><span style=\"color: #a50021\"><strong><u>Main Features<\/u><\/strong><\/span><\/p>\n<ul>\n<li><strong>Connectivit\u00e9 avanc\u00e9e avec Apple CarPlay : <\/strong>For a connected driving experience.<\/li>\n<li><strong>5 kW AC motor: <\/strong>Silent and efficient power with every mile traveled.<\/li>\n<li><strong>Tilt Steering : <\/strong>Personalized driving comfort.<\/li>\n<li><strong>Rear Camera : <\/strong>For safe maneuvering.<\/li>\n<li><strong>LiFePO4 lithium battery: <\/strong>Extended range and exceptional durability.<\/li>\n<li><strong>Four-wheel hydraulic brakes: <\/strong>Proven quality and maximum safety.<\/li>\n<\/ul>\n<p>&nbsp;<\/p>\n<p>Discover the future of mobility with the <strong>Xplorer 6<\/strong>Drive with elegance and style, whether in urban settings or out in nature. Explore the world aboard the Xplorer, a true masterpiece of design and technology.<\/p>\n<hr \/>\n<p>&nbsp;<\/p>\n<p><img loading=\"lazy\" decoding=\"async\" class=\"wp-image-100312 aligncenter\" src=\"https:\/\/x-plod.ca\/wp-content\/uploads\/2025\/01\/assm-qc-fiche.jpg\" alt=\"\" width=\"148\" height=\"66\" srcset=\"https:\/\/x-plod.ca\/wp-content\/uploads\/2025\/01\/assm-qc-fiche.jpg 300w, https:\/\/x-plod.ca\/wp-content\/uploads\/2025\/01\/assm-qc-fiche-18x8.jpg 18w\" sizes=\"(max-width: 148px) 100vw, 148px\" \/><\/p>\n<p><a href=\"https:\/\/www.youtube.com\/watch?v=gVPG7s9yqXs\"><img loading=\"lazy\" decoding=\"async\" class=\"size-medium wp-image-100310 aligncenter\" src=\"https:\/\/x-plod.ca\/wp-content\/uploads\/2025\/01\/yt-xplod-fiche-300x56.png\" alt=\"\" width=\"300\" height=\"56\" srcset=\"https:\/\/x-plod.ca\/wp-content\/uploads\/2025\/01\/yt-xplod-fiche-300x56.png 300w, https:\/\/x-plod.ca\/wp-content\/uploads\/2025\/01\/yt-xplod-fiche-18x3.png 18w, https:\/\/x-plod.ca\/wp-content\/uploads\/2025\/01\/yt-xplod-fiche.png 354w\" sizes=\"(max-width: 300px) 100vw, 300px\" \/><\/a><\/p>\n<p><em>Prices subject to delivery and preparation fees depending on the dealer<\/em><\/p>","protected":false},"excerpt":{"rendered":"<p>Xplorer 6 2026 Collection RALLY Le Xplorer 6\u00a0combine une qualit\u00e9 de fabrication in\u00e9gal\u00e9e avec le raffinement d\u2019un v\u00e9hicule de luxe. Son design avant-gardiste et ses capacit\u00e9s tout-terrain vous offrent une exp\u00e9rience de conduite hors pair. Vous avez \u00e9galement la possibilit\u00e9 de personnaliser votre Xplorer en choisissant parmi une large gamme de couleurs et de batteries [&hellip;]<\/p>","protected":false},"featured_media":101646,"comment_status":"open","ping_status":"closed","template":"","meta":{"_et_pb_use_builder":"","_et_pb_old_content":"","_et_gb_content_width":""},"product_brand":[82],"product_cat":[98,49,17],"product_tag":[111,72,105,117],"class_list":{"0":"post-100873","1":"product","2":"type-product","3":"status-publish","4":"has-post-thumbnail","6":"product_brand-x-plod","7":"product_cat-voiturette","8":"product_cat-collection-rally","9":"product_cat-voiturette-6-passagers","10":"product_tag-rally","11":"product_tag-voiturette-6p","12":"product_tag-x-plod","13":"product_tag-xplorer","14":"product_shipping_class-voiturette","15":"tm-has-options","17":"first","18":"instock","19":"taxable","20":"shipping-taxable","21":"purchasable","22":"product-type-simple"},"_links":{"self":[{"href":"https:\/\/x-plod.ca\/en\/wp-json\/wp\/v2\/product\/100873","targetHints":{"allow":["GET"]}}],"collection":[{"href":"https:\/\/x-plod.ca\/en\/wp-json\/wp\/v2\/product"}],"about":[{"href":"https:\/\/x-plod.ca\/en\/wp-json\/wp\/v2\/types\/product"}],"replies":[{"embeddable":true,"href":"https:\/\/x-plod.ca\/en\/wp-json\/wp\/v2\/comments?post=100873"}],"wp:featuredmedia":[{"embeddable":true,"href":"https:\/\/x-plod.ca\/en\/wp-json\/wp\/v2\/media\/101646"}],"wp:attachment":[{"href":"https:\/\/x-plod.ca\/en\/wp-json\/wp\/v2\/media?parent=100873"}],"wp:term":[{"taxonomy":"product_brand","embeddable":true,"href":"https:\/\/x-plod.ca\/en\/wp-json\/wp\/v2\/product_brand?post=100873"},{"taxonomy":"product_cat","embeddable":true,"href":"https:\/\/x-plod.ca\/en\/wp-json\/wp\/v2\/product_cat?post=100873"},{"taxonomy":"product_tag","embeddable":true,"href":"https:\/\/x-plod.ca\/en\/wp-json\/wp\/v2\/product_tag?post=100873"}],"curies":[{"name":"wp","href":"https:\/\/api.w.org\/{rel}","templated":true}]}}