{"id":100788,"date":"2025-03-05T21:15:34","date_gmt":"2025-03-05T21:15:34","guid":{"rendered":"https:\/\/x-plod.ca\/?post_type=product&#038;p=100788"},"modified":"2026-04-29T15:55:12","modified_gmt":"2026-04-29T15:55:12","slug":"barre-de-son-bluetooth","status":"publish","type":"product","link":"https:\/\/x-plod.ca\/en\/product\/barre-de-son-bluetooth\/","title":{"rendered":"Bluetooth Sound Bar"},"content":{"rendered":"<p>&nbsp;<\/p>\n<h3><span style=\"color: #a50021\"><strong>Bluetooth Sound Bar<\/strong><\/span><\/h3>\n<p>Barres de son bluetooth pour voiturette disponibles en 2 mod\u00e8les :<\/p>\n<ul>\n<li>27&Prime;<\/li>\n<li>32&Prime;<\/li>\n<\/ul>\n<p>Les barres de son disposent de lumi\u00e8res LED \u00e0 l&rsquo;arri\u00e8re<\/p>","protected":false},"excerpt":{"rendered":"<p>&nbsp; Barre de son bluetooth Barres de son bluetooth pour voiturette disponibles en 2 mod\u00e8les : 27&Prime; 32&Prime; Les barres de son disposent de lumi\u00e8res LED \u00e0 l&rsquo;arri\u00e8re<\/p>","protected":false},"featured_media":101976,"comment_status":"open","ping_status":"closed","template":"","meta":{"_et_pb_use_builder":"","_et_pb_old_content":"","_et_gb_content_width":""},"product_brand":[],"product_cat":[18],"product_tag":[95,93,94],"class_list":{"0":"post-100788","1":"product","2":"type-product","3":"status-publish","4":"has-post-thumbnail","6":"product_cat-accessoires","7":"product_tag-audio","8":"product_tag-barre-de-son","9":"product_tag-bluetooth","10":"product_shipping_class-pieces-et-accessoires","11":"tm-no-options","13":"first","14":"instock","15":"taxable","16":"shipping-taxable","17":"purchasable","18":"product-type-variable"},"_links":{"self":[{"href":"https:\/\/x-plod.ca\/en\/wp-json\/wp\/v2\/product\/100788","targetHints":{"allow":["GET"]}}],"collection":[{"href":"https:\/\/x-plod.ca\/en\/wp-json\/wp\/v2\/product"}],"about":[{"href":"https:\/\/x-plod.ca\/en\/wp-json\/wp\/v2\/types\/product"}],"replies":[{"embeddable":true,"href":"https:\/\/x-plod.ca\/en\/wp-json\/wp\/v2\/comments?post=100788"}],"wp:featuredmedia":[{"embeddable":true,"href":"https:\/\/x-plod.ca\/en\/wp-json\/wp\/v2\/media\/101976"}],"wp:attachment":[{"href":"https:\/\/x-plod.ca\/en\/wp-json\/wp\/v2\/media?parent=100788"}],"wp:term":[{"taxonomy":"product_brand","embeddable":true,"href":"https:\/\/x-plod.ca\/en\/wp-json\/wp\/v2\/product_brand?post=100788"},{"taxonomy":"product_cat","embeddable":true,"href":"https:\/\/x-plod.ca\/en\/wp-json\/wp\/v2\/product_cat?post=100788"},{"taxonomy":"product_tag","embeddable":true,"href":"https:\/\/x-plod.ca\/en\/wp-json\/wp\/v2\/product_tag?post=100788"}],"curies":[{"name":"wp","href":"https:\/\/api.w.org\/{rel}","templated":true}]}}