{"id":100787,"date":"2025-03-11T14:18:00","date_gmt":"2025-03-11T14:18:00","guid":{"rendered":"https:\/\/x-plod.ca\/?post_type=product&#038;p=100787"},"modified":"2026-04-29T15:51:28","modified_gmt":"2026-04-29T15:51:28","slug":"ensemble-de-penu-et-roue-8","status":"publish","type":"product","link":"https:\/\/x-plod.ca\/en\/product\/ensemble-de-penu-et-roue-8\/","title":{"rendered":"Ensemble de pneu et roue 8&Prime;"},"content":{"rendered":"<h3><\/h3>\n<h3><span style=\"color: #a50021\"><strong>Ensemble de pneu et roue<\/strong><\/span><span style=\"color: #a50021\"><strong><br \/>\n<\/strong><\/span><\/h3>\n<p>Ensemble de pneu et roue 8&Prime;<\/p>\n<p>Dimension : 18 x 8.5-8 4PLY<\/p>\n<p>(Couleur de roue \u00e0 titre indicatif uniquement)<\/p>\n<p>** Le prix affich\u00e9 inclut un ensemble complet : 1 pneu + 1 roue d\u00e9j\u00e0 assembl\u00e9s<\/p>","protected":false},"excerpt":{"rendered":"<pre><strong>Nom de produit :<\/strong> XPG_CARRY_WHITE 8\" TIRE STREET 18\/8.5-R8<\/pre>","protected":false},"featured_media":101978,"comment_status":"open","ping_status":"closed","template":"","meta":{"_et_pb_use_builder":"","_et_pb_old_content":"","_et_gb_content_width":""},"product_brand":[82],"product_cat":[52],"product_tag":[81],"class_list":{"0":"post-100787","1":"product","2":"type-product","3":"status-publish","4":"has-post-thumbnail","6":"product_brand-x-plod","7":"product_cat-roue-et-pneu","8":"product_tag-ensemble-roues-pneus","9":"product_shipping_class-colis-pneus","10":"tm-no-options","12":"first","13":"instock","14":"taxable","15":"shipping-taxable","16":"purchasable","17":"product-type-simple"},"_links":{"self":[{"href":"https:\/\/x-plod.ca\/en\/wp-json\/wp\/v2\/product\/100787","targetHints":{"allow":["GET"]}}],"collection":[{"href":"https:\/\/x-plod.ca\/en\/wp-json\/wp\/v2\/product"}],"about":[{"href":"https:\/\/x-plod.ca\/en\/wp-json\/wp\/v2\/types\/product"}],"replies":[{"embeddable":true,"href":"https:\/\/x-plod.ca\/en\/wp-json\/wp\/v2\/comments?post=100787"}],"wp:featuredmedia":[{"embeddable":true,"href":"https:\/\/x-plod.ca\/en\/wp-json\/wp\/v2\/media\/101978"}],"wp:attachment":[{"href":"https:\/\/x-plod.ca\/en\/wp-json\/wp\/v2\/media?parent=100787"}],"wp:term":[{"taxonomy":"product_brand","embeddable":true,"href":"https:\/\/x-plod.ca\/en\/wp-json\/wp\/v2\/product_brand?post=100787"},{"taxonomy":"product_cat","embeddable":true,"href":"https:\/\/x-plod.ca\/en\/wp-json\/wp\/v2\/product_cat?post=100787"},{"taxonomy":"product_tag","embeddable":true,"href":"https:\/\/x-plod.ca\/en\/wp-json\/wp\/v2\/product_tag?post=100787"}],"curies":[{"name":"wp","href":"https:\/\/api.w.org\/{rel}","templated":true}]}}