{"id":100750,"date":"2025-02-18T17:50:50","date_gmt":"2025-02-18T17:50:50","guid":{"rendered":"https:\/\/x-plod.ca\/?post_type=product&#038;p=100750"},"modified":"2026-03-26T01:35:31","modified_gmt":"2026-03-26T01:35:31","slug":"rideau-de-protection-haut-de-gamme-contre-la-pluie","status":"publish","type":"product","link":"https:\/\/x-plod.ca\/en\/product\/rideau-de-protection-haut-de-gamme-contre-la-pluie\/","title":{"rendered":"High-Quality Rain protection curtain"},"content":{"rendered":"<p>&nbsp;<\/p>\n<h3><span style=\"color: #a50021\"><strong>High-Quality Rain protection curtain<\/strong><\/span><\/h3>\n<p>Rideau de protection haut-de-gamme contre la pluie con\u00e7u pour :<\/p>\n<p>les voiturettes XPLOD \u00e0 <strong>2<\/strong> passagers <strong>face avant<\/strong> &amp; <strong>2<\/strong> passagers <strong>face arri\u00e8re<\/strong> suivantes<\/p>\n<ul>\n<li>Mavrick22<\/li>\n<li>Ranger22<\/li>\n<\/ul>\n<p>les voiturettes XPLOD \u00e0 <strong>4<\/strong> passagers <strong>face avant<\/strong> suivantes :<\/p>\n<ul>\n<li>Ranger4<\/li>\n<li>Mavrick4<\/li>\n<li>DMAX GT4 &amp; XT4<\/li>\n<\/ul>\n<p>et les voiturettes XPLOD \u00e0 <strong>6<\/strong> passagers <strong>face avant<\/strong> suivantes :<\/p>\n<ul>\n<li>Mavrick6<\/li>\n<li>Ranger6<\/li>\n<li>DMAX GT6 &amp; XT6<\/li>\n<\/ul>","protected":false},"excerpt":{"rendered":"<p>&nbsp; Rideau de protection haut-de-gamme contre la pluie Rideau de protection haut-de-gamme contre la pluie con\u00e7u pour : les voiturettes XPLOD \u00e0 2 passagers face avant et 2 passagers face arri\u00e8re suivantes Mavrick22 Ranger22 les voiturettes XPLOD \u00e0 4 passagers face avant suivantes : Ranger4 Mavrick4 DMAX GT4 &amp; XT4 et les voiturettes XPLOD \u00e0 [&hellip;]<\/p>","protected":false},"featured_media":101974,"comment_status":"open","ping_status":"closed","template":"","meta":{"_et_pb_use_builder":"","_et_pb_old_content":"","_et_gb_content_width":""},"product_brand":[],"product_cat":[18,92],"product_tag":[85,91,90,89],"class_list":{"0":"post-100750","1":"product","2":"type-product","3":"status-publish","4":"has-post-thumbnail","6":"product_cat-accessoires","7":"product_cat-rideau-pluie","8":"product_tag-accessoire","9":"product_tag-pluie","10":"product_tag-protection","11":"product_tag-rideau","12":"tm-no-options","14":"first","15":"instock","16":"taxable","17":"shipping-taxable","18":"purchasable","19":"product-type-variable"},"_links":{"self":[{"href":"https:\/\/x-plod.ca\/en\/wp-json\/wp\/v2\/product\/100750","targetHints":{"allow":["GET"]}}],"collection":[{"href":"https:\/\/x-plod.ca\/en\/wp-json\/wp\/v2\/product"}],"about":[{"href":"https:\/\/x-plod.ca\/en\/wp-json\/wp\/v2\/types\/product"}],"replies":[{"embeddable":true,"href":"https:\/\/x-plod.ca\/en\/wp-json\/wp\/v2\/comments?post=100750"}],"wp:featuredmedia":[{"embeddable":true,"href":"https:\/\/x-plod.ca\/en\/wp-json\/wp\/v2\/media\/101974"}],"wp:attachment":[{"href":"https:\/\/x-plod.ca\/en\/wp-json\/wp\/v2\/media?parent=100750"}],"wp:term":[{"taxonomy":"product_brand","embeddable":true,"href":"https:\/\/x-plod.ca\/en\/wp-json\/wp\/v2\/product_brand?post=100750"},{"taxonomy":"product_cat","embeddable":true,"href":"https:\/\/x-plod.ca\/en\/wp-json\/wp\/v2\/product_cat?post=100750"},{"taxonomy":"product_tag","embeddable":true,"href":"https:\/\/x-plod.ca\/en\/wp-json\/wp\/v2\/product_tag?post=100750"}],"curies":[{"name":"wp","href":"https:\/\/api.w.org\/{rel}","templated":true}]}}