{"id":100076,"date":"2024-12-15T19:35:03","date_gmt":"2024-12-15T19:35:03","guid":{"rendered":"https:\/\/x-plod.ca\/?post_type=product&#038;p=100076"},"modified":"2026-04-29T15:28:05","modified_gmt":"2026-04-29T15:28:05","slug":"furtif-utilitaire","status":"publish","type":"product","link":"https:\/\/x-plod.ca\/en\/product\/furtif-utilitaire\/","title":{"rendered":"Furtif Utilitaire 2026"},"content":{"rendered":"<h3><\/h3>\n<h3><span style=\"color: #a50021;\"><strong>Furtif Utilitaire 2026<\/strong><\/span><\/h3>\n<p><strong>Collection KANDY<\/strong>\u00a0 <strong><br \/>\n<\/strong><\/p>\n<p>We are proud to present our model <strong>Furtif Utilitary<\/strong>, better equipped than ever to meet all your mobility needs.<\/p>\n<p>The <strong>Furtif Utilitary<\/strong> is designed to deliver an exceptional driving experience, combining comfort, performance, and style.<\/p>\n<hr \/>\n<p><a class=\"button\" href=\"https:\/\/x-plod.ca\/wp-content\/uploads\/2026\/02\/CAT_catalogue-Kandy-2026.pdf\" target=\"_blank\" rel=\"noopener\">Consulter le Catalogue de la collection Kandy<\/a><\/p>\n<p><span style=\"color: #a50021;\"><strong><u>Main Features<\/u><\/strong><\/span><\/p>\n<ul>\n<li><strong>Keyless start (Option)<\/strong> : Enjoy the convenience and security of a keyless start system.<\/li>\n<li><strong>Built-in storage that can be used as a cooler<\/strong> : Profitez d\u2019un espace pratique pour garder vos affaires au frais. Une glaci\u00e8re lat\u00e9rale est \u00e9galement disponible (en option).<\/li>\n<li><strong>Spacious front basket<\/strong> : Perfect for carrying all your belongings with ease.<\/li>\n<li><strong>World-class lithium battery<\/strong> : Power your vehicle with a premium lithium battery for exceptional range and fast charging. Choose from top brands like Trojan and Roypow for optimal performance.<\/li>\n<li><strong>USB and Type-C Connectivity<\/strong> : Quickly charge your devices and enjoy the USB + AUX audio input to listen to your favorite music.<\/li>\n<li><strong>Aluminum alloy flooring<\/strong> : Resistant to corrosion and aging, this premium flooring ensures both durability and style.<\/li>\n<li><strong>7-inch display<\/strong> : User-friendly interface to control your vehicle and access essential information.<\/li>\n<li><strong>Built-in running board (Option)<\/strong> : Makes getting in and out of your vehicle easier for enhanced comfort.<\/li>\n<li><strong>Two-year basic warranty and up to 6 years full coverage warranty<\/strong> : Protect your investment with extended warranty coverage.<\/li>\n<li><strong>Apple CarPlay<\/strong>.<\/li>\n<li><strong>Motor : <\/strong>5 kW high-efficiency AC motor<\/li>\n<li><strong>Battery : <\/strong>Acid or LifePO4 lithium<strong> 5 years warranty<\/strong><\/li>\n<\/ul>\n<p>&nbsp;<\/p>\n<p><span style=\"color: #a50021;\"><strong><u>Technical Specifications<br \/>\n<\/u><\/strong><\/span><\/p>\n<ul>\n<li><strong>Max speed<\/strong> : 40 km\/h<\/li>\n<li><strong>Autonomy<\/strong> : 60-125 km<\/li>\n<li><strong>Climbing capacity (loaded)<\/strong> : 25 %<\/li>\n<li><strong>Braking distance<\/strong> : &lt;= 3,5 meters<\/li>\n<li><strong>Minimum turning radius<\/strong> : 3.2 meters<\/li>\n<li><strong>Charging time<\/strong> : 2 to 8 hours<\/li>\n<li><strong>Dimensions (L\u00d7W\u00d7H)<\/strong> : 2800\u00d7 1215 \u00d7 1940 mm (<span style=\"color: #a50021;\">version Low Rider<\/span>)<\/li>\n<li><strong>Dimensions (L\u00d7W\u00d7H)<\/strong> : 2800\u00d7 1340 \u00d7 2090 mm (<span style=\"color: #a50021;\">version Lifted<\/span>)<\/li>\n<li><strong>Dimensions de la boite cargo (L\u00d7l) <span style=\"color: #a50021;\">version r\u00e9guli\u00e8re<\/span><\/strong> : 1100 \u00d7 800 mm<\/li>\n<li><strong>Dimensions de la boite cargo (L\u00d7l) <span style=\"color: #a50021;\">version XL<\/span><\/strong> : 1100 \u00d7 1300 mm<\/li>\n<li><strong>Front\/rear track width<\/strong> : 1005 \/ 1075 mm<\/li>\n<li><strong>Wheelbase<\/strong> : 2436 mm<\/li>\n<li><strong>Curb weight<\/strong> : 600 kg<\/li>\n<\/ul>\n<p>&nbsp;<\/p>\n<hr \/>\n<p>&nbsp;<\/p>\n<p><img loading=\"lazy\" decoding=\"async\" class=\"wp-image-100312 aligncenter\" src=\"https:\/\/x-plod.ca\/wp-content\/uploads\/2025\/01\/assm-qc-fiche.jpg\" alt=\"\" width=\"148\" height=\"66\" srcset=\"https:\/\/x-plod.ca\/wp-content\/uploads\/2025\/01\/assm-qc-fiche.jpg 300w, https:\/\/x-plod.ca\/wp-content\/uploads\/2025\/01\/assm-qc-fiche-18x8.jpg 18w\" sizes=\"(max-width: 148px) 100vw, 148px\" \/> <a href=\"https:\/\/www.youtube.com\/watch?v=_1KhUnWJJGk\"><img loading=\"lazy\" decoding=\"async\" class=\"size-medium wp-image-100310 aligncenter\" src=\"https:\/\/x-plod.ca\/wp-content\/uploads\/2025\/01\/yt-xplod-fiche-300x56.png\" alt=\"\" width=\"300\" height=\"56\" srcset=\"https:\/\/x-plod.ca\/wp-content\/uploads\/2025\/01\/yt-xplod-fiche-300x56.png 300w, https:\/\/x-plod.ca\/wp-content\/uploads\/2025\/01\/yt-xplod-fiche-18x3.png 18w, https:\/\/x-plod.ca\/wp-content\/uploads\/2025\/01\/yt-xplod-fiche.png 354w\" sizes=\"(max-width: 300px) 100vw, 300px\" \/><\/a><\/p>\n<p style=\"text-align: center;\"><span style=\"color: #808080;\"><em>Prices subject to delivery and preparation fees depending on the dealer<\/em><\/span><\/p>","protected":false},"excerpt":{"rendered":"<p>Furtif Utilitaire 2026 Collection KANDY\u00a0 Nous sommes fiers de pr\u00e9senter notre mod\u00e8le Furtif Utilitaire, plus \u00e9quip\u00e9 que jamais pour r\u00e9pondre \u00e0 tous vos besoins en mati\u00e8re de mobilit\u00e9. Le Furtif Utilitaire est con\u00e7u pour offrir une exp\u00e9rience de conduite exceptionnelle, alliant confort, performance et style. Consulter le Catalogue de la collection Kandy Caract\u00e9ristiques Principales D\u00e9marrage [&hellip;]<\/p>","protected":false},"featured_media":101690,"comment_status":"open","ping_status":"closed","template":"","meta":{"_et_pb_use_builder":"","_et_pb_old_content":"","_et_gb_content_width":""},"product_brand":[82],"product_cat":[98,46,68],"product_tag":[113,106,74,70,105],"class_list":{"0":"post-100076","1":"product","2":"type-product","3":"status-publish","4":"has-post-thumbnail","6":"product_brand-x-plod","7":"product_cat-voiturette","8":"product_cat-collection-kandy","9":"product_cat-cargo-utilitaire","10":"product_tag-furtif","11":"product_tag-kandy","12":"product_tag-vehicule-utilitaire","13":"product_tag-voiturette-2p","14":"product_tag-x-plod","15":"product_shipping_class-voiturette","16":"tm-has-options","18":"first","19":"instock","20":"taxable","21":"shipping-taxable","22":"purchasable","23":"product-type-simple"},"_links":{"self":[{"href":"https:\/\/x-plod.ca\/en\/wp-json\/wp\/v2\/product\/100076","targetHints":{"allow":["GET"]}}],"collection":[{"href":"https:\/\/x-plod.ca\/en\/wp-json\/wp\/v2\/product"}],"about":[{"href":"https:\/\/x-plod.ca\/en\/wp-json\/wp\/v2\/types\/product"}],"replies":[{"embeddable":true,"href":"https:\/\/x-plod.ca\/en\/wp-json\/wp\/v2\/comments?post=100076"}],"wp:featuredmedia":[{"embeddable":true,"href":"https:\/\/x-plod.ca\/en\/wp-json\/wp\/v2\/media\/101690"}],"wp:attachment":[{"href":"https:\/\/x-plod.ca\/en\/wp-json\/wp\/v2\/media?parent=100076"}],"wp:term":[{"taxonomy":"product_brand","embeddable":true,"href":"https:\/\/x-plod.ca\/en\/wp-json\/wp\/v2\/product_brand?post=100076"},{"taxonomy":"product_cat","embeddable":true,"href":"https:\/\/x-plod.ca\/en\/wp-json\/wp\/v2\/product_cat?post=100076"},{"taxonomy":"product_tag","embeddable":true,"href":"https:\/\/x-plod.ca\/en\/wp-json\/wp\/v2\/product_tag?post=100076"}],"curies":[{"name":"wp","href":"https:\/\/api.w.org\/{rel}","templated":true}]}}