{"id":90274,"date":"2023-09-14T04:05:44","date_gmt":"2023-09-14T04:05:44","guid":{"rendered":"https:\/\/themes.diviplus.io\/electronics-store\/?page_id=16"},"modified":"2026-04-01T13:21:13","modified_gmt":"2026-04-01T13:21:13","slug":"concessionnaire","status":"publish","type":"page","link":"https:\/\/x-plod.ca\/en\/concessionnaire\/","title":{"rendered":"Find a dealer"},"content":{"rendered":"<p>[et_pb_section fb_built=\u00a0\u00bb1&Prime; custom_padding_last_edited=\u00a0\u00bbon|phone\u00a0\u00bb _builder_version=\u00a0\u00bb4.27.5&Prime; _module_preset=\u00a0\u00bbdefault\u00a0\u00bb background_image=\u00a0\u00bbhttps:\/\/x-plod.ca\/wp-content\/uploads\/2026\/02\/trouver-revendeur-1.png\u00a0\u00bb background_position=\u00a0\u00bbtop_left\u00a0\u00bb background_horizontal_offset=\u00a0\u00bb10%\u00a0\u00bb background_vertical_offset=\u00a0\u00bb80%\u00a0\u00bb background_repeat=\u00a0\u00bbrepeat\u00a0\u00bb custom_margin=\u00a0\u00bb-100px||||false|false\u00a0\u00bb custom_margin_tablet=\u00a0\u00bb-100px||||false|false\u00a0\u00bb custom_margin_phone=\u00a0\u00bb0px||||false|false\u00a0\u00bb custom_margin_last_edited=\u00a0\u00bbon|phone\u00a0\u00bb custom_padding=\u00a0\u00bb0px||0px||true|false\u00a0\u00bb custom_padding_tablet=\u00a0\u00bb40px||40px||true|false\u00a0\u00bb custom_padding_phone=\u00a0\u00bb30px||30px||true|false\u00a0\u00bb locked=\u00a0\u00bboff\u00a0\u00bb global_colors_info=\u00a0\u00bb{}\u00a0\u00bb][et_pb_row column_structure=\u00a0\u00bb2_3,1_3&Prime; use_custom_gutter=\u00a0\u00bbon\u00a0\u00bb gutter_width=\u00a0\u00bb1&Prime; _builder_version=\u00a0\u00bb4.22.2&Prime; _module_preset=\u00a0\u00bbdefault\u00a0\u00bb custom_padding=\u00a0\u00bb0px||0px||true|false\u00a0\u00bb custom_css_main_element=\u00a0\u00bbdisplay: flex;||align-items: center;\u00a0\u00bb global_colors_info=\u00a0\u00bb{}\u00a0\u00bb custom_css_main_element_last_edited=\u00a0\u00bbon|tablet\u00a0\u00bb custom_css_main_element_tablet=\u00a0\u00bbdisplay: flex;||flex-wrap: wrap;\u00a0\u00bb custom_css_main_element_phone=\u00a0\u00bbdisplay: flex;||flex-wrap: wrap;\u00a0\u00bb][et_pb_column type=\u00a0\u00bb2_3&Prime; _builder_version=\u00a0\u00bb4.22.1&Prime; _module_preset=\u00a0\u00bbdefault\u00a0\u00bb global_colors_info=\u00a0\u00bb{}\u00a0\u00bb][et_pb_text _builder_version=\u00a0\u00bb4.27.4&Prime; _module_preset=\u00a0\u00bbdefault\u00a0\u00bb header_font=\u00a0\u00bb|700|||||||\u00a0\u00bb header_text_color=\u00a0\u00bb#FFFFFF\u00a0\u00bb header_font_size=\u00a0\u00bb46px\u00a0\u00bb header_line_height=\u00a0\u00bb1.3em\u00a0\u00bb header_3_text_color=\u00a0\u00bb#FFFFFF\u00a0\u00bb custom_margin=\u00a0\u00bb150px||100px||false|false\u00a0\u00bb custom_margin_tablet=\u00a0\u00bb150px||100px||false|false\u00a0\u00bb custom_margin_phone=\u00a0\u00bb50px||50px||false|false\u00a0\u00bb custom_margin_last_edited=\u00a0\u00bbon|phone\u00a0\u00bb header_font_size_tablet=\u00a0\u00bb36px\u00a0\u00bb header_font_size_phone=\u00a0\u00bb30px\u00a0\u00bb header_font_size_last_edited=\u00a0\u00bbon|desktop\u00a0\u00bb global_colors_info=\u00a0\u00bb{}\u00a0\u00bb]<\/p>\n<h1>To quickly locate an X-Plod dealer near you!<\/h1>\n<p>[\/et_pb_text][\/et_pb_column][et_pb_column type=\u00a0\u00bb1_3&Prime; _builder_version=\u00a0\u00bb4.22.1&Prime; _module_preset=\u00a0\u00bbdefault\u00a0\u00bb global_colors_info=\u00a0\u00bb{}\u00a0\u00bb][\/et_pb_column][\/et_pb_row][\/et_pb_section][et_pb_section fb_built=\u00a0\u00bb1&Prime; custom_padding_last_edited=\u00a0\u00bbon|phone\u00a0\u00bb admin_label=\u00a0\u00bbDLE Contact Page 05&Prime; _builder_version=\u00a0\u00bb4.27.4&Prime; _module_preset=\u00a0\u00bbdefault\u00a0\u00bb custom_padding_tablet=\u00a0\u00bb\u00a0\u00bb custom_padding_phone=\u00a0\u00bb|||0px|false|false\u00a0\u00bb global_colors_info=\u00a0\u00bb{}\u00a0\u00bb][et_pb_row custom_padding_last_edited=\u00a0\u00bboff|tablet\u00a0\u00bb _builder_version=\u00a0\u00bb4.22.2&Prime; _module_preset=\u00a0\u00bbdefault\u00a0\u00bb background_color=\u00a0\u00bb#f7f7f7&Prime; width_last_edited=\u00a0\u00bboff|tablet\u00a0\u00bb custom_margin_phone=\u00a0\u00bb||||false|false\u00a0\u00bb custom_margin_last_edited=\u00a0\u00bboff|phone\u00a0\u00bb custom_padding=\u00a0\u00bb||||false|false\u00a0\u00bb custom_padding_tablet=\u00a0\u00bb||||false|false\u00a0\u00bb custom_padding_phone=\u00a0\u00bb||||true|false\u00a0\u00bb border_radii=\u00a0\u00bbon|20px|20px|20px|20px\u00a0\u00bb border_width_all=\u00a0\u00bb1px\u00a0\u00bb border_color_all=\u00a0\u00bb#d3d3d3&Prime; global_colors_info=\u00a0\u00bb{}\u00a0\u00bb][et_pb_column type=\u00a0\u00bb4_4&Prime; _builder_version=\u00a0\u00bb4.16&Prime; _module_preset=\u00a0\u00bbdefault\u00a0\u00bb custom_padding=\u00a0\u00bb|50px||50px|false|true\u00a0\u00bb custom_padding_tablet=\u00a0\u00bb|50px||50px|false|true\u00a0\u00bb custom_padding_phone=\u00a0\u00bb|20px||20px|false|true\u00a0\u00bb custom_padding_last_edited=\u00a0\u00bbon|phone\u00a0\u00bb global_colors_info=\u00a0\u00bb{}\u00a0\u00bb][et_pb_text _builder_version=\u00a0\u00bb4.27.4&Prime; _module_preset=\u00a0\u00bbdefault\u00a0\u00bb header_2_text_color=\u00a0\u00bb#000000&Prime; header_2_font_size=\u00a0\u00bb35px\u00a0\u00bb text_orientation=\u00a0\u00bbcenter\u00a0\u00bb custom_margin=\u00a0\u00bb||50px||false|false\u00a0\u00bb header_2_font_size_tablet=\u00a0\u00bb32px\u00a0\u00bb header_2_font_size_phone=\u00a0\u00bb26px\u00a0\u00bb header_2_font_size_last_edited=\u00a0\u00bbon|phone\u00a0\u00bb locked=\u00a0\u00bboff\u00a0\u00bb global_colors_info=\u00a0\u00bb{}\u00a0\u00bb]<\/p>\n<h3><span>Send us a quick message and we\u2019ll put you<\/span><\/h3>\n<h3><span>in touch with the closest dealer.<\/span><\/h3>\n<p>[\/et_pb_text][et_pb_contact_form email=\u00a0\u00bbventes.x-plod@oliem54-oliem-solutions.odoo.com\u00a0\u00bb title=\u00a0\u00bbTrouver un revendeur\u00a0\u00bb success_message=\u00a0\u00bb<\/p>\n<p>Votre demande a \u00e9t\u00e9 envoy\u00e9e. Nous vous contacterons sous peu \u00e0 l&rsquo;adresse courriel fournie dans le formulaire rempli.<\/p>\n<p>\u00a0\u00bb submit_button_text=\u00a0\u00bbEnvoyer la demande\u00a0\u00bb _builder_version=\u00a0\u00bb4.27.5&Prime; _module_preset=\u00a0\u00bbdefault\u00a0\u00bb _unique_id=\u00a0\u00bb9a22e806-6fc2-4064-9834-617100811a76&Prime; form_field_background_color=\u00a0\u00bb#FFFFFF\u00a0\u00bb form_field_text_color=\u00a0\u00bb#000000&Prime; form_field_focus_background_color=\u00a0\u00bb#FFFFFF\u00a0\u00bb form_field_focus_text_color=\u00a0\u00bb#000000&Prime; form_field_custom_padding=\u00a0\u00bb14px|20px|14px|20px|true|true\u00a0\u00bb form_field_font_size=\u00a0\u00bb16px\u00a0\u00bb custom_button=\u00a0\u00bbon\u00a0\u00bb button_text_size=\u00a0\u00bb16px\u00a0\u00bb button_text_color=\u00a0\u00bb#FFFFFF\u00a0\u00bb button_bg_color=\u00a0\u00bb#CC192D\u00a0\u00bb button_border_width=\u00a0\u00bb0px\u00a0\u00bb button_border_color=\u00a0\u00bb#FFFFFF\u00a0\u00bb button_border_radius=\u00a0\u00bb8px\u00a0\u00bb button_use_icon=\u00a0\u00bboff\u00a0\u00bb button_custom_margin=\u00a0\u00bb20px||||false|false\u00a0\u00bb button_custom_padding=\u00a0\u00bb10px|16px|10px|16px|true|true\u00a0\u00bb hover_enabled=\u00a0\u00bb0&Prime; use_custom_message_richtext=\u00a0\u00bbon\u00a0\u00bb custom_message_richtext=\u00a0\u00bb<\/p>\n<p>Nouvelle requ\u00eate d&rsquo;information re\u00e7u via le site Web X-PLOD.CA<\/p>\n<p><strong><em><span>Information Client<\/span><\/em><\/strong><\/p>\n<p><strong>Nom :<\/strong> %%Nom%%<br \/><strong>Num\u00e9ro de t\u00e9l\u00e9phone :<\/strong> %%Numero_de_telephone%%<br \/><strong>Adresse courriel :<\/strong> %%Courriel%%<br \/><strong>Adresse compl\u00e8te :<\/strong> %%Adresse%%<\/p>\n<p><strong><em><span>V\u00e9hicule<\/span><\/em><\/strong><\/p>\n<p><strong>Mod\u00e8le :<\/strong> %%Modele_vehicule%%<br \/><strong>Nombre de passagers :<\/strong> %%Combien_de_passagers%%<br \/><strong>Couleur de v\u00e9hicule :<\/strong> %%Couleur%%<br \/><strong>Sp\u00e9cifications suppl\u00e9mentaires :<\/strong> %%Specifications%%<\/p>\n<p>\u00a0\u00bb admin_email_subject=\u00a0\u00bbNouvelle requ\u00eate de %%Nom%% pour trouver Revendeur via X-PLOD.CA\u00a0\u00bb use_admin_email_submitter_email=\u00a0\u00bbon\u00a0\u00bb unique_views_cookie=\u00a0\u00bbon\u00a0\u00bb use_success_button=\u00a0\u00bbon\u00a0\u00bb success_button_text=\u00a0\u00bbRetour \u00e0 l&rsquo;accueil\u00a0\u00bb success_button_type=\u00a0\u00bbpage\u00a0\u00bb success_button_page=\u00a0\u00bb92243&Prime; border_radii=\u00a0\u00bbon|8px|8px|8px|8px\u00a0\u00bb border_width_all=\u00a0\u00bb1px\u00a0\u00bb border_color_all=\u00a0\u00bb#dddddd\u00a0\u00bb global_colors_info=\u00a0\u00bb{}\u00a0\u00bb custom_css_contact_button_last_edited=\u00a0\u00bbon|phone\u00a0\u00bb custom_css_contact_button_phone=\u00a0\u00bbmargin-bottom: 20px;\u00a0\u00bb button_bg_color__hover_enabled=\u00a0\u00bbon|hover\u00a0\u00bb button_bg_color__hover=\u00a0\u00bb#000000&Prime; button_bg_enable_color__hover=\u00a0\u00bbon\u00a0\u00bb custom_css_contact_button_tablet=\u00a0\u00bbline-height: 1.3 !important;\u00a0\u00bb button_text_color__hover_enabled=\u00a0\u00bbon|hover\u00a0\u00bb button_text_color__hover=\u00a0\u00bb#FFFFFF\u00a0\u00bb sticky_enabled=\u00a0\u00bb0&Prime;][et_pb_contact_field field_id=\u00a0\u00bbNom\u00a0\u00bb field_title=\u00a0\u00bbNom complet\u00a0\u00bb allowed_symbols=\u00a0\u00bbletters\u00a0\u00bb _builder_version=\u00a0\u00bb4.27.4&Prime; global_colors_info=\u00a0\u00bb{}\u00a0\u00bb button_text_size__hover_enabled=\u00a0\u00bboff\u00a0\u00bb button_one_text_size__hover_enabled=\u00a0\u00bboff\u00a0\u00bb button_two_text_size__hover_enabled=\u00a0\u00bboff\u00a0\u00bb button_text_color__hover_enabled=\u00a0\u00bboff\u00a0\u00bb button_one_text_color__hover_enabled=\u00a0\u00bboff\u00a0\u00bb button_two_text_color__hover_enabled=\u00a0\u00bboff\u00a0\u00bb button_border_width__hover_enabled=\u00a0\u00bboff\u00a0\u00bb button_one_border_width__hover_enabled=\u00a0\u00bboff\u00a0\u00bb button_two_border_width__hover_enabled=\u00a0\u00bboff\u00a0\u00bb button_border_color__hover_enabled=\u00a0\u00bboff\u00a0\u00bb button_one_border_color__hover_enabled=\u00a0\u00bboff\u00a0\u00bb button_two_border_color__hover_enabled=\u00a0\u00bboff\u00a0\u00bb button_border_radius__hover_enabled=\u00a0\u00bboff\u00a0\u00bb button_one_border_radius__hover_enabled=\u00a0\u00bboff\u00a0\u00bb button_two_border_radius__hover_enabled=\u00a0\u00bboff\u00a0\u00bb button_letter_spacing__hover_enabled=\u00a0\u00bboff\u00a0\u00bb button_one_letter_spacing__hover_enabled=\u00a0\u00bboff\u00a0\u00bb button_two_letter_spacing__hover_enabled=\u00a0\u00bboff\u00a0\u00bb button_bg_color__hover_enabled=\u00a0\u00bboff\u00a0\u00bb button_one_bg_color__hover_enabled=\u00a0\u00bboff\u00a0\u00bb button_two_bg_color__hover_enabled=\u00a0\u00bboff\u00a0\u00bb][\/et_pb_contact_field][et_pb_contact_field field_id=\u00a0\u00bbNum\u00e9ro_de_t\u00e9l\u00e9phone\u00a0\u00bb field_title=\u00a0\u00bbNum\u00e9ro de t\u00e9l\u00e9phone\u00a0\u00bb allowed_symbols=\u00a0\u00bbalphanumeric\u00a0\u00bb _builder_version=\u00a0\u00bb4.27.4&Prime; _module_preset=\u00a0\u00bbdefault\u00a0\u00bb global_colors_info=\u00a0\u00bb{}\u00a0\u00bb][\/et_pb_contact_field][et_pb_contact_field field_id=\u00a0\u00bbCourriel\u00a0\u00bb field_title=\u00a0\u00bbCourriel\u00a0\u00bb field_type=\u00a0\u00bbemail\u00a0\u00bb fullwidth_field=\u00a0\u00bbon\u00a0\u00bb _builder_version=\u00a0\u00bb4.27.4&Prime; global_colors_info=\u00a0\u00bb{}\u00a0\u00bb button_text_size__hover_enabled=\u00a0\u00bboff\u00a0\u00bb button_one_text_size__hover_enabled=\u00a0\u00bboff\u00a0\u00bb button_two_text_size__hover_enabled=\u00a0\u00bboff\u00a0\u00bb button_text_color__hover_enabled=\u00a0\u00bboff\u00a0\u00bb button_one_text_color__hover_enabled=\u00a0\u00bboff\u00a0\u00bb button_two_text_color__hover_enabled=\u00a0\u00bboff\u00a0\u00bb button_border_width__hover_enabled=\u00a0\u00bboff\u00a0\u00bb button_one_border_width__hover_enabled=\u00a0\u00bboff\u00a0\u00bb button_two_border_width__hover_enabled=\u00a0\u00bboff\u00a0\u00bb button_border_color__hover_enabled=\u00a0\u00bboff\u00a0\u00bb button_one_border_color__hover_enabled=\u00a0\u00bboff\u00a0\u00bb button_two_border_color__hover_enabled=\u00a0\u00bboff\u00a0\u00bb button_border_radius__hover_enabled=\u00a0\u00bboff\u00a0\u00bb button_one_border_radius__hover_enabled=\u00a0\u00bboff\u00a0\u00bb button_two_border_radius__hover_enabled=\u00a0\u00bboff\u00a0\u00bb button_letter_spacing__hover_enabled=\u00a0\u00bboff\u00a0\u00bb button_one_letter_spacing__hover_enabled=\u00a0\u00bboff\u00a0\u00bb button_two_letter_spacing__hover_enabled=\u00a0\u00bboff\u00a0\u00bb button_bg_color__hover_enabled=\u00a0\u00bboff\u00a0\u00bb button_one_bg_color__hover_enabled=\u00a0\u00bboff\u00a0\u00bb button_two_bg_color__hover_enabled=\u00a0\u00bboff\u00a0\u00bb][\/et_pb_contact_field][et_pb_contact_field field_id=\u00a0\u00bbAdresse\u00a0\u00bb field_title=\u00a0\u00bbAdresse compl\u00e8te\u00a0\u00bb fullwidth_field=\u00a0\u00bbon\u00a0\u00bb _builder_version=\u00a0\u00bb4.27.4&Prime; _module_preset=\u00a0\u00bbdefault\u00a0\u00bb global_colors_info=\u00a0\u00bb{}\u00a0\u00bb][\/et_pb_contact_field][et_pb_contact_field field_id=\u00a0\u00bbModele_vehicule\u00a0\u00bb field_title=\u00a0\u00bbQuel mod\u00e8le x-plod vous int\u00e9resse ?\u00a0\u00bb field_type=\u00a0\u00bbselect\u00a0\u00bb select_options=\u00a0\u00bb%91{%22value%22:%22Rally : Adventure%22,%22checked%22:0,%22dragID%22:-1},{%22value%22:%22Rally : CITY%22,%22checked%22:0,%22dragID%22:0},{%22value%22:%22Rally : Xplorer%22,%22checked%22:0,%22dragID%22:1},{%22value%22:%22Kandy : Furtif%22,%22checked%22:0,%22dragID%22:2},{%22value%22:%22Kandy : Shadow%22,%22checked%22:0,%22dragID%22:3},{%22value%22:%22Kandy : Vizeon%22,%22checked%22:0,%22dragID%22:4},{%22dragID%22:5,%22value%22:%22Cyber : Vanguard%22,%22checked%22:0},{%22value%22:%22EVO : Dmax%22,%22checked%22:0,%22dragID%22:6},{%22dragID%22:7,%22value%22:%22EVO : Mavrick%22,%22checked%22:0},{%22value%22:%22EVO : Ranger%22,%22checked%22:0,%22dragID%22:8},{%22value%22:%22EVO : Atlas 450%22,%22checked%22:0,%22dragID%22:9},{%22value%22:%22EVO : Goliath 700%22,%22checked%22:0,%22dragID%22:10},{%22value%22:%22EVO : Carrier 1000%22,%22checked%22:0,%22dragID%22:11},{%22dragID%22:12,%22value%22:%22HONOR%22,%22checked%22:0},{%22value%22:%22SIERRA%22,%22checked%22:0,%22dragID%22:13}%93&Prime; _builder_version=\u00a0\u00bb4.27.4&Prime; _module_preset=\u00a0\u00bbdefault\u00a0\u00bb global_colors_info=\u00a0\u00bb{}\u00a0\u00bb][\/et_pb_contact_field][et_pb_contact_field field_id=\u00a0\u00bbCombien_de_passagers\u00a0\u00bb field_title=\u00a0\u00bbCombien de passagers ?\u00a0\u00bb field_type=\u00a0\u00bbselect\u00a0\u00bb select_options=\u00a0\u00bb%91{%22value%22:%222%22,%22checked%22:0,%22dragID%22:-1},{%22value%22:%224%22,%22checked%22:0,%22dragID%22:0},{%22value%22:%226%22,%22checked%22:0,%22dragID%22:1},{%22value%22:%228%22,%22checked%22:0,%22dragID%22:2}%93&Prime; _builder_version=\u00a0\u00bb4.27.4&Prime; _module_preset=\u00a0\u00bbdefault\u00a0\u00bb global_colors_info=\u00a0\u00bb{}\u00a0\u00bb][\/et_pb_contact_field][et_pb_contact_field field_id=\u00a0\u00bbCouleur\u00a0\u00bb field_title=\u00a0\u00bbQuelle couleur de v\u00e9hicule ?\u00a0\u00bb field_type=\u00a0\u00bbselect\u00a0\u00bb select_options=\u00a0\u00bb%91{%22value%22:%22Blanc%22,%22checked%22:0,%22dragID%22:-1},{%22value%22:%22Noir%22,%22checked%22:0,%22dragID%22:0},{%22value%22:%22Rouge%22,%22checked%22:0,%22dragID%22:1},{%22value%22:%22Bleu%22,%22checked%22:0,%22dragID%22:2},{%22value%22:%22Charcoal%22,%22checked%22:0,%22dragID%22:3},{%22value%22:%22Argent%22,%22checked%22:0,%22dragID%22:4}%93&Prime; _builder_version=\u00a0\u00bb4.27.4&Prime; _module_preset=\u00a0\u00bbdefault\u00a0\u00bb global_colors_info=\u00a0\u00bb{}\u00a0\u00bb][\/et_pb_contact_field][et_pb_contact_field field_id=\u00a0\u00bbSpecifications\u00a0\u00bb field_title=\u00a0\u00bbSp\u00e9cifications suppl\u00e9mentaires\u00a0\u00bb field_type=\u00a0\u00bbtext\u00a0\u00bb required_mark=\u00a0\u00bboff\u00a0\u00bb fullwidth_field=\u00a0\u00bbon\u00a0\u00bb _builder_version=\u00a0\u00bb4.27.4&Prime; global_colors_info=\u00a0\u00bb{}\u00a0\u00bb button_text_size__hover_enabled=\u00a0\u00bboff\u00a0\u00bb button_one_text_size__hover_enabled=\u00a0\u00bboff\u00a0\u00bb button_two_text_size__hover_enabled=\u00a0\u00bboff\u00a0\u00bb button_text_color__hover_enabled=\u00a0\u00bboff\u00a0\u00bb button_one_text_color__hover_enabled=\u00a0\u00bboff\u00a0\u00bb button_two_text_color__hover_enabled=\u00a0\u00bboff\u00a0\u00bb button_border_width__hover_enabled=\u00a0\u00bboff\u00a0\u00bb button_one_border_width__hover_enabled=\u00a0\u00bboff\u00a0\u00bb button_two_border_width__hover_enabled=\u00a0\u00bboff\u00a0\u00bb button_border_color__hover_enabled=\u00a0\u00bboff\u00a0\u00bb button_one_border_color__hover_enabled=\u00a0\u00bboff\u00a0\u00bb button_two_border_color__hover_enabled=\u00a0\u00bboff\u00a0\u00bb button_border_radius__hover_enabled=\u00a0\u00bboff\u00a0\u00bb button_one_border_radius__hover_enabled=\u00a0\u00bboff\u00a0\u00bb button_two_border_radius__hover_enabled=\u00a0\u00bboff\u00a0\u00bb button_letter_spacing__hover_enabled=\u00a0\u00bboff\u00a0\u00bb button_one_letter_spacing__hover_enabled=\u00a0\u00bboff\u00a0\u00bb button_two_letter_spacing__hover_enabled=\u00a0\u00bboff\u00a0\u00bb button_bg_color__hover_enabled=\u00a0\u00bboff\u00a0\u00bb button_one_bg_color__hover_enabled=\u00a0\u00bboff\u00a0\u00bb button_two_bg_color__hover_enabled=\u00a0\u00bboff\u00a0\u00bb][\/et_pb_contact_field][\/et_pb_contact_form][\/et_pb_column][\/et_pb_row][\/et_pb_section][et_pb_section fb_built=\u00a0\u00bb1&Prime; custom_padding_last_edited=\u00a0\u00bbon|phone\u00a0\u00bb _builder_version=\u00a0\u00bb4.27.4&Prime; _module_preset=\u00a0\u00bbdefault\u00a0\u00bb custom_padding_tablet=\u00a0\u00bb\u00a0\u00bb custom_padding_phone=\u00a0\u00bb|20px||20px|false|true\u00a0\u00bb global_colors_info=\u00a0\u00bb{}\u00a0\u00bb][et_pb_row _builder_version=\u00a0\u00bb4.27.4&Prime; _module_preset=\u00a0\u00bbdefault\u00a0\u00bb width=\u00a0\u00bb100%\u00a0\u00bb max_width=\u00a0\u00bb1300px\u00a0\u00bb global_colors_info=\u00a0\u00bb{}\u00a0\u00bb][et_pb_column type=\u00a0\u00bb4_4&Prime; _builder_version=\u00a0\u00bb4.27.4&Prime; _module_preset=\u00a0\u00bbdefault\u00a0\u00bb global_colors_info=\u00a0\u00bb{}\u00a0\u00bb][et_pb_code _builder_version=\u00a0\u00bb4.27.5&Prime; _module_preset=\u00a0\u00bbdefault\u00a0\u00bb global_colors_info=\u00a0\u00bb{}\u00a0\u00bb]<iframe <!--no numeric noise key 1008-->  src=\u00a0\u00bbhttps:\/\/www.google.com\/maps\/embed?pb=!1m18!1m12!1m3!1d2732.6488391584387!2d-71.6039739!3d46.8345451!2m3!1f0!2f0!3f0!3m2!1i1024!2i768!4f13.1!3m3!1m2!1s0x4cc7619d1cc223af%3A0xc4313970d6443d75!2s4290%20Rte%20de%20Fossambault%2C%20Sainte-Catherine-de-la-Jacques-Cartier%2C%20QC%20G3N%201R9!5e0!3m2!1sfr!2sca!4v1738890000000!5m2!1sfr!2sca\u00a0\u00bb <!-- [et_pb_line_break_holder] -->  width=\u00a0\u00bb2000&Prime; <!-- [et_pb_line_break_holder] -->  height=\u00a0\u00bb450&Prime; <!-- [et_pb_line_break_holder] -->  style=\u00a0\u00bbborder:0;\u00a0\u00bb <!-- [et_pb_line_break_holder] -->  allowfullscreen=\u00a0\u00bb\u00a0\u00bb <!-- [et_pb_line_break_holder] -->  loading=\u00a0\u00bblazy\u00a0\u00bb <!-- [et_pb_line_break_holder] -->  referrerpolicy=\u00a0\u00bbno-referrer-when-downgrade\u00a0\u00bb><!-- [et_pb_line_break_holder] --><\/iframe><!-- [et_pb_line_break_holder] -->[\/et_pb_code][\/et_pb_column][\/et_pb_row][\/et_pb_section]<\/p>","protected":false},"excerpt":{"rendered":"<p>Retrouver rapidement un revendeur X-Plod pr\u00e8s de chez vous\u00a0!Envoyez-nous un message et nous vous mettrons en contact avec le concessionnaire le plus proche.<\/p>","protected":false},"author":1,"featured_media":0,"parent":0,"menu_order":0,"comment_status":"closed","ping_status":"closed","template":"","meta":{"_et_pb_use_builder":"on","_et_pb_old_content":"","_et_gb_content_width":"","footnotes":""},"class_list":["post-90274","page","type-page","status-publish","hentry"],"_links":{"self":[{"href":"https:\/\/x-plod.ca\/en\/wp-json\/wp\/v2\/pages\/90274","targetHints":{"allow":["GET"]}}],"collection":[{"href":"https:\/\/x-plod.ca\/en\/wp-json\/wp\/v2\/pages"}],"about":[{"href":"https:\/\/x-plod.ca\/en\/wp-json\/wp\/v2\/types\/page"}],"author":[{"embeddable":true,"href":"https:\/\/x-plod.ca\/en\/wp-json\/wp\/v2\/users\/1"}],"replies":[{"embeddable":true,"href":"https:\/\/x-plod.ca\/en\/wp-json\/wp\/v2\/comments?post=90274"}],"version-history":[{"count":34,"href":"https:\/\/x-plod.ca\/en\/wp-json\/wp\/v2\/pages\/90274\/revisions"}],"predecessor-version":[{"id":102044,"href":"https:\/\/x-plod.ca\/en\/wp-json\/wp\/v2\/pages\/90274\/revisions\/102044"}],"wp:attachment":[{"href":"https:\/\/x-plod.ca\/en\/wp-json\/wp\/v2\/media?parent=90274"}],"curies":[{"name":"wp","href":"https:\/\/api.w.org\/{rel}","templated":true}]}}