{"id":7,"date":"2024-12-12T21:06:57","date_gmt":"2024-12-12T21:06:57","guid":{"rendered":"https:\/\/x-plod.ca\/boutique\/"},"modified":"2025-11-10T19:39:57","modified_gmt":"2025-11-10T19:39:57","slug":"boutique","status":"publish","type":"page","link":"https:\/\/x-plod.ca\/en\/boutique\/","title":{"rendered":"Shop"},"content":{"rendered":"<p>[et_pb_section fb_built=\u00a0\u00bb1&Prime; _builder_version=\u00a0\u00bb4.27.4&Prime; _module_preset=\u00a0\u00bbdefault\u00a0\u00bb background_color=\u00a0\u00bbrgba(255,255,255,0.44)\u00a0\u00bb z_index=\u00a0\u00bb90&Prime; custom_margin_tablet=\u00a0\u00bb\u00a0\u00bb custom_margin_phone=\u00a0\u00bb0px||||false|false\u00a0\u00bb custom_margin_last_edited=\u00a0\u00bbon|phone\u00a0\u00bb custom_padding=\u00a0\u00bb0px||0px||true|false\u00a0\u00bb sticky_position=\u00a0\u00bbtop\u00a0\u00bb box_shadow_style=\u00a0\u00bbpreset1&Prime; box_shadow_color=\u00a0\u00bbrgba(0,0,0,0.1)\u00a0\u00bb locked=\u00a0\u00bboff\u00a0\u00bb global_colors_info=\u00a0\u00bb{}\u00a0\u00bb background__sticky_enabled=\u00a0\u00bbon|sticky\u00a0\u00bb background_color__sticky=\u00a0\u00bb#FFFFFF\u00a0\u00bb background_enable_color__sticky=\u00a0\u00bbon\u00a0\u00bb][et_pb_row column_structure=\u00a0\u00bb1_4,1_2,1_4&Prime; use_custom_gutter=\u00a0\u00bbon\u00a0\u00bb gutter_width=\u00a0\u00bb1&Prime; custom_padding_last_edited=\u00a0\u00bboff|tablet\u00a0\u00bb _builder_version=\u00a0\u00bb4.27.4&Prime; _module_preset=\u00a0\u00bbdefault\u00a0\u00bb width=\u00a0\u00bb100%\u00a0\u00bb max_width=\u00a0\u00bb1700px\u00a0\u00bb module_alignment=\u00a0\u00bbcenter\u00a0\u00bb min_height=\u00a0\u00bb100px\u00a0\u00bb custom_padding=\u00a0\u00bb0px||0px||true|false\u00a0\u00bb custom_css_main_element=\u00a0\u00bbdisplay: flex;||align-items: center;||flex-wrap: wrap;\u00a0\u00bb locked=\u00a0\u00bboff\u00a0\u00bb global_colors_info=\u00a0\u00bb{}\u00a0\u00bb custom_css_main_element_last_edited=\u00a0\u00bbon|tablet\u00a0\u00bb custom_css_main_element_tablet=\u00a0\u00bbdisplay: flex;||align-items: center;||flex-wrap: wrap-reverse;\u00a0\u00bb custom_css_main_element_phone=\u00a0\u00bbdisplay: flex;||align-items: center;||flex-wrap: wrap-reverse;\u00a0\u00bb][et_pb_column type=\u00a0\u00bb1_4&Prime; _builder_version=\u00a0\u00bb4.16&Prime; _module_preset=\u00a0\u00bbdefault\u00a0\u00bb global_colors_info=\u00a0\u00bb{}\u00a0\u00bb custom_css_main_element_last_edited=\u00a0\u00bbon|tablet\u00a0\u00bb custom_css_main_element_tablet=\u00a0\u00bbmargin-bottom: 0 !important;\u00a0\u00bb custom_css_main_element_phone=\u00a0\u00bbmargin-bottom: 0 !important;\u00a0\u00bb][et_pb_image src=\u00a0\u00bbhttps:\/\/x-plod.ca\/wp-content\/uploads\/2022\/03\/logo-3-1.png\u00a0\u00bb align_tablet=\u00a0\u00bbcenter\u00a0\u00bb align_phone=\u00a0\u00bbcenter\u00a0\u00bb align_last_edited=\u00a0\u00bbon|phone\u00a0\u00bb _builder_version=\u00a0\u00bb4.27.4&Prime; _module_preset=\u00a0\u00bbdefault\u00a0\u00bb width=\u00a0\u00bb41%\u00a0\u00bb global_colors_info=\u00a0\u00bb{}\u00a0\u00bb][\/et_pb_image][\/et_pb_column][et_pb_column type=\u00a0\u00bb1_2&Prime; _builder_version=\u00a0\u00bb4.27.4&Prime; _module_preset=\u00a0\u00bbdefault\u00a0\u00bb custom_padding_tablet=\u00a0\u00bb10px||10px||true|false\u00a0\u00bb custom_padding_phone=\u00a0\u00bb10px||10px||true|false\u00a0\u00bb custom_padding_last_edited=\u00a0\u00bbon|tablet\u00a0\u00bb custom_css_main_element=\u00a0\u00bbdisplay: flex;||align-items: center;||flex-wrap: wrap;||justify-content: flex-end;\u00a0\u00bb global_colors_info=\u00a0\u00bb{}\u00a0\u00bb custom_css_main_element_last_edited=\u00a0\u00bbon|tablet\u00a0\u00bb custom_css_main_element_tablet=\u00a0\u00bbdisplay: flex;||align-items: center;||flex-wrap: wrap;||justify-content: center;\u00a0\u00bb custom_css_main_element_phone=\u00a0\u00bbdisplay: flex;||align-items: center;||flex-wrap: wrap;||justify-content: center;\u00a0\u00bb][et_pb_menu menu_id=\u00a0\u00bb67&Prime; menu_style=\u00a0\u00bbcentered\u00a0\u00bb active_link_color=\u00a0\u00bb#a50021&Prime; dropdown_menu_bg_color=\u00a0\u00bb#FFFFFF\u00a0\u00bb dropdown_menu_line_color=\u00a0\u00bb#383838&Prime; dropdown_menu_text_color=\u00a0\u00bb#383838&Prime; dropdown_menu_active_link_color=\u00a0\u00bb#383838&Prime; mobile_menu_bg_color=\u00a0\u00bb#FFFFFF\u00a0\u00bb mobile_menu_text_color=\u00a0\u00bb#383838&Prime; logo_url=\u00a0\u00bb@ET-DC@eyJkeW5hbWljIjp0cnVlLCJjb250ZW50IjoiaG9tZV91cmwiLCJzZXR0aW5ncyI6e319@\u00a0\u00bb logo_max_width=\u00a0\u00bb250px\u00a0\u00bb show_cart_icon=\u00a0\u00bbon\u00a0\u00bb show_search_icon=\u00a0\u00bbon\u00a0\u00bb cart_icon_color=\u00a0\u00bb#383838&Prime; menu_icon_color=\u00a0\u00bb#383838&Prime; cart_icon_font_size=\u00a0\u00bb20px\u00a0\u00bb search_icon_font_size=\u00a0\u00bb20px\u00a0\u00bb logo_tablet=\u00a0\u00bb\u00a0\u00bb logo_phone=\u00a0\u00bb\u00a0\u00bb logo_last_edited=\u00a0\u00bbon|phone\u00a0\u00bb logo_max_width_tablet=\u00a0\u00bb250px\u00a0\u00bb logo_max_width_phone=\u00a0\u00bb250px\u00a0\u00bb logo_max_width_last_edited=\u00a0\u00bbon|phone\u00a0\u00bb module_class=\u00a0\u00bbdpes-menu\u00a0\u00bb _builder_version=\u00a0\u00bb4.27.4&Prime; _dynamic_attributes=\u00a0\u00bblogo_url\u00a0\u00bb _module_preset=\u00a0\u00bbdefault\u00a0\u00bb menu_font=\u00a0\u00bbArial|700||on|||||\u00a0\u00bb menu_text_color=\u00a0\u00bb#383838&Prime; menu_font_size=\u00a0\u00bb16px\u00a0\u00bb menu_line_height=\u00a0\u00bb2em\u00a0\u00bb background_color=\u00a0\u00bbrgba(0,0,0,0)\u00a0\u00bb width=\u00a0\u00bb100%\u00a0\u00bb width_last_edited=\u00a0\u00bboff|desktop\u00a0\u00bb module_alignment=\u00a0\u00bbcenter\u00a0\u00bb custom_padding=\u00a0\u00bb|||9px||\u00a0\u00bb custom_padding_tablet=\u00a0\u00bb||10px||false|false\u00a0\u00bb custom_padding_phone=\u00a0\u00bb||10px||false|false\u00a0\u00bb custom_padding_last_edited=\u00a0\u00bbon|phone\u00a0\u00bb custom_css_menu_link=\u00a0\u00bbpadding-bottom: 20px;||padding-top: 20px;\u00a0\u00bb custom_css_dropdown_container=\u00a0\u00bbborder-width: 2px;||padding: 0;||width: 200px;\u00a0\u00bb custom_css_dropdown_links=\u00a0\u00bbpadding: 12px 20px;\u00a0\u00bb custom_css_menu_logo=\u00a0\u00bbdisplay: none;\u00a0\u00bb locked=\u00a0\u00bboff\u00a0\u00bb global_colors_info=\u00a0\u00bb{}\u00a0\u00bb custom_css_dropdown_container_last_edited=\u00a0\u00bboff|tablet\u00a0\u00bb custom_css_menu_logo_last_edited=\u00a0\u00bbon|tablet\u00a0\u00bb custom_css_active_menu_link_last_edited=\u00a0\u00bboff|desktop\u00a0\u00bb custom_css_menu_link_last_edited=\u00a0\u00bboff|tablet\u00a0\u00bb menu_text_color__hover_enabled=\u00a0\u00bbon|hover\u00a0\u00bb dropdown_menu_text_color__hover_enabled=\u00a0\u00bboff|hover\u00a0\u00bb custom_css_menu_logo_tablet=\u00a0\u00bbdisplay: block;\u00a0\u00bb custom_css_menu_logo_phone=\u00a0\u00bbdisplay: block;\u00a0\u00bb menu_text_color__hover=\u00a0\u00bb#CC192D\u00a0\u00bb active_link_color__hover_enabled=\u00a0\u00bbon|desktop\u00a0\u00bb active_link_color__sticky_enabled=\u00a0\u00bbon|sticky\u00a0\u00bb active_link_color__sticky=\u00a0\u00bb#a50021&Prime; active_link_color__hover=\u00a0\u00bb#a50021&Prime;][\/et_pb_menu][\/et_pb_column][et_pb_column type=\u00a0\u00bb1_4&Prime; _builder_version=\u00a0\u00bb4.16&Prime; _module_preset=\u00a0\u00bbdefault\u00a0\u00bb custom_padding_tablet=\u00a0\u00bb10px||10px||true|false\u00a0\u00bb custom_padding_phone=\u00a0\u00bb10px||10px||true|false\u00a0\u00bb custom_padding_last_edited=\u00a0\u00bbon|tablet\u00a0\u00bb custom_css_main_element=\u00a0\u00bbdisplay: flex;||align-items: center;||flex-wrap: wrap;||justify-content: flex-end;\u00a0\u00bb global_colors_info=\u00a0\u00bb{}\u00a0\u00bb custom_css_main_element_last_edited=\u00a0\u00bbon|tablet\u00a0\u00bb custom_css_main_element_tablet=\u00a0\u00bbdisplay: flex;||align-items: center;||flex-wrap: wrap;||justify-content: center;\u00a0\u00bb custom_css_main_element_phone=\u00a0\u00bbdisplay: flex;||align-items: center;||flex-wrap: wrap;||justify-content: center;\u00a0\u00bb][et_pb_button button_url=\u00a0\u00bbhttps:\/\/x-plod.ca\/devenir-revendeur\u00a0\u00bb button_text=\u00a0\u00bbDEVENIR REVENDEUR\u00a0\u00bb button_alignment=\u00a0\u00bbleft\u00a0\u00bb _builder_version=\u00a0\u00bb4.27.4&Prime; _module_preset=\u00a0\u00bbdefault\u00a0\u00bb custom_button=\u00a0\u00bbon\u00a0\u00bb button_text_size=\u00a0\u00bb14px\u00a0\u00bb button_text_color=\u00a0\u00bb#FFFFFF\u00a0\u00bb button_bg_color=\u00a0\u00bb#a50021&Prime; button_border_color=\u00a0\u00bbRGBA(255,255,255,0)\u00a0\u00bb button_border_radius=\u00a0\u00bb10px\u00a0\u00bb button_font=\u00a0\u00bb&#8211;et_global_body_font|600|||||||\u00a0\u00bb background_layout=\u00a0\u00bbdark\u00a0\u00bb custom_margin=\u00a0\u00bb|50px|||false|false\u00a0\u00bb global_colors_info=\u00a0\u00bb{}\u00a0\u00bb button_bg_color__hover_enabled=\u00a0\u00bbon|hover\u00a0\u00bb button_bg_color__hover=\u00a0\u00bb#19191A\u00a0\u00bb button_bg_enable_color__hover=\u00a0\u00bbon\u00a0\u00bb][\/et_pb_button][et_pb_button button_url=\u00a0\u00bbhttps:\/\/x-plod.ca\/support\u00a0\u00bb button_text=\u00a0\u00bbSUPPORT\u00a0\u00bb button_alignment=\u00a0\u00bbright\u00a0\u00bb _builder_version=\u00a0\u00bb4.27.4&Prime; _module_preset=\u00a0\u00bbdefault\u00a0\u00bb custom_button=\u00a0\u00bbon\u00a0\u00bb button_text_size=\u00a0\u00bb14px\u00a0\u00bb button_text_color=\u00a0\u00bb#FFFFFF\u00a0\u00bb button_bg_color=\u00a0\u00bb#a50021&Prime; button_border_color=\u00a0\u00bbRGBA(255,255,255,0)\u00a0\u00bb button_border_radius=\u00a0\u00bb10px\u00a0\u00bb button_font=\u00a0\u00bb&#8211;et_global_body_font|600|||||||\u00a0\u00bb background_layout=\u00a0\u00bbdark\u00a0\u00bb global_colors_info=\u00a0\u00bb{}\u00a0\u00bb button_bg_color__hover_enabled=\u00a0\u00bbon|hover\u00a0\u00bb button_bg_color__hover=\u00a0\u00bb#19191A\u00a0\u00bb button_bg_enable_color__hover=\u00a0\u00bbon\u00a0\u00bb][\/et_pb_button][\/et_pb_column][\/et_pb_row][\/et_pb_section][et_pb_section fb_built=\u00a0\u00bb1&Prime; _builder_version=\u00a0\u00bb4.22.1&Prime; _module_preset=\u00a0\u00bbdefault\u00a0\u00bb global_colors_info=\u00a0\u00bb{}\u00a0\u00bb][et_pb_row column_structure=\u00a0\u00bb1_4,3_4&Prime; use_custom_gutter=\u00a0\u00bbon\u00a0\u00bb custom_padding_last_edited=\u00a0\u00bbon|phone\u00a0\u00bb _builder_version=\u00a0\u00bb4.27.4&Prime; _module_preset=\u00a0\u00bbdefault\u00a0\u00bb background_enable_color=\u00a0\u00bboff\u00a0\u00bb width=\u00a0\u00bb100%\u00a0\u00bb max_width=\u00a0\u00bb1700px\u00a0\u00bb module_alignment=\u00a0\u00bbcenter\u00a0\u00bb custom_margin=\u00a0\u00bb|20px||20px|false|true\u00a0\u00bb custom_padding=\u00a0\u00bb0px|40px|0px||true|false\u00a0\u00bb custom_padding_tablet=\u00a0\u00bb|||40px|true|false\u00a0\u00bb custom_padding_phone=\u00a0\u00bb0px|40px|0px|30px|true|false\u00a0\u00bb global_colors_info=\u00a0\u00bb{}\u00a0\u00bb][et_pb_column type=\u00a0\u00bb1_4&Prime; _builder_version=\u00a0\u00bb4.22.1&Prime; _module_preset=\u00a0\u00bbdefault\u00a0\u00bb background_enable_color=\u00a0\u00bboff\u00a0\u00bb use_background_color_gradient=\u00a0\u00bbon\u00a0\u00bb background_color_gradient_direction=\u00a0\u00bb147deg\u00a0\u00bb background_color_gradient_stops=\u00a0\u00bb#f7f7f7 0%|#ffffff 100%\u00a0\u00bb custom_padding=\u00a0\u00bb25px|25px|25px|25px|true|true\u00a0\u00bb border_radii=\u00a0\u00bbon|20px|20px|20px|20px\u00a0\u00bb global_colors_info=\u00a0\u00bb{}\u00a0\u00bb][et_pb_sidebar orientation=\u00a0\u00bbright\u00a0\u00bb area=\u00a0\u00bbsidebar-2&Prime; show_border=\u00a0\u00bboff\u00a0\u00bb module_class=\u00a0\u00bbdpes-sidebar\u00a0\u00bb _builder_version=\u00a0\u00bb4.27.4&Prime; _module_preset=\u00a0\u00bbdefault\u00a0\u00bb header_text_color=\u00a0\u00bb#A50021&Prime; custom_margin=\u00a0\u00bb|-23px|0px||false|false\u00a0\u00bb global_colors_info=\u00a0\u00bb{}\u00a0\u00bb][\/et_pb_sidebar][et_pb_code _builder_version=\u00a0\u00bb4.27.4&Prime; _module_preset=\u00a0\u00bbdefault\u00a0\u00bb hover_enabled=\u00a0\u00bb0&Prime; global_colors_info=\u00a0\u00bb{}\u00a0\u00bb sticky_enabled=\u00a0\u00bb0&Prime;]<video id=\"myVideo\" width=\"440\" height=\"440\" autoplay muted loop playsinline style=\"display:block;\"><!-- [et_pb_line_break_holder] --><source src=\"https:\/\/x-plod.ca\/wp-content\/uploads\/2025\/03\/collection-EVO.mp4\" type=\"video\/mp4\"><!-- [et_pb_line_break_holder] -->    Votre navigateur ne supporte pas la balise vid\u00e9o.<!-- [et_pb_line_break_holder] --><\/video><!-- [et_pb_line_break_holder] --><!-- [et_pb_line_break_holder] --><script><!-- [et_pb_line_break_holder] -->    const video = document.getElementById('myVideo');<!-- [et_pb_line_break_holder] --><!-- [et_pb_line_break_holder] -->    \/\/ autoplay muet pour contourner les restrictions mobiles<!-- [et_pb_line_break_holder] -->    video.muted = true;<!-- [et_pb_line_break_holder] -->    video.play();<!-- [et_pb_line_break_holder] --><!-- [et_pb_line_break_holder] -->    \/\/ apr\u00e8s un court d\u00e9lai, activer le son \u00e0 10%<!-- [et_pb_line_break_holder] -->    video.addEventListener('canplay', () => {<!-- [et_pb_line_break_holder] -->        video.muted = false;<!-- [et_pb_line_break_holder] -->        video.volume = 0.5; \/\/ 10%<!-- [et_pb_line_break_holder] -->    });<!-- [et_pb_line_break_holder] --><\/script>[\/et_pb_code][\/et_pb_column][et_pb_column type=\u00a0\u00bb3_4&Prime; _builder_version=\u00a0\u00bb4.22.1&Prime; _module_preset=\u00a0\u00bbdefault\u00a0\u00bb global_colors_info=\u00a0\u00bb{}\u00a0\u00bb][dipl_ajax_search search_placeholder=\u00a0\u00bbChercher un produit&#8230;\u00a0\u00bb include_post_types=\u00a0\u00bbproduct\u00a0\u00bb _builder_version=\u00a0\u00bb4.27.4&Prime; _module_preset=\u00a0\u00bbdefault\u00a0\u00bb form_field_background_color=\u00a0\u00bb#f3f3f3&Prime; form_field_custom_padding=\u00a0\u00bb|||20px|false|false\u00a0\u00bb max_width=\u00a0\u00bb40%\u00a0\u00bb max_width_tablet=\u00a0\u00bb100%\u00a0\u00bb max_width_phone=\u00a0\u00bb100%\u00a0\u00bb max_width_last_edited=\u00a0\u00bbon|phone\u00a0\u00bb module_alignment=\u00a0\u00bbleft\u00a0\u00bb border_radii_form_field=\u00a0\u00bbon|50px|50px|50px|50px\u00a0\u00bb border_width_all_form_field=\u00a0\u00bb0px\u00a0\u00bb locked=\u00a0\u00bboff\u00a0\u00bb global_colors_info=\u00a0\u00bb{}\u00a0\u00bb][\/dipl_ajax_search][et_pb_shop type=\u00a0\u00bbproduct_category\u00a0\u00bb posts_number=\u00a0\u00bb9&Prime; show_pagination=\u00a0\u00bbon\u00a0\u00bb include_categories=\u00a0\u00bb98,51,50,46,45,49,48,17,47,44,68,16&Prime; columns_number=\u00a0\u00bb3&Prime; _builder_version=\u00a0\u00bb4.27.4&Prime; _module_preset=\u00a0\u00bbdefault\u00a0\u00bb title_text_color=\u00a0\u00bb#CC192D\u00a0\u00bb title_font_size=\u00a0\u00bb22px\u00a0\u00bb price_text_color=\u00a0\u00bb#000000&Prime; price_font_size=\u00a0\u00bb18px\u00a0\u00bb global_colors_info=\u00a0\u00bb{}\u00a0\u00bb][\/et_pb_shop][dipl_separator seprator_thickness=\u00a0\u00bb1px\u00a0\u00bb separator_color=\u00a0\u00bbrgba(0,0,0,0.38)\u00a0\u00bb _builder_version=\u00a0\u00bb4.27.4&Prime; _module_preset=\u00a0\u00bbdefault\u00a0\u00bb global_colors_info=\u00a0\u00bb{}\u00a0\u00bb][\/dipl_separator][et_pb_shop type=\u00a0\u00bbproduct_category\u00a0\u00bb show_pagination=\u00a0\u00bbon\u00a0\u00bb include_categories=\u00a0\u00bb18,21,22,23,20,92,19,52&Prime; columns_number=\u00a0\u00bb3&Prime; _builder_version=\u00a0\u00bb4.27.4&Prime; _module_preset=\u00a0\u00bbdefault\u00a0\u00bb title_text_color=\u00a0\u00bb#CC192D\u00a0\u00bb title_font_size=\u00a0\u00bb22px\u00a0\u00bb price_text_color=\u00a0\u00bb#19191A\u00a0\u00bb price_font_size=\u00a0\u00bb18px\u00a0\u00bb global_colors_info=\u00a0\u00bb{}\u00a0\u00bb][\/et_pb_shop][\/et_pb_column][\/et_pb_row][\/et_pb_section][et_pb_section fb_built=\u00a0\u00bb1&Prime; module_class=\u00a0\u00bbdpes-footer-section\u00a0\u00bb _builder_version=\u00a0\u00bb4.27.4&Prime; _module_preset=\u00a0\u00bbdefault\u00a0\u00bb background_color=\u00a0\u00bb#000000&Prime; custom_padding=\u00a0\u00bb30px||0px||false|false\u00a0\u00bb locked=\u00a0\u00bboff\u00a0\u00bb global_colors_info=\u00a0\u00bb{}\u00a0\u00bb][et_pb_row column_structure=\u00a0\u00bb1_3,1_3,1_3&Prime; _builder_version=\u00a0\u00bb4.27.4&Prime; _module_preset=\u00a0\u00bbdefault\u00a0\u00bb background_enable_color=\u00a0\u00bboff\u00a0\u00bb width=\u00a0\u00bb100%\u00a0\u00bb max_width=\u00a0\u00bb1500px\u00a0\u00bb custom_padding=\u00a0\u00bb10px|30px|50px|30px|false|true\u00a0\u00bb global_colors_info=\u00a0\u00bb{}\u00a0\u00bb][et_pb_column type=\u00a0\u00bb1_3&Prime; _builder_version=\u00a0\u00bb4.16&Prime; _module_preset=\u00a0\u00bbdefault\u00a0\u00bb global_colors_info=\u00a0\u00bb{}\u00a0\u00bb][et_pb_text content_tablet=\u00a0\u00bb<\/p>\n<h3 style=\"%22text-align:\" center;%22>Useful links<\/h3>\n<p style=\"%22text-align:\" center;%22>\n<p style=\"%22text-align:\" center;%22>ABOUT<\/p>\n<p style=\"%22text-align:\" center;%22>PRODUCTS<\/p>\n<p style=\"%22text-align:\" center;%22>TERMS AND CONDITIONS<\/p>\n<p style=\"%22text-align:\" center;%22>PRIVACY POLICY<\/p>\n<p>\u00a0\u00bb content_phone=\u00a0\u00bb<\/p>\n<h3 style=\"%22text-align:\" center;%22>Useful links<\/h3>\n<\/p>\n<p style=\"%22text-align:\" center;%22>ABOUT<\/p>\n<p style=\"%22text-align:\" center;%22>PRODUCTS<\/p>\n<p style=\"%22text-align:\" center;%22>TERMS AND CONDITIONS<\/p>\n<p style=\"%22text-align:\" center;%22>PRIVACY POLICY<\/p>\n<p>\u00a0\u00bb content_last_edited=\u00a0\u00bbon|phone\u00a0\u00bb _builder_version=\u00a0\u00bb4.27.4&Prime; _module_preset=\u00a0\u00bbdefault\u00a0\u00bb text_font=\u00a0\u00bb|600|||||||\u00a0\u00bb text_text_color=\u00a0\u00bb#FFFFFF\u00a0\u00bb header_3_font=\u00a0\u00bb|700|||||||\u00a0\u00bb header_3_text_color=\u00a0\u00bb#FFFFFF\u00a0\u00bb custom_margin=\u00a0\u00bb30px||||false|false\u00a0\u00bb global_colors_info=\u00a0\u00bb{}\u00a0\u00bb]<\/p>\n<h3>Contact us<\/h3>\n<p>[\/et_pb_text][et_pb_text content_tablet=\u00a0\u00bb<\/p>\n<h3 style=\"%22text-align:\" center;%22>Useful links<\/h3>\n<p style=\"%22text-align:\" center;%22>\n<p style=\"%22text-align:\" center;%22>ABOUT<\/p>\n<p style=\"%22text-align:\" center;%22>PRODUCTS<\/p>\n<p style=\"%22text-align:\" center;%22>TERMS AND CONDITIONS<\/p>\n<p style=\"%22text-align:\" center;%22>PRIVACY POLICY<\/p>\n<p>\u00a0\u00bb content_phone=\u00a0\u00bb<\/p>\n<h3 style=\"%22text-align:\" center;%22>Useful links<\/h3>\n<\/p>\n<p style=\"%22text-align:\" center;%22>ABOUT<\/p>\n<p style=\"%22text-align:\" center;%22>PRODUCTS<\/p>\n<p style=\"%22text-align:\" center;%22>TERMS AND CONDITIONS<\/p>\n<p style=\"%22text-align:\" center;%22>PRIVACY POLICY<\/p>\n<p>\u00a0\u00bb content_last_edited=\u00a0\u00bbon|phone\u00a0\u00bb _builder_version=\u00a0\u00bb4.27.4&Prime; _module_preset=\u00a0\u00bbdefault\u00a0\u00bb text_font=\u00a0\u00bb|600|||||||\u00a0\u00bb text_text_color=\u00a0\u00bb#FFFFFF\u00a0\u00bb header_3_font=\u00a0\u00bb|700|||||||\u00a0\u00bb header_3_text_color=\u00a0\u00bb#FFFFFF\u00a0\u00bb custom_margin=\u00a0\u00bb30px||||false|false\u00a0\u00bb global_colors_info=\u00a0\u00bb{}\u00a0\u00bb]<\/p>\n<p><a href=\"mailto:info@x-plod.ca\" target=\"_blank\" rel=\"noopener\">info@x-plod.ca<\/a><\/p>\n<p>[\/et_pb_text][\/et_pb_column][et_pb_column type=\u00a0\u00bb1_3&Prime; _builder_version=\u00a0\u00bb4.16&Prime; _module_preset=\u00a0\u00bbdefault\u00a0\u00bb global_colors_info=\u00a0\u00bb{}\u00a0\u00bb][et_pb_text content_tablet=\u00a0\u00bb<\/p>\n<h3 style=\"%22text-align:\" center;%22>Useful links<\/h3>\n<p style=\"%22text-align:\" center;%22>\n<p style=\"%22text-align:\" center;%22>ABOUT<\/p>\n<p style=\"%22text-align:\" center;%22>PRODUCTS<\/p>\n<p style=\"%22text-align:\" center;%22>TERMS AND CONDITIONS<\/p>\n<p style=\"%22text-align:\" center;%22>PRIVACY POLICY<\/p>\n<p>\u00a0\u00bb content_phone=\u00a0\u00bb<\/p>\n<h3 style=\"%22text-align:\" center;%22>Useful links<\/h3>\n<\/p>\n<p style=\"%22text-align:\" center;%22>ABOUT<\/p>\n<p style=\"%22text-align:\" center;%22>PRODUCTS<\/p>\n<p style=\"%22text-align:\" center;%22>TERMS AND CONDITIONS<\/p>\n<p style=\"%22text-align:\" center;%22>PRIVACY POLICY<\/p>\n<p>\u00a0\u00bb content_last_edited=\u00a0\u00bbon|phone\u00a0\u00bb _builder_version=\u00a0\u00bb4.27.4&Prime; _module_preset=\u00a0\u00bbdefault\u00a0\u00bb text_font=\u00a0\u00bb|600|||||||\u00a0\u00bb text_text_color=\u00a0\u00bb#FFFFFF\u00a0\u00bb header_3_font=\u00a0\u00bb|700|||||||\u00a0\u00bb header_3_text_color=\u00a0\u00bb#FFFFFF\u00a0\u00bb custom_margin=\u00a0\u00bb30px||||false|false\u00a0\u00bb global_colors_info=\u00a0\u00bb{}\u00a0\u00bb]<\/p>\n<h3>Business hours<\/h3>\n<p>[\/et_pb_text][et_pb_text content_tablet=\u00a0\u00bb<\/p>\n<h3 style=\"%22text-align:\" center;%22>Useful links<\/h3>\n<p style=\"%22text-align:\" center;%22>\n<p style=\"%22text-align:\" center;%22>ABOUT<\/p>\n<p style=\"%22text-align:\" center;%22>PRODUCTS<\/p>\n<p style=\"%22text-align:\" center;%22>TERMS AND CONDITIONS<\/p>\n<p style=\"%22text-align:\" center;%22>PRIVACY POLICY<\/p>\n<p>\u00a0\u00bb content_phone=\u00a0\u00bb<\/p>\n<h3 style=\"%22text-align:\" center;%22>Useful links<\/h3>\n<\/p>\n<p style=\"%22text-align:\" center;%22>ABOUT<\/p>\n<p style=\"%22text-align:\" center;%22>PRODUCTS<\/p>\n<p style=\"%22text-align:\" center;%22>TERMS AND CONDITIONS<\/p>\n<p style=\"%22text-align:\" center;%22>PRIVACY POLICY<\/p>\n<p>\u00a0\u00bb content_last_edited=\u00a0\u00bbon|phone\u00a0\u00bb _builder_version=\u00a0\u00bb4.27.4&Prime; _module_preset=\u00a0\u00bbdefault\u00a0\u00bb text_font=\u00a0\u00bb|600|||||||\u00a0\u00bb text_text_color=\u00a0\u00bb#FFFFFF\u00a0\u00bb header_3_font=\u00a0\u00bb|700|||||||\u00a0\u00bb header_3_text_color=\u00a0\u00bb#FFFFFF\u00a0\u00bb custom_margin=\u00a0\u00bb30px||||false|false\u00a0\u00bb global_colors_info=\u00a0\u00bb{}\u00a0\u00bb]<\/p>\n<p>Monday\u2026\u2026\u2026\u2026\u2026\u2026\u2026\u2026\u2026\u2026\u2026. 8 h \u2013 16 h<\/p>\n<p>Tuesday\u2026\u2026\u2026\u2026\u2026\u2026\u2026\u2026\u2026\u2026\u2026. 8 h \u2013 16 h<\/p>\n<p>Wednesday\u2026\u2026\u2026\u2026\u2026\u2026\u2026\u2026\u2026.. 8 h \u2013 16 h<\/p>\n<p>Thursday\u2026\u2026\u2026\u2026\u2026\u2026\u2026\u2026\u2026\u2026\u2026.. 8 h \u2013 16 h<\/p>\n<p>Friday\u2026\u2026\u2026\u2026\u2026\u2026\u2026\u2026\u2026.. 8 h \u2013 16 h<\/p>\n<p>[\/et_pb_text][\/et_pb_column][et_pb_column type=\u00a0\u00bb1_3&Prime; _builder_version=\u00a0\u00bb4.16&Prime; _module_preset=\u00a0\u00bbdefault\u00a0\u00bb global_colors_info=\u00a0\u00bb{}\u00a0\u00bb][et_pb_text content_tablet=\u00a0\u00bb<\/p>\n<h3 style=\"%22text-align:\" center;%22>Newsletter<\/h3>\n<p>\u00a0\u00bb content_phone=\u00a0\u00bb<\/p>\n<h3 style=\"%22text-align:\" center;%22>Useful links<\/h3>\n<\/p>\n<p style=\"%22text-align:\" center;%22>ABOUT<\/p>\n<p style=\"%22text-align:\" center;%22>PRODUCTS<\/p>\n<p style=\"%22text-align:\" center;%22>TERMS AND CONDITIONS<\/p>\n<p style=\"%22text-align:\" center;%22>PRIVACY POLICY<\/p>\n<p>\u00a0\u00bb content_last_edited=\u00a0\u00bbon|phone\u00a0\u00bb _builder_version=\u00a0\u00bb4.27.4&Prime; _module_preset=\u00a0\u00bbdefault\u00a0\u00bb text_font=\u00a0\u00bb|600|||||||\u00a0\u00bb text_text_color=\u00a0\u00bb#FFFFFF\u00a0\u00bb header_3_font=\u00a0\u00bb|700|||||||\u00a0\u00bb header_3_text_color=\u00a0\u00bb#FFFFFF\u00a0\u00bb custom_margin=\u00a0\u00bb30px||||false|false\u00a0\u00bb global_colors_info=\u00a0\u00bb{}\u00a0\u00bb]<\/p>\n<h3>NEWSLETTER<\/h3>\n<p>[\/et_pb_text][et_pb_code raw_content_tablet=\u00a0\u00bb\u00a0\u00bb raw_content_phone=\u00a0\u00bb\u00a0\u00bb raw_content_last_edited=\u00a0\u00bbon|phone\u00a0\u00bb _builder_version=\u00a0\u00bb4.27.4&Prime; _module_preset=\u00a0\u00bbdefault\u00a0\u00bb global_colors_info=\u00a0\u00bb{}\u00a0\u00bb][\/et_pb_code][\/et_pb_column][\/et_pb_row][et_pb_row _builder_version=\u00a0\u00bb4.27.4&Prime; _module_preset=\u00a0\u00bbdefault\u00a0\u00bb width=\u00a0\u00bb100%\u00a0\u00bb max_width=\u00a0\u00bb1500px\u00a0\u00bb global_colors_info=\u00a0\u00bb{}\u00a0\u00bb][et_pb_column type=\u00a0\u00bb4_4&Prime; _builder_version=\u00a0\u00bb4.27.4&Prime; _module_preset=\u00a0\u00bbdefault\u00a0\u00bb global_colors_info=\u00a0\u00bb{}\u00a0\u00bb][\/et_pb_column][\/et_pb_row][\/et_pb_section]<\/p>","protected":false},"excerpt":{"rendered":"<p><div class=\"et_pb_with_border et_pb_module dipl_ajax_search dipl_ajax_search_0\">\n\t\t\t\t\n\t\t\t\t\n\t\t\t\t\n\t\t\t\t\n\t\t\t\t\n\t\t\t\t\n\t\t\t\t<div class=\"et_pb_module_inner\">\n\t\t\t\t\t<div class=\"dipl_ajax_search_wrap\">\n\t\t\t\t<div class=\"dipl_ajax_search_field_wrap dipl_ajax_search_icon\">\n\t\t\t\t\t<input type=\"search\" placeholder=\"Search products...\" class=\"dipl_ajax_search_field\"\n\t\t\t\t\t\tdata-search-in=\"post_title,post_content,post_excerpt\" data-search-post-type=\"product\" data-display-fields=\"title,excerpt,featured_image\" \n\t\t\t\t\t\tdata-url-new-window=\"off\" data-number-of-results=\"10\" data-no-result-text=\"No results found\" \n\t\t\t\t\t\tdata-orderby=\"post_date\" data-order=\"DESC\" data-use-masonry=\"off\"\n\t\t\t\t\t\tdata-exclude_protected_posts=\"off\"\n\t\t\t\t\t\/>\n\t\t\t\t\t<input type=\"hidden\" class=\"dipl_ajax_search_nonce\" value=\"712759415a\" \/>\n\t\t\t\t<\/div>\n\t\t\t\t<div class=\"dipl_ajax_search_results_wrap dipl_ajax_search_result_1_cols\"><\/div>\n\t\t\t<\/div>\n\t\t\t\t<\/div>\n\t\t\t<\/div><div class=\"et_pb_module dipl_separator dipl_separator_0\">\n\t\t\t\t\n\t\t\t\t\n\t\t\t\t\n\t\t\t\t\n\t\t\t\t\n\t\t\t\t\n\t\t\t\t<div class=\"et_pb_module_inner\">\n\t\t\t\t\t<div class=\"dipl_separator_container align_none\">\n\t\t\t\t\t\t\t\t\t<div class=\"dipl_line dipl_line_before\"><\/div>\n\t\t\t\t\t\t\t\t\t\t\n\t\t\t\t\t\t\t\t\t\t\n\t\t\t\t\t\t\t\t\t\t\n\t\t\t\t\t\t\t\t\t<div class=\"dipl_line dipl_line_after\"><\/div>\n\t\t\t\t\t\t\t\t<\/div>\n\t\t\t\t<\/div>\n\t\t\t<\/div>Coordonn\u00e9esinfo@x-plod.caHeures d&rsquo;ouverturesLundi&#8230;&#8230;&#8230;&#8230;&#8230;&#8230;&#8230;&#8230;&#8230;&#8230;&#8230;. 8 h &#8211; 16 h Mardi&#8230;&#8230;&#8230;&#8230;&#8230;&#8230;&#8230;&#8230;&#8230;&#8230;&#8230;. 8 h &#8211; 16 h Mercredi&#8230;&#8230;&#8230;&#8230;&#8230;&#8230;&#8230;&#8230;&#8230;.. 8 h &#8211; 16 h Jeudi&#8230;&#8230;&#8230;&#8230;&#8230;&#8230;&#8230;&#8230;&#8230;&#8230;&#8230;.. 8 h &#8211; 16 h Vendredi&#8230;&#8230;&#8230;&#8230;&#8230;&#8230;&#8230;&#8230;&#8230;.. 8 h &#8211; 16 hINFOLETTRE<\/p>","protected":false},"author":1,"featured_media":0,"parent":0,"menu_order":0,"comment_status":"closed","ping_status":"closed","template":"","meta":{"_et_pb_use_builder":"on","_et_pb_old_content":"","_et_gb_content_width":"795","footnotes":""},"class_list":["post-7","page","type-page","status-publish","hentry"],"_links":{"self":[{"href":"https:\/\/x-plod.ca\/en\/wp-json\/wp\/v2\/pages\/7","targetHints":{"allow":["GET"]}}],"collection":[{"href":"https:\/\/x-plod.ca\/en\/wp-json\/wp\/v2\/pages"}],"about":[{"href":"https:\/\/x-plod.ca\/en\/wp-json\/wp\/v2\/types\/page"}],"author":[{"embeddable":true,"href":"https:\/\/x-plod.ca\/en\/wp-json\/wp\/v2\/users\/1"}],"replies":[{"embeddable":true,"href":"https:\/\/x-plod.ca\/en\/wp-json\/wp\/v2\/comments?post=7"}],"version-history":[{"count":3,"href":"https:\/\/x-plod.ca\/en\/wp-json\/wp\/v2\/pages\/7\/revisions"}],"predecessor-version":[{"id":101546,"href":"https:\/\/x-plod.ca\/en\/wp-json\/wp\/v2\/pages\/7\/revisions\/101546"}],"wp:attachment":[{"href":"https:\/\/x-plod.ca\/en\/wp-json\/wp\/v2\/media?parent=7"}],"curies":[{"name":"wp","href":"https:\/\/api.w.org\/{rel}","templated":true}]}}