{"id":100203,"date":"2024-12-20T13:35:55","date_gmt":"2024-12-20T13:35:55","guid":{"rendered":"https:\/\/x-plod.ca\/?page_id=100203"},"modified":"2026-04-29T14:25:12","modified_gmt":"2026-04-29T14:25:12","slug":"support","status":"publish","type":"page","link":"https:\/\/x-plod.ca\/en\/support\/","title":{"rendered":"Support"},"content":{"rendered":"<p>[et_pb_section fb_built=\u00a0\u00bb1&Prime; _builder_version=\u00a0\u00bb4.27.4&Prime; _module_preset=\u00a0\u00bbdefault\u00a0\u00bb global_colors_info=\u00a0\u00bb{}\u00a0\u00bb][et_pb_row column_structure=\u00a0\u00bb1_2,1_2&Prime; _builder_version=\u00a0\u00bb4.27.4&Prime; _module_preset=\u00a0\u00bbdefault\u00a0\u00bb width=\u00a0\u00bb100%\u00a0\u00bb max_width=\u00a0\u00bb1500px\u00a0\u00bb global_colors_info=\u00a0\u00bb{}\u00a0\u00bb][et_pb_column type=\u00a0\u00bb1_2&Prime; _builder_version=\u00a0\u00bb4.27.4&Prime; _module_preset=\u00a0\u00bbdefault\u00a0\u00bb global_colors_info=\u00a0\u00bb{}\u00a0\u00bb][et_pb_text _builder_version=\u00a0\u00bb4.27.4&Prime; _module_preset=\u00a0\u00bbdefault\u00a0\u00bb text_text_color=\u00a0\u00bb#000000&Prime; text_font_size=\u00a0\u00bb16px\u00a0\u00bb global_colors_info=\u00a0\u00bb{}\u00a0\u00bb]<\/p>\n<h1><strong>Support<\/strong><\/h1>\n<p>You will find in this section the form to fill out for any service or parts request.<\/p>\n<p>In order to fully understand your request we ask you to provide us with as many photos and videos as possible. We will take care of your request as soon as you submit it.<\/p>\n<p>For any other request you can write to <span style=\"color: #800000;\"><u>service@x-plod.ca<\/u><\/span><\/p>\n<p>[\/et_pb_text][\/et_pb_column][et_pb_column type=\u00a0\u00bb1_2&Prime; _builder_version=\u00a0\u00bb4.27.4&Prime; _module_preset=\u00a0\u00bbdefault\u00a0\u00bb global_colors_info=\u00a0\u00bb{}\u00a0\u00bb][et_pb_text _builder_version=\u00a0\u00bb4.27.4&Prime; _module_preset=\u00a0\u00bbdefault\u00a0\u00bb global_colors_info=\u00a0\u00bb{}\u00a0\u00bb]<\/p>\n<h1>Support form<\/h1>\n<p>[\/et_pb_text][et_pb_contact_form email=\u00a0\u00bbserviceclient.x-plod@oliem54-oliem-solutions.odoo.com\u00a0\u00bb custom_message=\u00a0\u00bbUn nouveau formulaire a \u00e9t\u00e9 rempli sur le site Web X-PLOD.CA pour une demande de support||et_pb_line_break_holder||||et_pb_line_break_holder||Nom : %%Nom%%||et_pb_line_break_holder||T\u00e9l\u00e9phone : %%Telephone%%||et_pb_line_break_holder||Adresse : %%Adresse%%||et_pb_line_break_holder||Adresse courriel : %%Courriel%%||et_pb_line_break_holder||Chez quel redenveur il a fait l&rsquo;achat : %%Achat_revendeur%%||et_pb_line_break_holder||Date d&rsquo;achat : %%Date_achat%%||et_pb_line_break_holder||Num\u00e9ro de s\u00e9rie : %%Numero_serie%%||et_pb_line_break_holder||Type de batterie : %%typebatterie%%||et_pb_line_break_holder||Description d\u00e9taill\u00e9e de la demande : %%Description_demande%%||et_pb_line_break_holder||\u00a0\u00bb success_message=\u00a0\u00bb<\/p>\n<p>Votre demande a \u00e9t\u00e9 envoy\u00e9e.<\/p>\n<p>\u00a0\u00bb submit_button_text=\u00a0\u00bbEnvoyer la demande\u00a0\u00bb _builder_version=\u00a0\u00bb4.27.5&Prime; _module_preset=\u00a0\u00bbdefault\u00a0\u00bb _unique_id=\u00a0\u00bb9a22e806-6fc2-4064-9834-617100811a76&Prime; form_field_background_color=\u00a0\u00bb#FFFFFF\u00a0\u00bb form_field_text_color=\u00a0\u00bb#000000&Prime; form_field_focus_background_color=\u00a0\u00bb#FFFFFF\u00a0\u00bb form_field_focus_text_color=\u00a0\u00bb#000000&Prime; form_field_custom_padding=\u00a0\u00bb14px|20px|14px|20px|true|true\u00a0\u00bb form_field_font_size=\u00a0\u00bb16px\u00a0\u00bb custom_button=\u00a0\u00bbon\u00a0\u00bb button_text_size=\u00a0\u00bb16px\u00a0\u00bb button_text_color=\u00a0\u00bb#FFFFFF\u00a0\u00bb button_bg_color=\u00a0\u00bb#CC192D\u00a0\u00bb button_border_width=\u00a0\u00bb0px\u00a0\u00bb button_border_color=\u00a0\u00bb#FFFFFF\u00a0\u00bb button_border_radius=\u00a0\u00bb8px\u00a0\u00bb button_use_icon=\u00a0\u00bboff\u00a0\u00bb button_custom_margin=\u00a0\u00bb20px||||false|false\u00a0\u00bb button_custom_padding=\u00a0\u00bb10px|16px|10px|16px|true|true\u00a0\u00bb hover_enabled=\u00a0\u00bb0&Prime; admin_email_subject=\u00a0\u00bbX-PLOD &#8211; Service apr\u00e8s vente %%Nom%%\u00a0\u00bb admin_email_bcc=\u00a0\u00bbinfo@x-plod.ca\u00a0\u00bb use_confirmation_email=\u00a0\u00bbon\u00a0\u00bb confirmation_email_field_id=\u00a0\u00bbCouriel\u00a0\u00bb confirmation_email_subject=\u00a0\u00bbConfirmation &#8211; demande de support via X-PLOD.CA\u00a0\u00bb confirmation_email_from_name=\u00a0\u00bbX-PLOD.CA\u00a0\u00bb confirmation_email_from=\u00a0\u00bbservice@x-plod.ca\u00a0\u00bb confirmation_replyto_address=\u00a0\u00bbservice@x-plod.ca\u00a0\u00bb confirmation_email_message=\u00a0\u00bbBonjour,<br \/>\nVotre demande de support a \u00e9t\u00e9 envoy\u00e9 au service.<br \/>\nUn repr\u00e9sentant vous contactera sous peu<\/p>\n<p>Merci<br \/>\nBonne journ\u00e9e\u00a0\u00bb submit_button_wait_text=\u00a0\u00bbVeuillez patienter pendant l&rsquo;envoi&#8230;\u00a0\u00bb use_success_button=\u00a0\u00bbon\u00a0\u00bb success_button_text=\u00a0\u00bbRetour \u00e0 l&rsquo;accueil\u00a0\u00bb success_button_type=\u00a0\u00bbpage\u00a0\u00bb success_button_page=\u00a0\u00bb92243&Prime; field_label_color=\u00a0\u00bb#000000&Prime; file_button_font=\u00a0\u00bb|600|||||||\u00a0\u00bb file_button_color=\u00a0\u00bb#FFFFFF\u00a0\u00bb file_button_size=\u00a0\u00bb14px\u00a0\u00bb file_button_border_color=\u00a0\u00bb#FFFFFF\u00a0\u00bb border_radii=\u00a0\u00bbon|8px|8px|8px|8px\u00a0\u00bb border_width_all=\u00a0\u00bb1px\u00a0\u00bb border_color_all=\u00a0\u00bb#dddddd\u00a0\u00bb locked=\u00a0\u00bboff\u00a0\u00bb global_colors_info=\u00a0\u00bb{}\u00a0\u00bb custom_css_contact_button_last_edited=\u00a0\u00bbon|phone\u00a0\u00bb custom_css_contact_button_phone=\u00a0\u00bbmargin-bottom: 20px;\u00a0\u00bb button_bg_color__hover_enabled=\u00a0\u00bbon|hover\u00a0\u00bb button_bg_color__hover=\u00a0\u00bb#000000&Prime; button_bg_enable_color__hover=\u00a0\u00bbon\u00a0\u00bb custom_css_contact_button_tablet=\u00a0\u00bbline-height: 1.3 !important;\u00a0\u00bb button_text_color__hover_enabled=\u00a0\u00bbon|hover\u00a0\u00bb button_text_color__hover=\u00a0\u00bb#FFFFFF\u00a0\u00bb admin_email_cc=\u00a0\u00bbservice@x-plod.ca\u00a0\u00bb sticky_enabled=\u00a0\u00bb0&Prime;][et_pb_contact_field field_id=\u00a0\u00bbNom\u00a0\u00bb field_title=\u00a0\u00bbNom complet au dossier\u00a0\u00bb _builder_version=\u00a0\u00bb4.27.4&Prime; global_colors_info=\u00a0\u00bb{}\u00a0\u00bb button_text_size__hover_enabled=\u00a0\u00bboff\u00a0\u00bb button_one_text_size__hover_enabled=\u00a0\u00bboff\u00a0\u00bb button_two_text_size__hover_enabled=\u00a0\u00bboff\u00a0\u00bb button_text_color__hover_enabled=\u00a0\u00bboff\u00a0\u00bb button_one_text_color__hover_enabled=\u00a0\u00bboff\u00a0\u00bb button_two_text_color__hover_enabled=\u00a0\u00bboff\u00a0\u00bb button_border_width__hover_enabled=\u00a0\u00bboff\u00a0\u00bb button_one_border_width__hover_enabled=\u00a0\u00bboff\u00a0\u00bb button_two_border_width__hover_enabled=\u00a0\u00bboff\u00a0\u00bb button_border_color__hover_enabled=\u00a0\u00bboff\u00a0\u00bb button_one_border_color__hover_enabled=\u00a0\u00bboff\u00a0\u00bb button_two_border_color__hover_enabled=\u00a0\u00bboff\u00a0\u00bb button_border_radius__hover_enabled=\u00a0\u00bboff\u00a0\u00bb button_one_border_radius__hover_enabled=\u00a0\u00bboff\u00a0\u00bb button_two_border_radius__hover_enabled=\u00a0\u00bboff\u00a0\u00bb button_letter_spacing__hover_enabled=\u00a0\u00bboff\u00a0\u00bb button_one_letter_spacing__hover_enabled=\u00a0\u00bboff\u00a0\u00bb button_two_letter_spacing__hover_enabled=\u00a0\u00bboff\u00a0\u00bb button_bg_color__hover_enabled=\u00a0\u00bboff\u00a0\u00bb button_one_bg_color__hover_enabled=\u00a0\u00bboff\u00a0\u00bb button_two_bg_color__hover_enabled=\u00a0\u00bboff\u00a0\u00bb][\/et_pb_contact_field][et_pb_contact_field field_id=\u00a0\u00bbTelephone\u00a0\u00bb field_title=\u00a0\u00bbT\u00e9l\u00e9phone\u00a0\u00bb _builder_version=\u00a0\u00bb4.27.4&Prime; _module_preset=\u00a0\u00bbdefault\u00a0\u00bb global_colors_info=\u00a0\u00bb{}\u00a0\u00bb][\/et_pb_contact_field][et_pb_contact_field field_id=\u00a0\u00bbAdresse\u00a0\u00bb field_title=\u00a0\u00bbAdresse\u00a0\u00bb _builder_version=\u00a0\u00bb4.27.4&Prime; _module_preset=\u00a0\u00bbdefault\u00a0\u00bb global_colors_info=\u00a0\u00bb{}\u00a0\u00bb][\/et_pb_contact_field][et_pb_contact_field field_id=\u00a0\u00bbCourriel\u00a0\u00bb field_title=\u00a0\u00bbCourriel\u00a0\u00bb field_type=\u00a0\u00bbemail\u00a0\u00bb _builder_version=\u00a0\u00bb4.27.4&Prime; global_colors_info=\u00a0\u00bb{}\u00a0\u00bb button_text_size__hover_enabled=\u00a0\u00bboff\u00a0\u00bb button_one_text_size__hover_enabled=\u00a0\u00bboff\u00a0\u00bb button_two_text_size__hover_enabled=\u00a0\u00bboff\u00a0\u00bb button_text_color__hover_enabled=\u00a0\u00bboff\u00a0\u00bb button_one_text_color__hover_enabled=\u00a0\u00bboff\u00a0\u00bb button_two_text_color__hover_enabled=\u00a0\u00bboff\u00a0\u00bb button_border_width__hover_enabled=\u00a0\u00bboff\u00a0\u00bb button_one_border_width__hover_enabled=\u00a0\u00bboff\u00a0\u00bb button_two_border_width__hover_enabled=\u00a0\u00bboff\u00a0\u00bb button_border_color__hover_enabled=\u00a0\u00bboff\u00a0\u00bb button_one_border_color__hover_enabled=\u00a0\u00bboff\u00a0\u00bb button_two_border_color__hover_enabled=\u00a0\u00bboff\u00a0\u00bb button_border_radius__hover_enabled=\u00a0\u00bboff\u00a0\u00bb button_one_border_radius__hover_enabled=\u00a0\u00bboff\u00a0\u00bb button_two_border_radius__hover_enabled=\u00a0\u00bboff\u00a0\u00bb button_letter_spacing__hover_enabled=\u00a0\u00bboff\u00a0\u00bb button_one_letter_spacing__hover_enabled=\u00a0\u00bboff\u00a0\u00bb button_two_letter_spacing__hover_enabled=\u00a0\u00bboff\u00a0\u00bb button_bg_color__hover_enabled=\u00a0\u00bboff\u00a0\u00bb button_one_bg_color__hover_enabled=\u00a0\u00bboff\u00a0\u00bb button_two_bg_color__hover_enabled=\u00a0\u00bboff\u00a0\u00bb][\/et_pb_contact_field][et_pb_contact_field field_id=\u00a0\u00bbtypebatterie\u00a0\u00bb field_title=\u00a0\u00bbType de batterie\u00a0\u00bb field_type=\u00a0\u00bbselect\u00a0\u00bb select_options=\u00a0\u00bb%91{%22value%22:%22Acide%22,%22checked%22:1,%22dragID%22:-1},{%22value%22:%22Lithium%22,%22checked%22:0,%22dragID%22:0}%93&Prime; _builder_version=\u00a0\u00bb4.27.4&Prime; _module_preset=\u00a0\u00bbdefault\u00a0\u00bb global_colors_info=\u00a0\u00bb{}\u00a0\u00bb][\/et_pb_contact_field][et_pb_contact_field field_id=\u00a0\u00bbDate_achat\u00a0\u00bb field_title=\u00a0\u00bbDate d&rsquo;achat (mm\/jj\/aaaa)\u00a0\u00bb _builder_version=\u00a0\u00bb4.27.4&Prime; _module_preset=\u00a0\u00bbdefault\u00a0\u00bb global_colors_info=\u00a0\u00bb{}\u00a0\u00bb][\/et_pb_contact_field][et_pb_contact_field field_id=\u00a0\u00bbAchat_revendeur\u00a0\u00bb field_title=\u00a0\u00bbChez quel revendeur avez-vous fait l&rsquo;achat ?\u00a0\u00bb fullwidth_field=\u00a0\u00bbon\u00a0\u00bb _builder_version=\u00a0\u00bb4.27.4&Prime; _module_preset=\u00a0\u00bbdefault\u00a0\u00bb global_colors_info=\u00a0\u00bb{}\u00a0\u00bb][\/et_pb_contact_field][et_pb_contact_field field_id=\u00a0\u00bbNumero_serie\u00a0\u00bb field_title=\u00a0\u00bbNum\u00e9ro de s\u00e9rie du v\u00e9hicule ou num\u00e9ro service X-Plod\u00a0\u00bb fullwidth_field=\u00a0\u00bbon\u00a0\u00bb _builder_version=\u00a0\u00bb4.27.4&Prime; _module_preset=\u00a0\u00bbdefault\u00a0\u00bb global_colors_info=\u00a0\u00bb{}\u00a0\u00bb][\/et_pb_contact_field][et_pb_contact_field field_id=\u00a0\u00bbcustom_file_upload1&Prime; field_title=\u00a0\u00bbT\u00e9l\u00e9charger la facture\u00a0\u00bb required_mark=\u00a0\u00bboff\u00a0\u00bb _builder_version=\u00a0\u00bb4.27.4&Prime; _module_preset=\u00a0\u00bbdefault\u00a0\u00bb form_field_background_color=\u00a0\u00bbRGBA(255,255,255,0)\u00a0\u00bb form_field_text_color=\u00a0\u00bb#000000&Prime; form_field_focus_text_color=\u00a0\u00bb#19191A\u00a0\u00bb form_field_font=\u00a0\u00bb|600|||||||\u00a0\u00bb use_field_label=\u00a0\u00bbon\u00a0\u00bb field_placeholder=\u00a0\u00bbT\u00e9l\u00e9chargement de la facture d\u2019achat\u00a0\u00bb field_description=\u00a0\u00bbT\u00e9l\u00e9chargement de la facture d\u2019achat\u00a0\u00bb use_file_upload=\u00a0\u00bbon\u00a0\u00bb file_size=\u00a0\u00bb512000&Prime; files_limit=\u00a0\u00bb3&Prime; file_mime=\u00a0\u00bbon|on|on|on|on|on|off|off|off|off|off|off|off|off|off|off|off|off|off|off|off|off|off|on|off|off|off|off|off|off|off|off|off|off|off|off|off|off|off|off|off|off|off|off|off|off|off|off|on|off|on|on|off|on|on|off|off|on|off|off|off|off|off|on|off|off|off|off|off|off|off|off|off|off|off|off|off|off|off|off|off|off|off|off|off|off|off|off|off|off|off|off|off|off|off|off|off\u00a0\u00bb sp_background_color=\u00a0\u00bbRGBA(255,255,255,0)\u00a0\u00bb global_colors_info=\u00a0\u00bb{}\u00a0\u00bb][\/et_pb_contact_field][et_pb_contact_field field_id=\u00a0\u00bbcustom_file_upload2&Prime; field_title=\u00a0\u00bbTransmettre la photo du # de s\u00e9rie\u00a0\u00bb _builder_version=\u00a0\u00bb4.27.4&Prime; _module_preset=\u00a0\u00bbdefault\u00a0\u00bb form_field_background_color=\u00a0\u00bbRGBA(255,255,255,0)\u00a0\u00bb form_field_text_color=\u00a0\u00bb#000000&Prime; form_field_focus_text_color=\u00a0\u00bb#19191A\u00a0\u00bb form_field_font=\u00a0\u00bb|600|||||||\u00a0\u00bb use_field_label=\u00a0\u00bbon\u00a0\u00bb field_placeholder=\u00a0\u00bbT\u00e9l\u00e9charger photos du num\u00e9ro de s\u00e9rie du v\u00e9hicule situer derri\u00e8re la roue avant gauche\u00a0\u00bb field_description=\u00a0\u00bbT\u00e9l\u00e9charger photos du num\u00e9ro de s\u00e9rie du v\u00e9hicule situer derri\u00e8re la roue avant gauche\u00a0\u00bb use_file_upload=\u00a0\u00bbon\u00a0\u00bb file_size=\u00a0\u00bb512000&Prime; files_limit=\u00a0\u00bb3&Prime; file_mime=\u00a0\u00bbon|on|on|on|on|off|off|off|off|off|off|off|off|off|off|off|off|off|off|off|off|off|off|on|off|off|off|off|off|off|off|off|off|off|off|off|off|off|off|off|off|off|off|off|off|off|off|off|on|off|on|on|off|on|on|off|off|on|off|off|off|off|off|on|off|off|off|off|off|off|off|off|off|off|off|off|off|off|off|off|off|off|off|off|off|off|off|off|off|off|off|off|off|off|off|off|off\u00a0\u00bb sp_background_color=\u00a0\u00bbRGBA(255,255,255,0)\u00a0\u00bb global_colors_info=\u00a0\u00bb{}\u00a0\u00bb][\/et_pb_contact_field][et_pb_contact_field field_id=\u00a0\u00bbcustom_file_upload3&Prime; field_title=\u00a0\u00bbChoisir le fichier\u00a0\u00bb fullwidth_field=\u00a0\u00bbon\u00a0\u00bb _builder_version=\u00a0\u00bb4.27.4&Prime; _module_preset=\u00a0\u00bbdefault\u00a0\u00bb form_field_background_color=\u00a0\u00bbRGBA(255,255,255,0)\u00a0\u00bb form_field_text_color=\u00a0\u00bb#000000&Prime; form_field_focus_text_color=\u00a0\u00bb#19191A\u00a0\u00bb form_field_font=\u00a0\u00bb|600|||||||\u00a0\u00bb use_field_label=\u00a0\u00bbon\u00a0\u00bb field_placeholder=\u00a0\u00bbT\u00e9l\u00e9chargement des photos ou vid\u00e9o du probl\u00e8me\u00a0\u00bb field_description=\u00a0\u00bbT\u00e9l\u00e9chargement des photos ou vid\u00e9o du probl\u00e8me\u00a0\u00bb use_file_upload=\u00a0\u00bbon\u00a0\u00bb file_size=\u00a0\u00bb512000&Prime; files_limit=\u00a0\u00bb3&Prime; file_mime=\u00a0\u00bbon|on|on|on|on|on|on|off|off|off|off|off|off|on|on|off|on|off|off|on|on|on|on|on|on|on|on|off|off|off|off|off|off|off|off|off|on|off|off|on|off|off|on|on|off|off|off|off|on|off|on|on|on|on|off|off|off|off|off|off|off|off|off|off|off|off|off|off|off|off|off|off|off|off|off|off|off|off|off|off|off|off|off|off|off|off|off|off|off|off|off|off|off|off|off|off|off\u00a0\u00bb sp_background_color=\u00a0\u00bbRGBA(255,255,255,0)\u00a0\u00bb global_colors_info=\u00a0\u00bb{}\u00a0\u00bb][\/et_pb_contact_field][et_pb_contact_field field_id=\u00a0\u00bbDescription_demande\u00a0\u00bb field_title=\u00a0\u00bbDescription d\u00e9taill\u00e9e de la demande\u00a0\u00bb field_type=\u00a0\u00bbtext\u00a0\u00bb fullwidth_field=\u00a0\u00bbon\u00a0\u00bb _builder_version=\u00a0\u00bb4.27.4&Prime; _module_preset=\u00a0\u00bbdefault\u00a0\u00bb global_colors_info=\u00a0\u00bb{}\u00a0\u00bb][\/et_pb_contact_field][\/et_pb_contact_form][\/et_pb_column][\/et_pb_row][\/et_pb_section]<\/p>","protected":false},"excerpt":{"rendered":"<p>Support Vous trouverez dans cette section le formulaire \u00e0 remplir pour tout demande de service ou pi\u00e8ces. Afin de bien comprendre votre demande nous vous demandons de nous fournir le plus de photos et vid\u00e9o possible. Notre prendra en charge votre demande aussit\u00f4t votre demande soumise. Pour toute autre demande vous pouvez \u00e9crire \u00e0 service@x-plod.caFormulaire [&hellip;]<\/p>","protected":false},"author":1,"featured_media":0,"parent":0,"menu_order":0,"comment_status":"closed","ping_status":"closed","template":"","meta":{"_et_pb_use_builder":"on","_et_pb_old_content":"","_et_gb_content_width":"","footnotes":""},"class_list":["post-100203","page","type-page","status-publish","hentry"],"_links":{"self":[{"href":"https:\/\/x-plod.ca\/en\/wp-json\/wp\/v2\/pages\/100203","targetHints":{"allow":["GET"]}}],"collection":[{"href":"https:\/\/x-plod.ca\/en\/wp-json\/wp\/v2\/pages"}],"about":[{"href":"https:\/\/x-plod.ca\/en\/wp-json\/wp\/v2\/types\/page"}],"author":[{"embeddable":true,"href":"https:\/\/x-plod.ca\/en\/wp-json\/wp\/v2\/users\/1"}],"replies":[{"embeddable":true,"href":"https:\/\/x-plod.ca\/en\/wp-json\/wp\/v2\/comments?post=100203"}],"version-history":[{"count":27,"href":"https:\/\/x-plod.ca\/en\/wp-json\/wp\/v2\/pages\/100203\/revisions"}],"predecessor-version":[{"id":102094,"href":"https:\/\/x-plod.ca\/en\/wp-json\/wp\/v2\/pages\/100203\/revisions\/102094"}],"wp:attachment":[{"href":"https:\/\/x-plod.ca\/en\/wp-json\/wp\/v2\/media?parent=100203"}],"curies":[{"name":"wp","href":"https:\/\/api.w.org\/{rel}","templated":true}]}}